
{"id":475,"date":"2016-12-02T00:00:53","date_gmt":"2016-12-02T02:00:53","guid":{"rendered":"http:\/\/143.107.61.17\/hracsite\/?page_id=475"},"modified":"2022-10-17T22:44:18","modified_gmt":"2022-10-18T01:44:18","slug":"links","status":"publish","type":"page","link":"https:\/\/hrac.usp.br\/es\/pesquisa\/links\/","title":{"rendered":"Links"},"content":{"rendered":"<p>Aqui, encontram-se links \u00fateis relacionados \u00e0s atividades da\u00a0<strong>Se\u00e7\u00e3o de Apoio \u00e0 Pesquisa do HRAC-USP<\/strong>.<\/p>\n<p style=\"padding-left: 30px;\"><span style=\"font-size: 16px;\"><strong>\u2022<\/strong> <a href=\"http:\/\/www.prp.usp.br\/\" target=\"_blank\" rel=\"noopener\">Site da <strong>Pr\u00f3-Reitoria de Pesquisa<\/strong><\/a><\/span><\/p>\n<p style=\"padding-left: 30px;\"><span style=\"font-size: 16px;\"><strong>\u2022<\/strong> <a href=\"http:\/\/inovacao.usp.br\/\" target=\"_blank\" rel=\"noopener\">Site da <strong>Ag\u00eancia USP de Inova\u00e7\u00e3o<\/strong><\/a><\/span><\/p>\n<p style=\"padding-left: 30px;\"><span style=\"font-size: 16px;\"><strong>\u2022<\/strong> <a href=\"http:\/\/buscaintegrada.usp.br\/\" target=\"_blank\" rel=\"noopener\">Portal\u00a0de <strong>Busca Integrada &#8211; SIBi-USP<\/strong><\/a><\/span><\/p>\n<p style=\"padding-left: 30px;\"><span style=\"font-size: 16px;\"><strong>\u2022<\/strong> <a href=\"http:\/\/uspdigital.usp.br\/tycho\/apresentacao.jsp\" target=\"_blank\" rel=\"noopener\">Sistema <strong>Tycho-USP<\/strong> (Sistema de apoio \u00e0 avalia\u00e7\u00e3o e a gest\u00e3o institucional da USP)<\/a><\/span><\/p>\n<p style=\"padding-left: 30px;\"><span style=\"font-size: 16px;\"><strong>\u2022<\/strong> <a href=\"http:\/\/conselho.saude.gov.br\/\" target=\"_blank\" rel=\"noopener\">Site do <strong>Conselho Nacional de Sa\u00fade\u00a0(CNS)<\/strong><\/a><\/span><\/p>\n<p style=\"padding-left: 30px;\"><span style=\"font-size: 16px;\"><strong>\u2022<\/strong> <a href=\"http:\/\/conselho.saude.gov.br\/web_comissoes\/conep\/\" target=\"_blank\" rel=\"noopener\">Site da\u00a0<strong>Comiss\u00e3o Nacional de \u00c9tica em Pesquisa\u00a0(CONEP)<\/strong><\/a><\/span><\/p>\n<p style=\"padding-left: 30px;\"><span style=\"font-size: 16px;\"><strong>\u2022<\/strong> <a href=\"http:\/\/lattes.cnpq.br\/web\/dgp\" target=\"_blank\" rel=\"noopener\"><strong>Diret\u00f3rio dos Grupos de Pesquisa no Brasil<\/strong>\u00a0(DGP-Lattes\/CNPq)<\/a><\/span><\/p>\n<p style=\"padding-left: 30px;\"><span style=\"font-size: 16px;\"><strong>\u2022<\/strong> <a href=\"http:\/\/plataformabrasil.saude.gov.br\/login.jsf\" target=\"_blank\" rel=\"noopener\">Site da <strong>Plataforma Brasil<\/strong><\/a><\/span><\/p>\n<p style=\"padding-left: 30px;\"><span style=\"font-size: 16px;\"><strong>\u2022<\/strong> <a href=\"http:\/\/www.ensaiosclinicos.gov.br\/\" target=\"_blank\" rel=\"noopener\">Site do\u00a0<strong>Portal Brasileiro para Registros de Ensaios Cl\u00ednicos (RBEC)<\/strong><\/a><\/span><\/p>\n<p style=\"padding-left: 30px;\"><span style=\"font-size: 16px;\"><strong>\u2022<\/strong> <a href=\"http:\/\/www.hhs.gov\/ohrp\/\" target=\"_blank\" rel=\"noopener\">Site do\u00a0<strong><em>Office for Human Research Protections (OHRP)<\/em><\/strong>, do Departamento de Sa\u00fade &amp; Servi\u00e7os Humanos (HHS) dos E.U.A.<\/a><\/span><\/p>\n<p style=\"padding-left: 30px;\"><span style=\"font-size: 16px;\"><strong>\u2022<\/strong> <a href=\"http:\/\/www.fapesp.br\/\" target=\"_blank\" rel=\"noopener\">Site da <strong>FAPESP &#8211;\u00a0Funda\u00e7\u00e3o de Amparo \u00e0 Pesquisa do Estado de S\u00e3o Paulo<\/strong><\/a><\/span><\/p>\n<p style=\"padding-left: 30px;\"><span style=\"font-size: 16px;\"><strong>\u2022<\/strong> <a href=\"http:\/\/cnpq.br\/\" target=\"_blank\" rel=\"noopener\">Portal\u00a0<strong>CNPq &#8211; Conselho Nacional de Desenvolvimento Cient\u00edfico e Tecnol\u00f3gico<\/strong><\/a><\/span><\/p>\n<p style=\"padding-left: 30px;\"><span style=\"font-size: 16px;\"><strong>\u2022<\/strong> <a href=\"http:\/\/www.anvisa.gov.br\/\" target=\"_blank\" rel=\"noopener\">Portal da <strong>ANVISA &#8211; Ag\u00eancia Nacional de Vigil\u00e2ncia Sanit\u00e1ria<\/strong><\/a><\/span><\/p>\n<p style=\"padding-left: 30px;\">\u00a0<\/p>\n","protected":false},"excerpt":{"rendered":"<p>Aqui, encontram-se links \u00fateis relacionados \u00e0s atividades da\u00a0Se\u00e7\u00e3o de Apoio \u00e0 Pesquisa do HRAC-USP. \u2022 Site da Pr\u00f3-Reitoria de Pesquisa<\/p>\n","protected":false},"author":1,"featured_media":0,"parent":417,"menu_order":12,"comment_status":"closed","ping_status":"closed","template":"","meta":{"colormag_page_container_layout":"no_sidebar_full_width","colormag_page_sidebar_layout":"no_sidebar","footnotes":"","_links_to":"","_links_to_target":""},"class_list":["post-475","page","type-page","status-publish","hentry"],"_links":{"self":[{"href":"https:\/\/hrac.usp.br\/es\/wp-json\/wp\/v2\/pages\/475","targetHints":{"allow":["GET"]}}],"collection":[{"href":"https:\/\/hrac.usp.br\/es\/wp-json\/wp\/v2\/pages"}],"about":[{"href":"https:\/\/hrac.usp.br\/es\/wp-json\/wp\/v2\/types\/page"}],"author":[{"embeddable":true,"href":"https:\/\/hrac.usp.br\/es\/wp-json\/wp\/v2\/users\/1"}],"replies":[{"embeddable":true,"href":"https:\/\/hrac.usp.br\/es\/wp-json\/wp\/v2\/comments?post=475"}],"version-history":[{"count":1,"href":"https:\/\/hrac.usp.br\/es\/wp-json\/wp\/v2\/pages\/475\/revisions"}],"predecessor-version":[{"id":35013,"href":"https:\/\/hrac.usp.br\/es\/wp-json\/wp\/v2\/pages\/475\/revisions\/35013"}],"up":[{"embeddable":true,"href":"https:\/\/hrac.usp.br\/es\/wp-json\/wp\/v2\/pages\/417"}],"wp:attachment":[{"href":"https:\/\/hrac.usp.br\/es\/wp-json\/wp\/v2\/media?parent=475"}],"curies":[{"name":"wp","href":"https:\/\/api.w.org\/{rel}","templated":true}]}}