
{"id":415,"date":"2023-11-07T10:00:52","date_gmt":"2023-11-07T13:00:52","guid":{"rendered":"http:\/\/143.107.61.17\/hracsite\/?page_id=415"},"modified":"2025-03-12T16:15:19","modified_gmt":"2025-03-12T19:15:19","slug":"links-importantes","status":"publish","type":"page","link":"https:\/\/hrac.usp.br\/es\/extensao\/links-importantes\/","title":{"rendered":"Links importantes"},"content":{"rendered":"<p class=\"qtranxs-available-languages-message qtranxs-available-languages-message-es\">Disculpa, pero esta entrada est\u00e1 disponible s\u00f3lo en <a href=\"https:\/\/hrac.usp.br\/pb\/wp-json\/wp\/v2\/pages\/415\" class=\"qtranxs-available-language-link qtranxs-available-language-link-pb\" title=\"Portugu\u00eas do Brasil\">Portugu\u00eas do Brasil<\/a>.<\/p><p><span style=\"color: #000000;\">Consulte abaixo <em>links<\/em> para outras p\u00e1ginas<em><strong><span style=\"color: black;\">\u00a0<\/span><\/strong><\/em>de interesse aos cursos de cultura e extens\u00e3o do HRAC-USP.\u00a0<\/span><\/p>\n<p>&nbsp;<\/p>\n<p><span style=\"color: #000000;\"><strong><span style=\"color: black;\">Universidade de S\u00e3o Paulo<\/span><\/strong><\/span><\/p>\n<p><strong>\u2022 <a href=\"http:\/\/prceu.usp.br\/\" target=\"_blank\" rel=\"noopener noreferrer\">Pr\u00f3-Reitoria de Cultura e Extens\u00e3o Universit\u00e1ria (PRCEU-USP)\u00a0<\/a><\/strong><\/p>\n<p><strong>\u2022 <a href=\"http:\/\/prceu.usp.br\/residenciamulti\/\" target=\"_blank\" rel=\"noopener noreferrer\">Comiss\u00e3o de Resid\u00eancia Multiprofissional em Sa\u00fade (COREMU-USP)<\/a><\/strong><\/p>\n<p><strong>\u2022 <a href=\"http:\/\/www.prp.usp.br\/\" target=\"_blank\" rel=\"noopener noreferrer\">Pr\u00f3-Reitoria de Pesquisa (PRP-USP)<\/a>\u00a0<\/strong><\/p>\n<p><strong>\u2022 <a href=\"http:\/\/www.teses.usp.br\/\" target=\"_blank\" rel=\"noopener noreferrer\">Biblioteca Digital de Teses e Disserta\u00e7\u00f5es\u00a0<\/a><\/strong><\/p>\n<p><strong>\u2022 <a href=\"http:\/\/uspdigital.usp.br\/apolo\/\" target=\"_blank\" rel=\"noopener noreferrer\">Sistema Apolo <\/a><\/strong>(Sistemas Digitais USP)<\/p>\n<p>&nbsp;<\/p>\n<p><span style=\"color: #000000;\"><strong><span style=\"color: black;\">Minist\u00e9rio da Educa\u00e7\u00e3o<\/span><\/strong><\/span><\/p>\n<p><strong>\u2022 <a href=\"https:\/\/www.gov.br\/mec\/pt-br\/residencia-medica\" target=\"_blank\" rel=\"noopener\">Resid\u00eancia M\u00e9dica<\/a><\/strong><\/p>\n<p><strong>\u2022 <a href=\"https:\/\/www.gov.br\/mec\/pt-br\/residenciamultiprofissional\" target=\"_blank\" rel=\"noopener\">Resid\u00eancia em \u00c1rea Profissional da Sa\u00fade<\/a><\/strong><\/p>\n<p>&nbsp;<\/p>\n<p><span style=\"color: #000000;\"><strong><span style=\"color: black;\">Minist\u00e9rio da Sa\u00fade<\/span><\/strong><\/span><\/p>\n<p><strong>\u2022 <a href=\"https:\/\/sigresidencias.saude.gov.br\/\" target=\"_blank\" rel=\"noopener\">SIG Resid\u00eancias<\/a><\/strong> (sistema de gerenciamento de bolsas dos programas de resid\u00eancia)<\/p>\n<hr \/>\n<p>&nbsp;<\/p>\n<p><span style=\"font-size: 16px;\"><strong><span style=\"font-size: 20px;\">Se\u00e7\u00e3o de Apoio Acad\u00eamico \u2022 HRAC-USP<\/span> <\/strong><\/span> <br \/>\n<strong>atendimento:<\/strong> <span style=\"color: #000000;\">segunda a sexta-feira, das 8h \u00e0s 12h e das 13h30 \u00e0s 17h <span style=\"font-size: 14px;\"><em>(exceto pontes e feriados)<\/em><\/span><\/span><strong><br \/>\ncontato: <\/strong><span style=\"color: #000000;\">saac@usp.br \u2022 <\/span><span style=\"color: #000000;\">(14) 3235-8420<\/span><strong><br \/>\n<\/strong><strong>endere\u00e7o:<\/strong><span style=\"color: #000000;\"> rua S\u00edlvio Marchione, 3-20 \u2022 Vila Universit\u00e1ria \u2022 CEP 17012-900 \u2022 Bauru-SP<\/span><\/p>","protected":false},"excerpt":{"rendered":"<p>Disculpa, pero esta entrada est\u00e1 disponible s\u00f3lo en Portugu\u00eas do Brasil.Consulte abaixo links para outras p\u00e1ginas\u00a0de interesse aos cursos de<\/p>\n","protected":false},"author":9,"featured_media":0,"parent":328,"menu_order":10,"comment_status":"closed","ping_status":"closed","template":"","meta":{"colormag_page_container_layout":"default_layout","colormag_page_sidebar_layout":"default_layout","footnotes":"","_links_to":"","_links_to_target":""},"class_list":["post-415","page","type-page","status-publish","hentry"],"_links":{"self":[{"href":"https:\/\/hrac.usp.br\/es\/wp-json\/wp\/v2\/pages\/415","targetHints":{"allow":["GET"]}}],"collection":[{"href":"https:\/\/hrac.usp.br\/es\/wp-json\/wp\/v2\/pages"}],"about":[{"href":"https:\/\/hrac.usp.br\/es\/wp-json\/wp\/v2\/types\/page"}],"author":[{"embeddable":true,"href":"https:\/\/hrac.usp.br\/es\/wp-json\/wp\/v2\/users\/9"}],"replies":[{"embeddable":true,"href":"https:\/\/hrac.usp.br\/es\/wp-json\/wp\/v2\/comments?post=415"}],"version-history":[{"count":6,"href":"https:\/\/hrac.usp.br\/es\/wp-json\/wp\/v2\/pages\/415\/revisions"}],"predecessor-version":[{"id":46744,"href":"https:\/\/hrac.usp.br\/es\/wp-json\/wp\/v2\/pages\/415\/revisions\/46744"}],"up":[{"embeddable":true,"href":"https:\/\/hrac.usp.br\/es\/wp-json\/wp\/v2\/pages\/328"}],"wp:attachment":[{"href":"https:\/\/hrac.usp.br\/es\/wp-json\/wp\/v2\/media?parent=415"}],"curies":[{"name":"wp","href":"https:\/\/api.w.org\/{rel}","templated":true}]}}