
{"id":3790,"date":"2025-12-16T16:12:24","date_gmt":"2025-12-16T19:12:24","guid":{"rendered":"http:\/\/143.107.61.17\/hracsite\/?page_id=3790"},"modified":"2025-12-16T16:12:50","modified_gmt":"2025-12-16T19:12:50","slug":"manuais-e-orientacoes","status":"publish","type":"page","link":"https:\/\/hrac.usp.br\/es\/saude\/manuais-e-orientacoes\/","title":{"rendered":"Manuais e v\u00eddeos"},"content":{"rendered":"<p class=\"qtranxs-available-languages-message qtranxs-available-languages-message-es\">Disculpa, pero esta entrada est\u00e1 disponible s\u00f3lo en <a href=\"https:\/\/hrac.usp.br\/pb\/wp-json\/wp\/v2\/pages\/3790\" class=\"qtranxs-available-language-link qtranxs-available-language-link-pb\" title=\"Portugu\u00eas do Brasil\">Portugu\u00eas do Brasil<\/a>.<\/p><p><span style=\"font-size: 16px;\"><span style=\"color: #000000;\">Aqui voc\u00ea encontra<\/span><strong> manuais, v\u00eddeos e outros materiais informativos<\/strong><span style=\"color: #000000;\"> preparados pela equipe do HRAC\/Centrinho e que v\u00e3o auxiliar voc\u00ea em seu tratamento. <\/span><\/span><\/p>\n<p><span style=\"font-size: 16px;\"><span style=\"color: #000000;\">Lembre-se, o conte\u00fado de cada um \u00e9 de direto autoral da equipe do HRAC\/Centrinho-USP.<\/span>\u00a0<\/span><\/p>\n<p><sub><em><strong>Os manuais est\u00e3o em arquivo PDF. Clique para visualizar!<\/strong>\u00a0<\/em><\/sub><\/p>\n<hr \/>\n<p><span style=\"font-size: 16px;\"><strong>\u2022 <a href=\"https:\/\/hrac.usp.br\/wp-content\/uploads\/2018\/02\/etapas_e_condutas_terapeuticas_hrac_fev_2018.pdf\" target=\"_blank\" rel=\"noopener noreferrer\">Consulte nosso manual de<span style=\"color: #000000;\"> &#8220;Etapas e Condutas Terap\u00eauticas&#8221;<\/span> (ed. fevereiro\/2018). <sub>(ver mais) <\/sub><\/a><\/strong><\/span><\/p>\n<hr \/>\n<p><span style=\"font-size: 16px;\"><strong>\u2022 ENFERMAGEM\u00a0<\/strong><\/span><\/p>\n<p style=\"padding-left: 30px; text-align: left;\"><strong>\u2022<\/strong> <a href=\"https:\/\/hrac.usp.br\/wp-content\/uploads\/2017\/04\/manual_enfe_posop_amigdala_hrac.pdf\" target=\"_blank\" rel=\"noopener noreferrer\">Cuidados para pacientes operados: amigdalectomia ou adenoamigdalectomia<\/a> \u00a0<br \/>\n<strong> \u2022<\/strong> <a href=\"https:\/\/hrac.usp.br\/wp-content\/uploads\/2017\/04\/manual_enfe_posop_queilo_rino_palato_hrac.pdf\" target=\"_blank\" rel=\"noopener noreferrer\">Cuidados para pacientes operados: cirurgias de l\u00e1bio, palato e nariz<\/a> \u00a0<br \/>\n<strong> \u2022<\/strong> <a href=\"https:\/\/hrac.usp.br\/wp-content\/uploads\/2017\/04\/manual_enfe_posop_ortognatica_hrac.pdf\" target=\"_blank\" rel=\"noopener noreferrer\">Cuidados para pacientes operados:\u00a0cirurgia ortogn\u00e1tica<\/a> \u00a0<br \/>\n<strong> \u2022<\/strong> <a href=\"https:\/\/hrac.usp.br\/wp-content\/uploads\/2017\/04\/manual_enfe_posop_otologia_hrac.pdf\" target=\"_blank\" rel=\"noopener noreferrer\">Cuidados para pacientes operados: microcirurgia otol\u00f3gica<\/a> \u00a0<br \/>\n<strong> \u2022<\/strong> <a href=\"https:\/\/hrac.usp.br\/wp-content\/uploads\/2017\/04\/manual_enfe_posop_implante_coclear_hrac.pdf\" target=\"_blank\" rel=\"noopener noreferrer\">Cuidados para pacientes operados: implante coclear<\/a> \u00a0<br \/>\n<strong> \u2022<\/strong> <a href=\"https:\/\/hrac.usp.br\/wp-content\/uploads\/2017\/04\/manual_enfe_posop_septoplastia_hrac.pdf\" target=\"_blank\" rel=\"noopener noreferrer\">Cuidados para pacientes operados: septoplastia e rinosseptoplastia<\/a> \u00a0<br \/>\n<strong> \u2022<\/strong> <a href=\"https:\/\/hrac.usp.br\/wp-content\/uploads\/2017\/04\/manual_enfe_posop_timpanomastoide_hrac.pdf\" target=\"_blank\" rel=\"noopener noreferrer\">Cuidados para pacientes operados: timpanoplastia, timpanomastoidectomia ou mastoidectomia<\/a>\u00a0<br \/>\n<strong>\u2022 V\u00eddeo &#8211; Seguran\u00e7a do paciente em unidade hospitalar:<\/strong>\u00a0 <\/p>\n<p><iframe loading=\"lazy\" src=\"\/\/www.youtube.com\/embed\/pKDiDWZC-qM\" width=\"560\" height=\"314\" allowfullscreen=\"allowfullscreen\"><\/iframe><\/p>\n<hr \/>\n<p><span style=\"font-size: 16px;\"><strong>\u2022 FISIOTERAPIA\u00a0<\/strong><\/span><\/p>\n<p style=\"padding-left: 30px;\"><strong>\u2022 <\/strong><a title=\"clique para ver ou baixar o arquivo deste manual\" href=\"https:\/\/hrac.usp.br\/wp-content\/uploads\/2016\/09\/manual_queilo_uni_A5.pdf\" target=\"_blank\" rel=\"noopener noreferrer\">Tratamento de Fisioterapia ap\u00f3s cirurgia de l\u00e1bio unilateral<\/a>\u00a0 <br \/>\n<strong>\u2022 <\/strong><a title=\"clique para ver ou baixar o arquivo deste manual\" href=\"https:\/\/hrac.usp.br\/wp-content\/uploads\/2016\/09\/manual_queilo_bilateral_A5.pdf\" target=\"_blank\" rel=\"noopener noreferrer\">Tratamento de Fisioterapia ap\u00f3s cirurgia de l\u00e1bio bilateral<\/a>\u00a0 <br \/>\n<strong>\u2022 <\/strong><a title=\"clique para ver ou baixar o arquivo deste manual\" href=\"https:\/\/hrac.usp.br\/wp-content\/uploads\/2016\/09\/manual_rinoplastia_A5.pdf\" target=\"_blank\" rel=\"noopener noreferrer\">Tratamento de Fisioterapia ap\u00f3s cirurgia de rinoplastia<\/a>\u00a0 <br \/>\n<strong>\u2022 <\/strong><a title=\"clique para ver ou baixar o arquivo deste manual\" href=\"https:\/\/hrac.usp.br\/wp-content\/uploads\/2016\/09\/manual_columela_A5.pdf\" target=\"_blank\" rel=\"noopener noreferrer\">Tratamento de Fisioterapia ap\u00f3s cirurgia de alongamento de columela<\/a>\u00a0 <br \/>\n<strong>\u2022 <\/strong><a title=\"clique para ver ou baixar o arquivo deste manual\" href=\"https:\/\/hrac.usp.br\/wp-content\/uploads\/2016\/09\/manual_macrostomia_a5.pdf\" target=\"_blank\" rel=\"noopener noreferrer\">Tratamento de Fisioterapia ap\u00f3s cirurgia de macrostomia<\/a>\u00a0 <br \/>\n<strong>\u2022 <\/strong><a title=\"clique para ver ou baixar o arquivo deste manual\" href=\"https:\/\/hrac.usp.br\/wp-content\/uploads\/2016\/10\/manual_terapia_orofacial_a5.pdf\" target=\"_blank\" rel=\"noopener noreferrer\">Terapia orofacial (ap\u00f3s cirurgia ortogn\u00e1tica e enxerto \u00f3sseo)<\/a>\u00a0<\/p>\n<hr \/>\n<p><span style=\"font-size: 16px;\"><strong>\u2022 FONOAUDIOLOGIA\u00a0<\/strong><\/span><\/p>\n<p style=\"padding-left: 30px; text-align: left;\"><strong>\u2022<\/strong> <a href=\"https:\/\/hrac.usp.br\/wp-content\/uploads\/2019\/05\/administracao_alimentar_no_recem_nascido_com_fissura_labiopalatina_ABFLP.pdf\" target=\"_blank\" rel=\"noopener noreferrer\">Administra\u00e7\u00e3o alimentar no rec\u00e9m-nascido com fissura labiopalatina<\/a> <br \/>\n<strong>\u2022<\/strong> <a href=\"https:\/\/hrac.usp.br\/wp-content\/uploads\/2021\/04\/manual_audicao_e_fissura_labiopalatina_hrac_usp.pdf\" target=\"_blank\" rel=\"noopener noreferrer\">Audi\u00e7\u00e3o e Fissura Labiopalatina<\/a>\u00a0 <br \/>\n<strong>\u2022<\/strong> <a href=\"https:\/\/hrac.usp.br\/wp-content\/uploads\/2021\/04\/manual_estrategias_terapeuticas_fono_hrac.pdf\" target=\"_blank\" rel=\"noopener noreferrer\">Estrat\u00e9gias Terap\u00eauticas: Elimina\u00e7\u00e3o das Articula\u00e7\u00f5es Compensat\u00f3rias<\/a><span style=\"color: #ff0000;\"> <em>(manual destinado a Fonoaudi\u00f3logos)<\/em><\/span> <br \/>\n<strong>\u2022<\/strong><span style=\"color: #000000;\"><a href=\"https:\/\/hrac.usp.br\/wp-content\/uploads\/2021\/01\/manual_prevencao_alteracoes_fala_bebes_FLP_hrac_usp.pdf\" target=\"_blank\" rel=\"noopener noreferrer\"> Preven\u00e7\u00e3o de Altera\u00e7\u00f5es de fala em beb\u00eas com fissura labiopalatina<\/a>\u00a0<\/span> <br \/>\n<strong>\u2022<\/strong> <a href=\"https:\/\/hrac.usp.br\/wp-content\/uploads\/2017\/07\/manual_robin_cor_jul17_hrac.pdf\" target=\"_blank\" rel=\"noopener noreferrer\">Sequ\u00eancia de Robin: Do que estamos falando?<\/a>\u00a0\u00a0<br \/>\n<strong>\u2022 V\u00eddeo &#8211; Alimenta\u00e7\u00e3o do beb\u00ea com Fissura Labiopalatina:<\/strong> <br \/>\n\u00a0<br \/>\n<iframe loading=\"lazy\" src=\"http:\/\/drive.google.com\/file\/d\/1F2-lvF2qBUl29Pz4AcpuFUaM9pieiNI2\/preview\" width=\"560\" height=\"314\"><\/iframe><\/p>\n<hr \/>\n<p><span style=\"font-size: 16px;\"><strong>\u2022 TERAPIA OCUPACIONAL\u00a0<\/strong><\/span><\/p>\n<p style=\"padding-left: 30px;\"><strong>\u2022 <\/strong><a title=\"clique para ver ou baixar o arquivo deste manual\" href=\"https:\/\/hrac.usp.br\/wp-content\/uploads\/2022\/08\/manual_TO_estimulacao_desenvolv_neuropsicomotor_ago_2022.pdf\" target=\"_blank\" rel=\"noopener noreferrer\">Estimula\u00e7\u00e3o do desenvolvimento neuropsicomotor<\/a>\u00a0<br \/>\n<strong>\u2022 <\/strong><a title=\"clique para ver ou baixar o arquivo deste manual\" href=\"https:\/\/hrac.usp.br\/wp-content\/uploads\/2022\/08\/manual_TO_brinquedos_brincadeiras_0a2_anos_ago_2022.pdf\" target=\"_blank\" rel=\"noopener noreferrer\">Brinquedos e brincadeiras (crian\u00e7as de 0 a 2 anos)<\/a>\u00a0 <br \/>\n<strong>\u2022 <\/strong><a title=\"clique para ver ou baixar o arquivo deste manual\" href=\"https:\/\/hrac.usp.br\/wp-content\/uploads\/2022\/08\/manual_TO_brinquedos_brincadeiras_2a10_anos_ago_2022.pdf\" target=\"_blank\" rel=\"noopener noreferrer\">Brinquedos e brincadeiras (crian\u00e7as de 2 a 10 anos)<\/a>\u00a0<\/p>","protected":false},"excerpt":{"rendered":"<p>Disculpa, pero esta entrada est\u00e1 disponible s\u00f3lo en Portugu\u00eas do Brasil.Aqui voc\u00ea encontra manuais, v\u00eddeos e outros materiais informativos preparados<\/p>\n","protected":false},"author":13,"featured_media":0,"parent":192,"menu_order":3,"comment_status":"closed","ping_status":"closed","template":"","meta":{"colormag_page_container_layout":"default_layout","colormag_page_sidebar_layout":"default_layout","footnotes":"","_links_to":"","_links_to_target":""},"class_list":["post-3790","page","type-page","status-publish","hentry"],"_links":{"self":[{"href":"https:\/\/hrac.usp.br\/es\/wp-json\/wp\/v2\/pages\/3790","targetHints":{"allow":["GET"]}}],"collection":[{"href":"https:\/\/hrac.usp.br\/es\/wp-json\/wp\/v2\/pages"}],"about":[{"href":"https:\/\/hrac.usp.br\/es\/wp-json\/wp\/v2\/types\/page"}],"author":[{"embeddable":true,"href":"https:\/\/hrac.usp.br\/es\/wp-json\/wp\/v2\/users\/13"}],"replies":[{"embeddable":true,"href":"https:\/\/hrac.usp.br\/es\/wp-json\/wp\/v2\/comments?post=3790"}],"version-history":[{"count":4,"href":"https:\/\/hrac.usp.br\/es\/wp-json\/wp\/v2\/pages\/3790\/revisions"}],"predecessor-version":[{"id":51943,"href":"https:\/\/hrac.usp.br\/es\/wp-json\/wp\/v2\/pages\/3790\/revisions\/51943"}],"up":[{"embeddable":true,"href":"https:\/\/hrac.usp.br\/es\/wp-json\/wp\/v2\/pages\/192"}],"wp:attachment":[{"href":"https:\/\/hrac.usp.br\/es\/wp-json\/wp\/v2\/media?parent=3790"}],"curies":[{"name":"wp","href":"https:\/\/api.w.org\/{rel}","templated":true}]}}