
{"id":33124,"date":"2022-09-16T19:16:53","date_gmt":"2022-09-16T22:16:53","guid":{"rendered":"https:\/\/hrac.usp.br\/?page_id=33124"},"modified":"2022-10-17T21:59:46","modified_gmt":"2022-10-18T00:59:46","slug":"etapas-e-condutas","status":"publish","type":"page","link":"https:\/\/hrac.usp.br\/es\/saude\/etapas-e-condutas\/","title":{"rendered":"Manual de Etapas e Condutas Terap\u00eauticas"},"content":{"rendered":"<p class=\"qtranxs-available-languages-message qtranxs-available-languages-message-es\">Disculpa, pero esta entrada est\u00e1 disponible s\u00f3lo en <a href=\"https:\/\/hrac.usp.br\/pb\/wp-json\/wp\/v2\/pages\/33124\" class=\"qtranxs-available-language-link qtranxs-available-language-link-pb\" title=\"Portugu\u00eas do Brasil\">Portugu\u00eas do Brasil<\/a>.<\/p><p>&nbsp;<\/p>\n<p><span style=\"font-size: 16px;\"><strong>\u2022 <a href=\"https:\/\/hrac.usp.br\/wp-content\/uploads\/2018\/02\/etapas_e_condutas_terapeuticas_hrac_fev_2018.pdf\" target=\"_blank\" rel=\"noopener noreferrer\">Consulte nosso manual de<span style=\"color: #000000;\"> &#8220;Etapas e Condutas Terap\u00eauticas&#8221;<\/span> (ed. fevereiro\/2018). <sub>(ver mais)<\/sub><\/a>\u00a0<\/strong><\/span><\/p>\n<p>&nbsp;<\/p>\n<hr \/>","protected":false},"excerpt":{"rendered":"<p>Disculpa, pero esta entrada est\u00e1 disponible s\u00f3lo en Portugu\u00eas do Brasil.&nbsp; \u2022 Consulte nosso manual de &#8220;Etapas e Condutas Terap\u00eauticas&#8221;<\/p>\n","protected":false},"author":1,"featured_media":0,"parent":192,"menu_order":4,"comment_status":"closed","ping_status":"closed","template":"","meta":{"colormag_page_container_layout":"default_layout","colormag_page_sidebar_layout":"default_layout","footnotes":"","_links_to":"","_links_to_target":""},"class_list":["post-33124","page","type-page","status-publish","hentry"],"_links":{"self":[{"href":"https:\/\/hrac.usp.br\/es\/wp-json\/wp\/v2\/pages\/33124","targetHints":{"allow":["GET"]}}],"collection":[{"href":"https:\/\/hrac.usp.br\/es\/wp-json\/wp\/v2\/pages"}],"about":[{"href":"https:\/\/hrac.usp.br\/es\/wp-json\/wp\/v2\/types\/page"}],"author":[{"embeddable":true,"href":"https:\/\/hrac.usp.br\/es\/wp-json\/wp\/v2\/users\/1"}],"replies":[{"embeddable":true,"href":"https:\/\/hrac.usp.br\/es\/wp-json\/wp\/v2\/comments?post=33124"}],"version-history":[{"count":1,"href":"https:\/\/hrac.usp.br\/es\/wp-json\/wp\/v2\/pages\/33124\/revisions"}],"predecessor-version":[{"id":34954,"href":"https:\/\/hrac.usp.br\/es\/wp-json\/wp\/v2\/pages\/33124\/revisions\/34954"}],"up":[{"embeddable":true,"href":"https:\/\/hrac.usp.br\/es\/wp-json\/wp\/v2\/pages\/192"}],"wp:attachment":[{"href":"https:\/\/hrac.usp.br\/es\/wp-json\/wp\/v2\/media?parent=33124"}],"curies":[{"name":"wp","href":"https:\/\/api.w.org\/{rel}","templated":true}]}}