
{"id":32917,"date":"2025-05-09T11:00:16","date_gmt":"2025-05-09T14:00:16","guid":{"rendered":"https:\/\/hrac.usp.br\/?page_id=32917"},"modified":"2026-04-08T14:54:28","modified_gmt":"2026-04-08T17:54:28","slug":"ccex-hrac","status":"publish","type":"page","link":"https:\/\/hrac.usp.br\/es\/extensao\/ccex-hrac\/","title":{"rendered":"Comiss\u00e3o de Cultura e Extens\u00e3o (CCEx)"},"content":{"rendered":"<p class=\"qtranxs-available-languages-message qtranxs-available-languages-message-es\">Disculpa, pero esta entrada est\u00e1 disponible s\u00f3lo en <a href=\"https:\/\/hrac.usp.br\/pb\/wp-json\/wp\/v2\/pages\/32917\" class=\"qtranxs-available-language-link qtranxs-available-language-link-pb\" title=\"Portugu\u00eas do Brasil\">Portugu\u00eas do Brasil<\/a>.<\/p><p>A <strong>Comiss\u00e3o de Cultura e Extens\u00e3o Universit\u00e1ria (CCEx)<\/strong>, junto ao Conselho Deliberativo (CD), tem o papel de supervisionar, normatizar, aprovar e avaliar as atividades de cultura e extens\u00e3o oferecidas pelo HRAC-USP.<br><br>De acordo com a <a href=\"https:\/\/leginf.usp.br\/?resolucao=resolucao-no-5940-de-26-de-julho-de-2011\" target=\"_blank\" rel=\"noreferrer noopener\">Resolu\u00e7\u00e3o N\u00ba 5940, de 26 de julho de 2011<\/a> (Artigo 5\u00ba), que baixa o Regimento de Cultura e Extens\u00e3o Universit\u00e1ria da Universidade de S\u00e3o Paulo, a estrutura administrativa da cultura e extens\u00e3o universit\u00e1ria \u00e9 integrada pelos seguintes \u00f3rg\u00e3os: Conselho de Cultura e Extens\u00e3o Universit\u00e1ria (<strong>CoCEx<\/strong>), Pr\u00f3-Reitoria de Cultura e Extens\u00e3o Universit\u00e1ria (<strong>PRCEU<\/strong>) e Comiss\u00f5es de Cultura e Extens\u00e3o Universit\u00e1ria (<strong>CCEx<\/strong>).<\/p>\n\n\n\n<hr class=\"wp-block-separator aligncenter has-alpha-channel-opacity is-style-wide\"\/>\n\n\n\n<p style=\"font-size:16px\"><strong>Calend\u00e1rio de reuni\u00f5es \u2022 CCEx\/HRAC-USP \u2022 2026<\/strong><\/p>\n\n\n\n<div class=\"wp-block-columns is-layout-flex wp-container-core-columns-is-layout-28f84493 wp-block-columns-is-layout-flex\">\n<div class=\"wp-block-column is-layout-flow wp-block-column-is-layout-flow\" style=\"flex-basis:100px\">\n<p class=\"has-small-font-size\"><strong>M\u00eas<\/strong><br>Fevereiro<br>Mar\u00e7o<br>Abril<br>Maio<br>Junho<br>Julho<br>Agosto<br>Setembro<br>Outubro<br>Novembro<br>Dezembro<\/p>\n<\/div>\n\n\n\n<div class=\"wp-block-column is-layout-flow wp-block-column-is-layout-flow\" style=\"flex-basis:80px\">\n<p class=\"has-small-font-size\"><strong>Hor\u00e1rio<\/strong><br>11h<br>11h<br>11h<br>11h<br>11h<br>11h<br>11h<br>11h<br>11h<br>11h<br>11h<\/p>\n<\/div>\n\n\n\n<div class=\"wp-block-column is-layout-flow wp-block-column-is-layout-flow\" style=\"flex-basis:120px\">\n<p class=\"has-small-font-size\"><strong>Reuni\u00e3o da CCEx<\/strong><br>11.02.2026<br>25.03.2026<br>29.04.2026<br>27.05.2026<br>24.06.2026<br>29.07.2026<br>26.08.2026<br>30.09.2026<br>28.10.2026<br>25.11.2026<br>16.12.2026<\/p>\n<\/div>\n\n\n\n<div class=\"wp-block-column is-layout-flow wp-block-column-is-layout-flow\" style=\"flex-basis:300px\">\n<p class=\"has-small-font-size\"><strong>Prazo para submiss\u00e3o de documentos<\/strong><br>&#8211; &#8211; &#8211;<br>06.03.2026 &#8211; 17h<br>10.04.2026 &#8211; 17h<br>08.05.2026 &#8211; 17h<br>12.06.2026 &#8211; 17h<br>10.07.2026 &#8211; 17h<br>07.08.2026 &#8211; 17h<br>11.09.2026 &#8211; 17h<br>09.10.2026 &#8211; 17h<br>06.11.2026 &#8211; 17h<br>27.11.2026 &#8211; 17h<\/p>\n<\/div>\n<\/div>\n\n\n\n<hr class=\"wp-block-separator aligncenter has-alpha-channel-opacity is-style-wide\"\/>\n\n\n\n<p style=\"font-size:16px\"><strong>Composi\u00e7\u00e3o \u2022 CCEx\/HRAC-USP \u2022 2026<\/strong><\/p>\n\n\n<p><strong>Membros titulares<br \/><\/strong><a href=\"http:\/\/lattes.cnpq.br\/8998498315673941\" target=\"_blank\" rel=\"noopener noreferrer\">Prof. Dr. Renato Yassutaka Faria Yaed\u00fa\u00a0<img loading=\"lazy\" decoding=\"async\" class=\"alignnone size-full wp-image-2224\" title=\"clique para acessar o Curr\u00edculo Lattes\" src=\"https:\/\/hrac.usp.br\/wp-content\/uploads\/2015\/10\/logolattes.gif\" width=\"17\" height=\"16\" \/><\/a> <span style=\"color: #808080;\">(Presidente)<\/span><br \/><a href=\"http:\/\/lattes.cnpq.br\/6002618007023894\" target=\"_blank\" rel=\"noopener noreferrer\">Profa. Dra. Ana Paula Fukushiro\u00a0<img loading=\"lazy\" decoding=\"async\" class=\"alignnone size-full wp-image-2224\" title=\"clique para acessar o Curr\u00edculo Lattes\" src=\"https:\/\/hrac.usp.br\/wp-content\/uploads\/2015\/10\/logolattes.gif\" width=\"17\" height=\"16\" \/><\/a> <span style=\"color: #808080;\">(Vice-Presidente)<\/span><br \/><a href=\"http:\/\/lattes.cnpq.br\/3206059271248577\" target=\"_blank\" rel=\"noopener noreferrer\">Profa. Dra. Ana L\u00facia Pomp\u00e9ia Fraga de Almeida\u00a0<img loading=\"lazy\" decoding=\"async\" class=\"alignnone size-full wp-image-2224\" title=\"clique para acessar o Curr\u00edculo Lattes\" src=\"https:\/\/hrac.usp.br\/wp-content\/uploads\/2015\/10\/logolattes.gif\" width=\"17\" height=\"16\" \/><\/a><br \/><a href=\"http:\/\/lattes.cnpq.br\/9631651930937606\" target=\"_blank\" rel=\"noopener\">Prof. Dr. Luiz Fernando Manzoni Louren\u00e7one <img loading=\"lazy\" decoding=\"async\" class=\"alignnone size-full wp-image-2224\" title=\"clique para acessar o Curr\u00edculo Lattes\" src=\"https:\/\/hrac.usp.br\/wp-content\/uploads\/2015\/10\/logolattes.gif\" width=\"17\" height=\"16\" \/><\/a><br \/><a href=\"http:\/\/lattes.cnpq.br\/3965062448855580\" target=\"_blank\" rel=\"noopener noreferrer\">Profa. Dra. Maria Fernanda Capoani Garcia Mondelli\u00a0<img loading=\"lazy\" decoding=\"async\" class=\"alignnone size-full wp-image-2224\" title=\"clique para acessar o Curr\u00edculo Lattes\" src=\"https:\/\/hrac.usp.br\/wp-content\/uploads\/2015\/10\/logolattes.gif\" width=\"17\" height=\"16\" \/><\/a><br \/><a href=\"http:\/\/lattes.cnpq.br\/0778137151607629\" target=\"_blank\" rel=\"noopener noreferrer\">Profa. Dra. Nat\u00e1lia Barreto Frederigue Lopes\u00a0<img loading=\"lazy\" decoding=\"async\" class=\"alignnone size-full wp-image-2224\" title=\"clique para acessar o Curr\u00edculo Lattes\" src=\"https:\/\/hrac.usp.br\/wp-content\/uploads\/2015\/10\/logolattes.gif\" width=\"17\" height=\"16\" \/><\/a><br \/>Maria Julia Cabral Fortaleza <span style=\"color: #808080;\">(representante discente)<\/span><\/p>\n<p><strong>Membros suplentes<br \/><\/strong><a href=\"http:\/\/lattes.cnpq.br\/3742317356920204\" target=\"_blank\" rel=\"noopener noreferrer\">Profa. Dra. Daniela Gamba Garib Carreira\u00a0<img loading=\"lazy\" decoding=\"async\" class=\"alignnone size-full wp-image-2224\" title=\"clique para acessar o Curr\u00edculo Lattes\" src=\"https:\/\/hrac.usp.br\/wp-content\/uploads\/2015\/10\/logolattes.gif\" width=\"17\" height=\"16\" \/><\/a><br \/><a href=\"http:\/\/lattes.cnpq.br\/7189359307296278\" target=\"_blank\" rel=\"noopener\">Profa. Dra. Eliane Alves Motta Cabello dos Santos <img loading=\"lazy\" decoding=\"async\" class=\"alignnone size-full wp-image-2224\" title=\"clique para acessar o Curr\u00edculo Lattes\" src=\"https:\/\/hrac.usp.br\/wp-content\/uploads\/2015\/10\/logolattes.gif\" width=\"17\" height=\"16\" \/><\/a><br \/><a href=\"http:\/\/lattes.cnpq.br\/3950620642506172\" target=\"_blank\" rel=\"noopener\">Profa. Dra. Fernanda Leite <img loading=\"lazy\" decoding=\"async\" class=\"alignnone size-full wp-image-2224\" title=\"clique para acessar o Curr\u00edculo Lattes\" src=\"https:\/\/hrac.usp.br\/wp-content\/uploads\/2015\/10\/logolattes.gif\" width=\"17\" height=\"16\" \/><\/a><br \/><a href=\"http:\/\/lattes.cnpq.br\/0295716423954047\" target=\"_blank\" rel=\"noopener\">Profa. Dra. Isabel Cristina Drago Marquezini Salmen <img loading=\"lazy\" decoding=\"async\" class=\"alignnone size-full wp-image-2224\" title=\"clique para acessar o Curr\u00edculo Lattes\" src=\"https:\/\/hrac.usp.br\/wp-content\/uploads\/2015\/10\/logolattes.gif\" width=\"17\" height=\"16\" \/><\/a><br \/><a href=\"http:\/\/lattes.cnpq.br\/5304379431831322\" target=\"_blank\" rel=\"noopener noreferrer\">Profa. Dra. Ivy Kiemle Trindade Suedam\u00a0<img loading=\"lazy\" decoding=\"async\" class=\"alignnone size-full wp-image-2224\" title=\"clique para acessar o Curr\u00edculo Lattes\" src=\"https:\/\/hrac.usp.br\/wp-content\/uploads\/2015\/10\/logolattes.gif\" width=\"17\" height=\"16\" \/><\/a><br \/><a href=\"http:\/\/lattes.cnpq.br\/0541526017499221\" target=\"_blank\" rel=\"noopener noreferrer\">Profa. Dra. Jeniffer de C\u00e1ssia Rillo Dutka\u00a0<img loading=\"lazy\" decoding=\"async\" class=\"alignnone size-full wp-image-2224\" title=\"clique para acessar o Curr\u00edculo Lattes\" src=\"https:\/\/hrac.usp.br\/wp-content\/uploads\/2015\/10\/logolattes.gif\" width=\"17\" height=\"16\" \/><\/a><br \/>Gabriela Benedini Strini Portinari Beja <span style=\"color: #808080;\">(representante discente)<\/span><\/p>\n\n\n<hr class=\"wp-block-separator has-alpha-channel-opacity is-style-wide\"\/>\n\n\n\n<p class=\"has-small-font-size\"><strong>Secretaria da CCEx\/HRAC-USP<\/strong><br>ccex.hrac@usp.br \u2022 (14) 3235-8420<br>Rua S\u00edlvio Marchione, 3-20 \u2022 Vila Nova Cidade Universit\u00e1ria \u2022 CEP 17012-900 \u2022 Bauru-SP<\/p>\n\n\n\n<p><\/p>","protected":false},"excerpt":{"rendered":"<p>Disculpa, pero esta entrada est\u00e1 disponible s\u00f3lo en Portugu\u00eas do Brasil. A Comiss\u00e3o de Cultura e Extens\u00e3o Universit\u00e1ria (CCEx), junto<\/p>\n","protected":false},"author":9,"featured_media":0,"parent":328,"menu_order":0,"comment_status":"closed","ping_status":"closed","template":"","meta":{"colormag_page_container_layout":"default_layout","colormag_page_sidebar_layout":"default_layout","footnotes":"","_links_to":"","_links_to_target":""},"class_list":["post-32917","page","type-page","status-publish","hentry"],"_links":{"self":[{"href":"https:\/\/hrac.usp.br\/es\/wp-json\/wp\/v2\/pages\/32917","targetHints":{"allow":["GET"]}}],"collection":[{"href":"https:\/\/hrac.usp.br\/es\/wp-json\/wp\/v2\/pages"}],"about":[{"href":"https:\/\/hrac.usp.br\/es\/wp-json\/wp\/v2\/types\/page"}],"author":[{"embeddable":true,"href":"https:\/\/hrac.usp.br\/es\/wp-json\/wp\/v2\/users\/9"}],"replies":[{"embeddable":true,"href":"https:\/\/hrac.usp.br\/es\/wp-json\/wp\/v2\/comments?post=32917"}],"version-history":[{"count":62,"href":"https:\/\/hrac.usp.br\/es\/wp-json\/wp\/v2\/pages\/32917\/revisions"}],"predecessor-version":[{"id":52754,"href":"https:\/\/hrac.usp.br\/es\/wp-json\/wp\/v2\/pages\/32917\/revisions\/52754"}],"up":[{"embeddable":true,"href":"https:\/\/hrac.usp.br\/es\/wp-json\/wp\/v2\/pages\/328"}],"wp:attachment":[{"href":"https:\/\/hrac.usp.br\/es\/wp-json\/wp\/v2\/media?parent=32917"}],"curies":[{"name":"wp","href":"https:\/\/api.w.org\/{rel}","templated":true}]}}