
{"id":279,"date":"2025-02-19T19:25:13","date_gmt":"2025-02-19T22:25:13","guid":{"rendered":"http:\/\/143.107.61.17\/hracsite\/?page_id=279"},"modified":"2025-02-19T19:42:09","modified_gmt":"2025-02-19T22:42:09","slug":"programa","status":"publish","type":"page","link":"https:\/\/hrac.usp.br\/es\/pos-graduacao\/programa\/","title":{"rendered":"El Programa"},"content":{"rendered":"<p><span style=\"color: #000000;\">Por ser un hospital de investigaci\u00f3n y rehabilitaci\u00f3n, altamente reconocido por el tratamiento que ofrece, el <strong>Hospital de Rehabilitaci\u00f3n de Anomal\u00edas Craneofaciales de la Universidad de S\u00e3o Paulo (HRAC-USP)<\/strong> viene desarrollando a lo largo de los a\u00f1os una vocaci\u00f3n natural: la inversi\u00f3n en la investigaci\u00f3n cient\u00edfica y en la formaci\u00f3n de recursos humanos.<\/span><\/p>\n<p><span style=\"color: #000000;\">Como resultado de esto, al divulgar a los profesionales de salud conocimientos tan espec\u00edficos y \u00fatiles para la rehabilitaci\u00f3n de millares de personas portadoras de anomal\u00edas craneofaciales &#8211; como los reconocimientos obtenidos por su equipo interdisciplinar en a\u00f1os de trabajo &#8211; el <strong>HRAC<\/strong> est\u00e1 beneficiando a sus propios pacientes, que pueden contar con m\u00e1s profesionales especializados ejerciendo fuera del Brasil.<\/span><\/p>\n<p><span style=\"color: #000000;\">Y la experiencia no podr\u00eda ser mejor: la implementaci\u00f3n del <strong>Programa de Posgrado (maestr\u00eda y doctorado)<\/strong>, adem\u00e1s de los cursos de extensi\u00f3n y actualizaci\u00f3n en diversas \u00e1reas de conocimiento, ha formado con el pasar de los a\u00f1os un n\u00famero significativo de recursos humanos y colaborado para el enriquecimiento de la literatura cient\u00edfica. <\/span><\/p>\n<p>&nbsp;<\/p>\n<p><strong><span style=\"font-size: 16px;\">L\u00cdNEAS DE INVESTIGACI\u00d3N<\/span> <\/strong><\/p>\n<p style=\"padding-left: 40px;\"><strong>L\u00cdNEA 1 \u2013 FORMA Y FUNCI\u00d3N<\/strong><\/p>\n<p style=\"padding-left: 80px;\"><strong>1A &#8211;<\/strong> Morfolog\u00eda oral y craneofacial en las fisuras labiopalatinas y anomal\u00edas craneofaciales <br \/>\n<strong>1B &#8211;<\/strong> Evaluaci\u00f3n de las funciones orofaciales y des\u00f3rdenes del sue\u00f1o en las fisuras labiopalatinas y anomal\u00edas craneofaciales <br \/>\n<strong>1C\u00a0&#8211;\u00a0<\/strong>Funciones cognitivas y calidad de vida en las fisuras labiopalatinas y anomal\u00edas craneofaciales<\/p>\n<p style=\"padding-left: 40px;\"><strong>L\u00cdNEA 2 \u2013 REHABILITACI\u00d3N<\/strong><\/p>\n<p style=\"padding-left: 80px;\"><strong>2A &#8211;<\/strong> Gerenciamiento de las funciones y disfunciones asociadas a las fisuras labiopalatinas y anomal\u00edas craneofaciales <br \/>\n<strong>2B\u00a0&#8211;\u00a0<\/strong>Conductas terap\u00e9uticas interdisciplinarias en las fisuras labiopalatinas y anomal\u00edas craneofaciales <br \/>\n<strong>2C &#8211;<\/strong> Procesos educacionales, de incorporaci\u00f3n de tecnolog\u00edas y de gesti\u00f3n en salud<\/p>\n<p style=\"padding-left: 40px;\"><strong>L\u00cdNEA 3 \u2013 ETIOLOGIA, EPIDEMIOLOGIA Y PREVENCION <\/strong><\/p>\n<p style=\"padding-left: 80px;\"><strong>3A &#8211;<\/strong> Gen\u00e9tica en las fisuras labiopalatinas y anomal\u00edas craneofaciales <br \/>\n<strong>3B &#8211;<\/strong> Etiolog\u00eda, epidemiolog\u00eda y prevenci\u00f3n de las fisuras labiopalatinas y anomal\u00edas craneofaciales<\/p>\n<p>&nbsp;<\/p>\n<span class=\"collapseomatic \" id=\"historiapg\"  tabindex=\"0\" alt=\"haga clic para mostrar \/ ocultar\" title=\"haga clic para mostrar \/ ocultar\"    ><strong>HIST\u00d3RICO DEL PROGRAMA<\/strong> <sub>(abrir)<\/sub><\/span><span id='swap-historiapg'  class='colomat-swap' style='display:none;'><sub>(cerrar)<\/sub><\/span><div id=\"target-historiapg\" class=\"collapseomatic_content \">\n<p style=\"padding-left: 40px;\"><span style=\"color: #000000;\">El <strong>HRAC-USP<\/strong> fue fundado como Centro Interdepartamental de la Facultad de Odontolog\u00eda de Bauru (FOB-USP) en 1967, y, <strong>se convirti\u00f3 en unidad hospitalaria aut\u00f3noma en 1976<\/strong>, en condici\u00f3n de \u00d3rgano Complementario de la USP. Presta atenci\u00f3n multidisciplinaria a pacientes con fisuras orofaciales y anomal\u00edas relacionada y a portadores de deficiencias auditivas proyect\u00e1ndose como Centro de Excelencia para el estudio y tratamiento de dichas anomal\u00edas tanto a nivel nacional, como internacional. A lo largo de los a\u00f1os, mediante la experiencia adquirida en la atenci\u00f3n de los pacientes, profesionales de diversas \u00e1reas y con s\u00f3lida formaci\u00f3n acad\u00e9mica, pasaron a desarrollar investigaciones b\u00e1sicas y aplicadas y a participar en la divulgaci\u00f3n y transmisi\u00f3n de los conocimientos adquiridos, cumpliendo de esta manera con los tres objetivos de la Universidad: <strong>Extensi\u00f3n, Investigaci\u00f3n y Ense\u00f1anza.<\/strong><\/span><\/p>\n<p style=\"padding-left: 40px;\"><span style=\"color: #000000;\">Particularmente en lo que respecta al \u00e1rea de Ense\u00f1anza, el <strong>HRAC<\/strong> pas\u00f3 a ofrecer de forma sistematizada, <strong>a partir de 1996, Cursos de Actualizaci\u00f3n y Residencia, Perfeccionamiento y Especializaci\u00f3n,<\/strong> todos gratuitamente, con la finalidad de formar profesionales especialistas en diferentes \u00e1reas de rehabilitaci\u00f3n de las anomal\u00edas craneofaciales: Medicina, Odontolog\u00eda, Fonoaudiolog\u00eda, Fisioterapia, Pedagog\u00eda, Enfermer\u00eda, Servicio Social, Psicolog\u00eda y Nutrici\u00f3n.<\/span><\/p>\n<p style=\"padding-left: 40px;\"><span style=\"color: #000000;\">Procurando ampliar su \u00e1rea de actuaci\u00f3n y ofrecer, tambi\u00e9n, cursos de naturaleza acad\u00e9mica, el <strong>HRAC<\/strong> obtuvo la aprobaci\u00f3n del Consejo de Posgrado de la USP y el CAPES, su <strong>Programa de Posgrado en Ciencias<\/strong>, teniendo como \u00e1rea de enfoque: Disturbios de Comunicaci\u00f3n Humana (DCH), de car\u00e1cter multidisciplinario, a nivel de Maestr\u00eda y Doctorado, ofrecido a partir de 1998. En 2002, fue aprobada una <strong>nueva \u00e1rea de enfoque: Fisuras Orofaciales (FOF),<\/strong> a nivel de maestr\u00eda, formulado solamente para el \u00e1rea de odontolog\u00eda.<\/span><\/p>\n<p style=\"padding-left: 40px;\"><span style=\"color: #000000;\">En el <strong>a\u00f1o 2003<\/strong>, el programa pas\u00f3 a ser denominado <strong>Programa de Posgrado en Ciencias de Rehabilitaci\u00f3n,<\/strong> en el sentido de mejorar la caracterizaci\u00f3n del perfil de los cursos ofrecidos y de facilitar su identificaci\u00f3n entre el rol de Programas acreditados en la USP y en el CAPES.\u00a0<\/span><\/p>\n<p style=\"padding-left: 40px;\"><span style=\"color: #000000;\"><strong>En 2006<\/strong>, el Programa fue reformulado e pas\u00f3 a ser ofrecido en una \u00fanica \u00e1rea de enfoque de car\u00e1cter multidisciplinar: <strong>Fisuras Orofaciales y Anomal\u00edas Relacionadas, a nivel de Maestr\u00eda y Doctorado,<\/strong> atendiendo, de esta forma, al perfil hist\u00f3ricamente construido por el <strong>HRAC.<\/strong><\/span><\/p>\n<p style=\"padding-left: 40px;\"><span style=\"color: #000000;\">Cabe destacar que el conjunto de actividades de ense\u00f1anza desarrolladas por la instituci\u00f3n, llevaron a la certificaci\u00f3n como <strong>Hospital de Ense\u00f1anza<\/strong> por el <strong>Ministerio de Salud y Ministerio de Educaci\u00f3n,<\/strong> lo que vino a reforzar la vocaci\u00f3n acad\u00e9mica del <strong>HRAC<\/strong> como reflejos positivos e inmediatos para la consolidaci\u00f3n del <strong>PROGRAMA DE POSGRADO EN CIENCIAS DE REHABILITACI\u00d3N.<\/strong><\/span>\u00a0<\/p>\n<p><span id=\"historiapg\" class=\"collapseomatic colomat-close scroll-to-trigger\"><strong>HIST\u00d3RICO DEL PROGRAMA<\/strong> <sub>(cerrar)<\/sub><\/span> <\/div>\n<p>&nbsp;<\/p>\n<span class=\"collapseomatic \" id=\"propostapg\"  tabindex=\"0\" alt=\"haga clic para mostrar \/ ocultar\" title=\"haga clic para mostrar \/ ocultar\"    ><strong>PROPUESTA DEL PROGRAMA<\/strong> <sub>(abrir)<\/sub><\/span><span id='swap-propostapg'  class='colomat-swap' style='display:none;'> <sub>(cerrar)<\/sub><\/span><div id=\"target-propostapg\" class=\"collapseomatic_content \">\n<p style=\"padding-left: 40px;\"><span style=\"color: #000000;\">El <strong>Programa de Posgrado en Ciencias de Rehabilitaci\u00f3n<\/strong> del Hospital de Rehabilitaci\u00f3n de Anomal\u00edas Craneofaciales (HRAC) de la Universidad de Sao Paulo (USP) de manera amplia busca formar recursos humanos altamente calificados en el \u00e1rea de <strong>Fisuras Orofaciales y Anomal\u00edas Relacionadas<\/strong>, basados en principios acad\u00e9mico-cient\u00edficos, capaces de actuar en la difusi\u00f3n de conocimientos y contribuir para el avance del \u00e1rea en la generaci\u00f3n de nuevos conocimientos.<\/span>\u00a0<\/p>\n<p style=\"padding-left: 40px;\"><span style=\"color: #000000;\">De manera estricta, <strong>busca la formaci\u00f3n interdisciplinaria de investigadores en el \u00e1rea aplicada y, simult\u00e1neamente, su calificaci\u00f3n para la docencia, investigaci\u00f3n y para el ejercicio diferenciado de sus funciones con liderazgo y capacidad de supervisi\u00f3n.<\/strong> Se trata de una propuesta de perfil acad\u00e9mico multidisciplinario, ofrecido por Centro de Referencia en el \u00e1rea.<\/span>\u00a0<\/p>\n<p style=\"padding-left: 40px;\"><span style=\"color: #000000;\">El <strong>objetivo INTERDISCIPLINARIO<\/strong> de este programa, congregando diversas \u00e1reas de salud en torno a la problem\u00e1tica de las fisuras orofaciales, es in\u00e9dito en Brasil y en el mundo. En otros centros nacionales e internacionales, las fisuras orofaciales son investigadas dentro de los programas espec\u00edficos de Cirug\u00eda Pl\u00e1stica, Odontolog\u00eda y Fonoaudiolog\u00eda. Nuestro programa contempla aquellas \u00e1reas de conocimiento, entrelaz\u00e1ndose con la Gen\u00e9tica, Fisiolog\u00eda, Psicolog\u00eda y Fisioterapia. Tales \u00e1reas interact\u00faan tanto en algunas disciplinas del programa como en proyectos de investigaci\u00f3n multidisciplinarios.<\/span>\u00a0\u00a0<\/p>\n<p style=\"padding-left: 40px;\"><span style=\"color: #000000;\">El programa a\u00fan busca generar nuevos conocimientos interdisciplinarios y transdisciplinarios en el \u00e1rea de salud de modo que contribuya en la rehabilitaci\u00f3n de individuos con anomal\u00edas craneofaciales, en el sentido de mejorar la calidad de la reconstrucci\u00f3n morfol\u00f3gica y de los resultados funcionales, reduciendo el desgaste del paciente y sus familias durante la terapia y promoviendo su inclusi\u00f3n en la sociedad.<\/span><\/p>\n<p><span id=\"propostapg\" class=\"collapseomatic colomat-close scroll-to-trigger\"><strong>PROPUESTA DEL PROGRAMA<\/strong> <sub>(cerrar)<\/sub><\/span> <\/div>\n<p>&nbsp;<\/p>","protected":false},"excerpt":{"rendered":"<p>Por ser un hospital de investigaci\u00f3n y rehabilitaci\u00f3n, altamente reconocido por el tratamiento que ofrece, el Hospital de Rehabilitaci\u00f3n de<\/p>\n","protected":false},"author":13,"featured_media":0,"parent":277,"menu_order":2,"comment_status":"closed","ping_status":"closed","template":"","meta":{"colormag_page_container_layout":"default_layout","colormag_page_sidebar_layout":"default_layout","footnotes":"","_links_to":"","_links_to_target":""},"class_list":["post-279","page","type-page","status-publish","hentry"],"_links":{"self":[{"href":"https:\/\/hrac.usp.br\/es\/wp-json\/wp\/v2\/pages\/279","targetHints":{"allow":["GET"]}}],"collection":[{"href":"https:\/\/hrac.usp.br\/es\/wp-json\/wp\/v2\/pages"}],"about":[{"href":"https:\/\/hrac.usp.br\/es\/wp-json\/wp\/v2\/types\/page"}],"author":[{"embeddable":true,"href":"https:\/\/hrac.usp.br\/es\/wp-json\/wp\/v2\/users\/13"}],"replies":[{"embeddable":true,"href":"https:\/\/hrac.usp.br\/es\/wp-json\/wp\/v2\/comments?post=279"}],"version-history":[{"count":5,"href":"https:\/\/hrac.usp.br\/es\/wp-json\/wp\/v2\/pages\/279\/revisions"}],"predecessor-version":[{"id":46404,"href":"https:\/\/hrac.usp.br\/es\/wp-json\/wp\/v2\/pages\/279\/revisions\/46404"}],"up":[{"embeddable":true,"href":"https:\/\/hrac.usp.br\/es\/wp-json\/wp\/v2\/pages\/277"}],"wp:attachment":[{"href":"https:\/\/hrac.usp.br\/es\/wp-json\/wp\/v2\/media?parent=279"}],"curies":[{"name":"wp","href":"https:\/\/api.w.org\/{rel}","templated":true}]}}