
{"id":277,"date":"2026-04-27T17:22:57","date_gmt":"2026-04-27T20:22:57","guid":{"rendered":"http:\/\/143.107.61.17\/hracsite\/?page_id=277"},"modified":"2026-04-27T17:24:31","modified_gmt":"2026-04-27T20:24:31","slug":"pos-graduacao","status":"publish","type":"page","link":"https:\/\/hrac.usp.br\/es\/pos-graduacao\/","title":{"rendered":"Maestr\u00eda y Doctorado"},"content":{"rendered":"<p class=\"qtranxs-available-languages-message qtranxs-available-languages-message-es\">Disculpa, pero esta entrada est\u00e1 disponible s\u00f3lo en <a href=\"https:\/\/hrac.usp.br\/pb\/wp-json\/wp\/v2\/pages\/277\" class=\"qtranxs-available-language-link qtranxs-available-language-link-pb\" title=\"Portugu\u00eas do Brasil\">Portugu\u00eas do Brasil<\/a>.<\/p><p>&nbsp;<\/p>\n<p><iframe loading=\"lazy\" title=\"Programa de P\u00f3s-Gradua\u00e7\u00e3o do HRAC-USP\" width=\"800\" height=\"450\" src=\"https:\/\/www.youtube.com\/embed\/H0ixjej8n0o?feature=oembed\" frameborder=\"0\" allow=\"accelerometer; autoplay; clipboard-write; encrypted-media; gyroscope; picture-in-picture; web-share\" referrerpolicy=\"strict-origin-when-cross-origin\" allowfullscreen><\/iframe><\/p>\n<p style=\"text-align: center;\"><span style=\"color: #808080;\"><sup>v\u00eddeo institucional<em> (2021)<\/em> do Programa de P\u00f3s-Gradua\u00e7\u00e3o em Ci\u00eancias da Reabilita\u00e7\u00e3o HRAC-USP<\/sup><\/span><\/p>\n<hr \/>\n<p><span style=\"font-size: 20px;\"><a href=\"https:\/\/hrac.usp.br\/pos-graduacao\/disciplinas-oferecidas\/\"><strong>Calend\u00e1rio de disciplinas do semestre atual<sub>\u00a0(acessar)<\/sub><\/strong><\/a><\/span><\/p>\n<p>&nbsp;<\/p>\n<hr \/>\n<p><span style=\"font-size: 20px;\"><strong><span style=\"color: #333333;\">Agenda \u2022 Programa de P\u00f3s-Gradua\u00e7\u00e3o FMBRU-USP \u2022 2026<\/span><\/strong><\/span><\/p>\n<p><span style=\"color: #333333;\"><span style=\"font-size: 16px;\"><span style=\"color: #ff0000;\"><em><span style=\"font-size: 14px;\">Aten\u00e7\u00e3o: todas as datas est\u00e3o sujeitas a altera\u00e7\u00f5es.<\/span><\/em><\/span><\/span><br \/>\n<\/span><\/p>\n<p><span style=\"color: #333333;\"><iframe loading=\"lazy\" style=\"border-width: 0;\" src=\"https:\/\/calendar.google.com\/calendar\/embed?height=600&amp;wkst=1&amp;bgcolor=%23ffffff&amp;ctz=America%2FSao_Paulo&amp;title=Cronograma%20de%20Aulas%20%E2%80%A2%20PPG-FMBRU&amp;showTabs=1&amp;mode=AGENDA&amp;src=dXNwLmJyX2p1Zzh0NWtpczNhMmFibjU2NGpxaGU4Z2s4QGdyb3VwLmNhbGVuZGFyLmdvb2dsZS5jb20&amp;color=%23C0CA33\" width=\"800\" height=\"600\" frameborder=\"0\" scrolling=\"no\"><\/iframe><\/span><\/p>\n<p>&nbsp;<\/p>\n<hr \/>\n<p><span style=\"font-size: 20px;\"><strong><a href=\"http:\/\/www.alumni.usp.br\/\" target=\"_blank\" rel=\"noopener noreferrer\">Alumni USP: Uma plataforma para reunir ex-alunos da Universidade <\/a><\/strong><\/span><span style=\"font-size: 20px;\"><strong><a href=\"http:\/\/www.alumni.usp.br\/\" target=\"_blank\" rel=\"noopener noreferrer\"><sub>(saiba mais)<\/sub><\/a><\/strong><\/span><\/p>\n<p><span style=\"font-size: 16px;\"><strong>Conhe\u00e7a mais sobre a Plataforma Alumni USP!<\/strong><\/span><\/p>\n<p><iframe loading=\"lazy\" src=\"\/\/www.youtube.com\/embed\/E9hV7cWGpLE\" width=\"642\" height=\"360\" allowfullscreen=\"allowfullscreen\"><\/iframe><\/p>\n<p>&nbsp;<\/p>\n<hr \/>\n<p><span style=\"font-size: 16px;\"><strong><span style=\"font-size: 20px;\">Se\u00e7\u00e3o de P\u00f3s-Gradua\u00e7\u00e3o \u2022 FMBRU-USP<\/span> <\/strong><\/span><br \/>\n<span style=\"color: #000000;\"><strong>Hor\u00e1rio de atendimento:<\/strong> <\/span><span style=\"color: #000000;\">de segunda a sexta-feira, das <strong>8h<\/strong> \u00e0s <strong>12h<\/strong> e das <strong>13h30<\/strong> \u00e0s <strong>17h<\/strong><\/span> <em>(exceto feriados)<\/em><br \/>\n<strong><em>e<\/em>-mail: <span style=\"color: #000000;\">secpg.fmbru@usp.br<\/span><\/strong><strong><br \/>\ntelefone:<span style=\"color: #000000;\"> (14) 3235-8434<\/span><br \/>\n<\/strong><strong>endere\u00e7o:<\/strong> rua S\u00edlvio Marchione, 3-20 \u2022 Vila Universit\u00e1ria \u2022 CEP 17.012-900 \u2022 Bauru &#8211; SP<br \/>\n<sup><em>(piso superior da Unidade I do HC Bauru, no corredor acad\u00eamico)<\/em><\/sup><\/p>","protected":false},"excerpt":{"rendered":"<p>Disculpa, pero esta entrada est\u00e1 disponible s\u00f3lo en Portugu\u00eas do Brasil.&nbsp; v\u00eddeo institucional (2021) do Programa de P\u00f3s-Gradua\u00e7\u00e3o em Ci\u00eancias<\/p>\n","protected":false},"author":13,"featured_media":0,"parent":0,"menu_order":3,"comment_status":"closed","ping_status":"closed","template":"","meta":{"colormag_page_container_layout":"default_layout","colormag_page_sidebar_layout":"default_layout","footnotes":"","_links_to":"","_links_to_target":""},"class_list":["post-277","page","type-page","status-publish","hentry"],"_links":{"self":[{"href":"https:\/\/hrac.usp.br\/es\/wp-json\/wp\/v2\/pages\/277","targetHints":{"allow":["GET"]}}],"collection":[{"href":"https:\/\/hrac.usp.br\/es\/wp-json\/wp\/v2\/pages"}],"about":[{"href":"https:\/\/hrac.usp.br\/es\/wp-json\/wp\/v2\/types\/page"}],"author":[{"embeddable":true,"href":"https:\/\/hrac.usp.br\/es\/wp-json\/wp\/v2\/users\/13"}],"replies":[{"embeddable":true,"href":"https:\/\/hrac.usp.br\/es\/wp-json\/wp\/v2\/comments?post=277"}],"version-history":[{"count":62,"href":"https:\/\/hrac.usp.br\/es\/wp-json\/wp\/v2\/pages\/277\/revisions"}],"predecessor-version":[{"id":53054,"href":"https:\/\/hrac.usp.br\/es\/wp-json\/wp\/v2\/pages\/277\/revisions\/53054"}],"wp:attachment":[{"href":"https:\/\/hrac.usp.br\/es\/wp-json\/wp\/v2\/media?parent=277"}],"curies":[{"name":"wp","href":"https:\/\/api.w.org\/{rel}","templated":true}]}}