
{"id":225,"date":"2022-08-18T11:00:48","date_gmt":"2022-08-18T14:00:48","guid":{"rendered":"http:\/\/143.107.61.17\/hracsite\/?page_id=225"},"modified":"2022-10-17T22:02:55","modified_gmt":"2022-10-18T01:02:55","slug":"agendamento","status":"publish","type":"page","link":"https:\/\/hrac.usp.br\/es\/saude\/paciente\/agendamento\/","title":{"rendered":"Agendamento"},"content":{"rendered":"<p class=\"qtranxs-available-languages-message qtranxs-available-languages-message-es\">Disculpa, pero esta entrada est\u00e1 disponible s\u00f3lo en <a href=\"https:\/\/hrac.usp.br\/pb\/wp-json\/wp\/v2\/pages\/225\" class=\"qtranxs-available-language-link qtranxs-available-language-link-pb\" title=\"Portugu\u00eas do Brasil\">Portugu\u00eas do Brasil<\/a>.<\/p><p>&nbsp;<\/p>\n<p><img loading=\"lazy\" decoding=\"async\" class=\"size-full wp-image-3423 aligncenter\" src=\"https:\/\/hrac.usp.br\/wp-content\/uploads\/2016\/04\/agendamento.gif\" alt=\"agendamento\" width=\"800\" height=\"300\" \/><\/p>\n<p>&nbsp;<\/p>\n<p><span style=\"font-size: 20px;\"><strong><span style=\"color: #ff0000;\">ATEN\u00c7\u00c3O!<\/span> O HRAC\/Centrinho-USP informa:<\/strong> <\/span>\u00a0<\/p>\n<blockquote>\n<p><strong><span style=\"color: #ff0000; font-size: 20px;\">Fluxo de atendimentos e medidas preventivas\u00a0<\/span><\/strong><\/p>\n<p><span style=\"font-size: 16px;\"><strong><span style=\"color: #333333;\">Os usu\u00e1rios em circula\u00e7\u00e3o pelo Hospital devem respeitar as medidas preventivas amplamente divulgadas, como o uso obrigat\u00f3rio de m\u00e1scaras, a higieniza\u00e7\u00e3o frequente das m\u00e3os e o distanciamento interpessoal de pelo menos 1,5 metro.<\/span> <br \/>\n<\/strong><\/span><\/p>\n<p><strong><span style=\"font-size: 16px;\"><span style=\"color: #ff0000;\">ATEN\u00c7\u00c3O: N\u00c3O comparecer ao HRAC-USP se estiver com sintomas gripais ou da covid-19 ou caso tiver exposi\u00e7\u00e3o ou contato com pessoas suspeitas ou j\u00e1 confirmadas!<\/span><span style=\"color: #333333;\"> Nessas situa\u00e7\u00f5es, procurar atendimento m\u00e9dico, seguir as recomenda\u00e7\u00f5es e justificar a falta para reagendamento posterior.<\/span><\/span> <br \/>\n<\/strong><\/p>\n<p><span style=\"font-size: 16px;\"><strong><span style=\"color: #333333;\">Para mais informa\u00e7\u00f5es sobre como se proteger da covid-19, uso correto de m\u00e1scaras, sintomas, entre outras, acesse:<\/span> <a href=\"http:\/\/saopaulo.sp.gov.br\/coronavirus\/\" target=\"_blank\" rel=\"noopener\">http:\/\/saopaulo.sp.gov.br\/coronavirus\/<\/a>.<\/strong><\/span><\/p>\n<\/blockquote>\n<p style=\"text-align: center;\"><span style=\"font-size: 24px;\"><strong>\u2022<\/strong><\/span><\/p>\n<blockquote>\n<p><strong><span style=\"color: #ff0000; font-size: 20px;\">Aviso importante sobre CASOS NOVOS no HRAC-USP\u00a0<\/span><\/strong><em><strong><br \/>\n<\/strong><\/em><\/p>\n<p><span style=\"font-size: 16px;\"><strong><span style=\"color: #000000;\"><span style=\"color: #333333;\">A partir de setembro de 2019, o <\/span><span style=\"color: #ff0000;\">acesso de casos novos de fissura labiopalatina e anomalias craniofaciais <span style=\"color: #333333;\">no HRAC\/Centrinho-USP tamb\u00e9m ser\u00e1 realizado mediante regula\u00e7\u00e3o pelo sistema CROSS (Central de Regula\u00e7\u00e3o de Ofertas de Servi\u00e7os de Sa\u00fade) da Secretaria de Estado da Sa\u00fade de S\u00e3o Paulo (SES-SP)<\/span><\/span>. <\/span><a href=\"https:\/\/hrac.usp.br\/noticias\/2019\/hrac-centrinho-usp-define-acesso-de-casos-novos-via-regulacao\/\" rel=\"noopener noreferrer\">Saiba mais <sub>(clique aqui)<\/sub><\/a><\/strong><br \/>\n<\/span><\/p>\n<p><strong><span style=\"font-size: 16px; color: #ff0000;\">Para informa\u00e7\u00f5es e orienta\u00e7\u00f5es, entre em contato:\u00a0<\/span><br \/>\n<\/strong><\/p>\n<p><strong><span style=\"font-size: 16px;\">\u2022 pelo telefone<\/span><span style=\"color: #000000;\"><span style=\"font-size: 16px;\"> (14) 3235-8128<\/span><\/span><\/strong><span style=\"color: #000000; font-size: 12px;\"><span style=\"color: #333333;\"><em><br \/>\n(de segunda a sexta-feira, das 8h \u00e0s 17h, <span style=\"color: #ff0000;\">SOMENTE PARA CASOS DE FISSURA LABIOPALATINA<\/span>)<\/em><\/span><\/span><strong><span style=\"color: #000000;\"><br \/>\n<\/span><\/strong><\/p>\n<p><strong><span style=\"font-size: 16px;\">\u2022 pelo e-mail <a href=\"mailto:casonovohrac@usp.br\">casonovohrac@usp.br<\/a><\/span><\/strong><\/p>\n<p><span style=\"font-size: 16px;\"><strong>\u2022 ou preencha o <a href=\"https:\/\/hrac.usp.br\/saude\/agendamento\/caso-novo\/\"><span style=\"color: #000000;\">formul\u00e1rio de contato para Caso Novo <\/span><sub>(clique aqui)<\/sub><\/a><\/strong><\/span><\/p>\n<p><em><strong><span style=\"color: #ff0000;\">Aten\u00e7\u00e3o:<\/span><span style=\"color: #000000;\"> as informa\u00e7\u00f5es acima s\u00e3o referentes somente aos <span style=\"color: #ff0000;\">casos novos de fissura labiopalatina e anomalias craniofaciais<\/span>. O atendimento a casos novos de Sa\u00fade Auditiva, que j\u00e1 s\u00e3o regulados pelo sistema CROSS, permanece inalterado. <\/span><\/strong><\/em><\/p>\n<\/blockquote>\n<p style=\"text-align: center;\"><span style=\"font-size: 24px;\"><strong>\u2022<\/strong><\/span><\/p>\n<blockquote>\n<p><span style=\"font-size: 20px;\"><strong><span style=\"color: #ff0000;\">Aviso aos usu\u00e1rios agendados para INTERNA\u00c7\u00c3O CIR\u00daRGICA\u00a0<\/span><\/strong><\/span><\/p>\n<p style=\"text-align: left;\"><span style=\"color: #333333;\"><strong><span style=\"font-size: 16px;\"><span style=\"color: #333333;\">\u2022 Como medida de preven\u00e7\u00e3o \u00e0 dissemina\u00e7\u00e3o do novo coronav\u00edrus, comunicamos que,<\/span> <span style=\"color: #ff0000;\"><span style=\"color: #333333;\">a partir de 14\/01\/2022,<\/span> n\u00e3o ser\u00e1 permitida a perman\u00eancia de acompanhantes para pacientes maiores de 18 anos<\/span><span style=\"color: #333333;\">, exceto nas seguintes cirurgias: ortogn\u00e1tica, timpanomastoide, implante coclear, enxerto \u00f3sseo alveolar e craniofacial.\u00a0<\/span><\/span><\/strong><\/span><\/p>\n<p style=\"text-align: left;\"><strong><span style=\"font-size: 16px;\"><span style=\"color: #333333;\">\u2022 Permanecem suspensas as visitas aos pacientes internados.\u00a0<\/span><\/span><\/strong><\/p>\n<p style=\"text-align: left;\"><span style=\"font-size: 16px;\"><strong><span style=\"color: #333333;\">\u2022 Permanece autorizada a troca de acompanhantes para crian\u00e7as at\u00e9 4 anos incompletos.\u00a0<\/span><\/strong><\/span><\/p>\n<\/blockquote>\n<p style=\"text-align: center;\"><span style=\"font-size: 24px;\"><strong>\u2022<\/strong><\/span><\/p>\n<blockquote>\n<p><strong><span style=\"color: #ff0000; font-size: 20px;\">Pacientes que dependem de transporte a\u00e9reo para procedimento cir\u00fargico no HRAC-USP<\/span><\/strong><\/p>\n<p><span style=\"font-size: 16px;\"><strong><span style=\"color: #333333;\">Ap\u00f3s a realiza\u00e7\u00e3o da cirurgia e da alta hospitalar, o paciente dever\u00e1 permanecer na cidade (Bauru &#8211; SP) e aguardar a aprova\u00e7\u00e3o do formul\u00e1rio m\u00e9dico <span style=\"color: #ff0000;\">MEDIF<\/span> pelo m\u00e9dico perito da companhia a\u00e9rea. <\/span><\/strong><\/span><span style=\"font-size: 16px; color: #333333;\"><strong><span style=\"color: #ff0000;\">Este prazo poder\u00e1 variar <span style=\"text-decoration: underline;\">de 02 a 20 dias<\/span>.<\/span><\/strong><\/span><\/p>\n<p><span style=\"font-size: 16px;\"><strong><span style=\"color: #333333;\">Portanto, <span style=\"text-decoration: underline;\"><span style=\"color: #ff0000; text-decoration: underline;\">n\u00e3o marquem a passagem de volta sem a autoriza\u00e7\u00e3o do MEDIF<\/span><\/span> e venham preparados com recursos para a perman\u00eacia na cidade de Bauru &#8211; SP pelo tempo necess\u00e1rio.<\/span><\/strong><\/span><\/p>\n<\/blockquote>\n<p>&nbsp;<\/p>\n<p><span style=\"font-size: 16px;\"><strong><span style=\"color: #000000;\"><span style=\"color: #ff0000;\">Todos os usu\u00e1rios com vaga agendada para INTERNA\u00c7\u00c3O CIR\u00daRGICA dever\u00e3o confirmar a presen\u00e7a em at\u00e9 07 (sete) dias antes da data de agendamento. <\/span><\/span><\/strong><\/span><span style=\"color: #ff0000;\"><strong><span style=\"color: #ff0000; font-size: 16px;\">Caso a presen\u00e7a n\u00e3o seja confirmada, o atendimento ser\u00e1 automaticamente CANCELADO.\u00a0<\/span><br \/>\n<\/strong><\/span><\/p>\n<p><span style=\"font-size: 16px;\"><span style=\"color: #000000;\"><strong><span style=\"color: #000000;\">A confirma\u00e7\u00e3o de presen\u00e7a dever\u00e1 ser feita por e-mail ou atrav\u00e9s do <\/span><a style=\"color: #000000;\" href=\"#contato\">formul\u00e1rio de contato com a Central de Agendamento <sub>(clique aqui)<\/sub><\/a>.<\/strong><\/span>\u00a0<\/span><\/p>\n<p><span style=\"font-size: 16px;\"><strong><a href=\"https:\/\/hrac.usp.br\/saude\/internacao\/\" target=\"_blank\" rel=\"noopener noreferrer\">Mais informa\u00e7\u00f5es <sub>(clique aqui)<\/sub><\/a><\/strong> <\/span>\u00a0<\/p>\n<p>&nbsp;<\/p>\n<p><strong><span style=\"color: #ff0000; font-size: 16px;\">ATEN\u00c7\u00c3O: <\/span><\/strong><span style=\"color: #000000;\"><strong><span style=\"color: #000000;\"><span style=\"font-size: 16px;\">Para melhor resultado cir\u00fargico, recomendamos que seja usado soro fisiol\u00f3gico nas narinas tr\u00eas vezes ao dia, durante os 15 dias que antecedem a cirurgia, para diminuir o \u00edndice de infec\u00e7\u00e3o p\u00f3s-operat\u00f3ria.\u00a0<\/span> <br \/>\n<\/span><\/strong><\/span><\/p>\n<p>&nbsp;<\/p>\n<hr \/>\n<p>&nbsp;<\/p>\n<p><strong><span style=\"font-size: 16px;\">Todos os atendimentos no HRAC\/Centrinho-USP s\u00e3o previamente agendados!<\/span><\/strong><\/p>\n<p>Por isso, <strong>\u00c9 MUITO IMPORTANTE:<\/strong><\/p>\n<p style=\"padding-left: 30px;\"><strong>\u2022 Manter seus contatos atualizados<\/strong> (endere\u00e7os, telefones, e-mail);\u00a0<br \/>\n<strong>\u2022 Procurar n\u00e3o faltar aos atendimentos agendados<\/strong>; <br \/>\n<strong>\u2022 Se, por acaso,<\/strong> <strong>n\u00e3o puder comparecer, avisar o HRAC-USP o quanto antes!<\/strong><br \/>\nAssim, poderemos transferir o atendimento e essa vaga na agenda poder\u00e1 ser destinada a outra pessoa.<\/p>\n<p>&nbsp;<\/p>\n<p><span style=\"font-size: 14px;\"><a id=\"contato\"><\/a>Para <strong>ATUALIZAR O ENDERE\u00c7O<\/strong>, <strong>JUSTIFICAR UMA FALTA <\/strong>ao agendamento, <strong>PEDIR TRANSFER\u00caNCIA<\/strong> do atendimento ou pedir <\/span><strong><span style=\"font-size: 14px;\">INFORMA\u00c7\u00d5ES sobre agendamento ou atendimento, use o formul\u00e1rio de contato abaixo: <\/span><br \/>\n<\/strong><\/p>\n<p><sup>(N\u00e3o se esque\u00e7a de<strong> PREENCHER TODOS OS CAMPOS marcados com * ; <\/strong>caso contr\u00e1rio, a mensagem n\u00e3o ser\u00e1 enviada!)<\/sup><\/p>\n<p style=\"padding-left: 30px;\">\u00a0<br \/>\n\n<div class=\"wpcf7 no-js\" id=\"wpcf7-f3181-o1\" lang=\"pt-BR\" dir=\"ltr\" data-wpcf7-id=\"3181\">\n<div class=\"screen-reader-response\"><p role=\"status\" aria-live=\"polite\" aria-atomic=\"true\"><\/p> <ul><\/ul><\/div>\n<form action=\"\/es\/wp-json\/wp\/v2\/pages\/225#wpcf7-f3181-o1\" method=\"post\" class=\"wpcf7-form init\" aria-label=\"Contact form\" novalidate=\"novalidate\" data-status=\"init\">\n<fieldset class=\"hidden-fields-container\"><input type=\"hidden\" name=\"_wpcf7\" value=\"3181\" \/><input type=\"hidden\" name=\"_wpcf7_version\" value=\"6.1.5\" \/><input type=\"hidden\" name=\"_wpcf7_locale\" value=\"pt_BR\" \/><input type=\"hidden\" name=\"_wpcf7_unit_tag\" value=\"wpcf7-f3181-o1\" \/><input type=\"hidden\" name=\"_wpcf7_container_post\" value=\"0\" \/><input type=\"hidden\" name=\"_wpcf7_posted_data_hash\" value=\"\" \/>\n<\/fieldset>\n<p><span style=\"font-size: 16px;\"><strong>Escolha a \u00c1REA DE TRATAMENTO com a qual deseja contato:<\/strong><\/span><br \/>\n<span class=\"wpcf7-form-control-wrap\" data-name=\"email_programa\"><select class=\"wpcf7-form-control wpcf7-select wpcf7-validates-as-required\" aria-required=\"true\" aria-invalid=\"false\" name=\"email_programa\"><option value=\"\">&#8212;Please choose an option&#8212;<\/option><option value=\"FISSURA LABIOPALATINA\">FISSURA LABIOPALATINA<\/option><option value=\"IMPLANTE COCLEAR\">IMPLANTE COCLEAR<\/option><option value=\"SA\u00daDE AUDITIVA\">SA\u00daDE AUDITIVA<\/option><option value=\"S\u00cdNDROMES\/OUTRAS ANOMALIAS CRANIOFACIAIS\">S\u00cdNDROMES\/OUTRAS ANOMALIAS CRANIOFACIAIS<\/option><\/select><\/span>\n<\/p>\n<p><strong>Motivo do contato:<\/strong> *<br \/>\n<span class=\"wpcf7-form-control-wrap\" data-name=\"assunto_contato\"><select class=\"wpcf7-form-control wpcf7-select wpcf7-validates-as-required\" aria-required=\"true\" aria-invalid=\"false\" name=\"assunto_contato\"><option value=\"\">&#8212;Please choose an option&#8212;<\/option><option value=\"Agendamento (confirma\u00e7\u00e3o de interna\u00e7\u00e3o cir\u00fargica)\">Agendamento (confirma\u00e7\u00e3o de interna\u00e7\u00e3o cir\u00fargica)<\/option><option value=\"Agendamento (aviso ou justificativa de falta, pedido de transfer\u00eancia, outros)\">Agendamento (aviso ou justificativa de falta, pedido de transfer\u00eancia, outros)<\/option><option value=\"Atualiza\u00e7\u00e3o cadastral (endere\u00e7o, telefone, e-mail, outros)\">Atualiza\u00e7\u00e3o cadastral (endere\u00e7o, telefone, e-mail, outros)<\/option><option value=\"Informa\u00e7\u00f5es gerais sobre agendamento ou atendimento\">Informa\u00e7\u00f5es gerais sobre agendamento ou atendimento<\/option><\/select><\/span>\n<\/p>\n<p><strong>Seu nome completo:<\/strong> *<br \/>\n<span class=\"wpcf7-form-control-wrap\" data-name=\"nome_completo\"><input size=\"40\" maxlength=\"400\" class=\"wpcf7-form-control wpcf7-text wpcf7-validates-as-required\" aria-required=\"true\" aria-invalid=\"false\" value=\"\" type=\"text\" name=\"nome_completo\" \/><\/span><br \/>\n<strong>Seu endere\u00e7o de e-mail:<\/strong> *<br \/>\n<span class=\"wpcf7-form-control-wrap\" data-name=\"email_contato\"><input size=\"40\" maxlength=\"400\" class=\"wpcf7-form-control wpcf7-email wpcf7-validates-as-required wpcf7-text wpcf7-validates-as-email\" aria-required=\"true\" aria-invalid=\"false\" value=\"\" type=\"email\" name=\"email_contato\" \/><\/span><br \/>\n<strong>Seu telefone para contato:<\/strong> *<br \/>\n<span class=\"wpcf7-form-control-wrap\" data-name=\"tel_contato\"><input size=\"40\" maxlength=\"400\" class=\"wpcf7-form-control wpcf7-tel wpcf7-validates-as-required wpcf7-text wpcf7-validates-as-tel\" aria-required=\"true\" aria-invalid=\"false\" placeholder=\"exemplo: (14)3235-8000\" value=\"\" type=\"tel\" name=\"tel_contato\" \/><\/span>\n<\/p>\n<p><strong>Nome completo do PACIENTE:<\/strong> *<br \/>\n<span class=\"wpcf7-form-control-wrap\" data-name=\"nome_paciente\"><input size=\"40\" maxlength=\"400\" class=\"wpcf7-form-control wpcf7-text wpcf7-validates-as-required\" aria-required=\"true\" aria-invalid=\"false\" value=\"\" type=\"text\" name=\"nome_paciente\" \/><\/span><br \/>\n<strong>N\u00famero do prontu\u00e1rio do PACIENTE:<\/strong> *<br \/>\n<span class=\"wpcf7-form-control-wrap\" data-name=\"num_prontuario\"><input size=\"40\" maxlength=\"6\" minlength=\"1\" class=\"wpcf7-form-control wpcf7-text wpcf7-validates-as-required\" aria-required=\"true\" aria-invalid=\"false\" value=\"\" type=\"text\" name=\"num_prontuario\" \/><\/span>\n<\/p>\n<p><strong>Sua mensagem:<\/strong> *<br \/>\n<span class=\"wpcf7-form-control-wrap\" data-name=\"mensagem_contato\"><textarea cols=\"40\" rows=\"10\" maxlength=\"2000\" class=\"wpcf7-form-control wpcf7-textarea wpcf7-validates-as-required\" aria-required=\"true\" aria-invalid=\"false\" placeholder=\"digite sua mensagem aqui...\" name=\"mensagem_contato\"><\/textarea><\/span>\n<\/p>\n<p><strong>Por favor, digite novamante seu endere\u00e7o de e-mail:<\/strong> *<br \/>\n<span class=\"wpcf7-form-control-wrap\" data-name=\"confirma_email\"><input size=\"40\" maxlength=\"400\" class=\"wpcf7-form-control wpcf7-email wpcf7-validates-as-required wpcf7-text wpcf7-validates-as-email\" aria-required=\"true\" aria-invalid=\"false\" value=\"\" type=\"email\" name=\"confirma_email\" \/><\/span>\n<\/p>\n<p><input class=\"wpcf7-form-control wpcf7-submit has-spinner\" type=\"submit\" value=\"Enviar\" \/>\n<\/p><div class=\"wpcf7-response-output\" aria-hidden=\"true\"><\/div>\n<\/form>\n<\/div>\n\n<p>&nbsp;<\/p>\n<p>&nbsp;<\/p>\n<p><span style=\"font-size: 16px;\"><strong><span style=\"font-size: 20px;\">Servi\u00e7o de Prontu\u00e1rio de Pacientes<\/span> \u00a0<\/strong><\/span> <br \/>\n<span style=\"color: #000000;\"><strong>Hor\u00e1rio de atendimento:<\/strong> de segunda \u00e0 sexta-feira, das <strong>8h<\/strong> \u00e0s <strong>17h<\/strong><\/span> <br \/>\n<strong><em>e<\/em>-mail: <a href=\"mailto:spp@usp.br\"><span style=\"color: #000000;\">spp@usp.br<\/span><\/a><\/strong><strong> \u00a0<br \/>\ntelefone:<span style=\"color: #000000;\"> (14) 3235-8000<\/span> <br \/>\n<\/strong><em><sup>(op\u00e7\u00e3o 2: &#8220;Hospital Centrinho&#8221;; em seguida, op\u00e7\u00e3o 1: &#8220;Central de Agendamento&#8221;)<\/sup><\/em><br \/>\n<strong> endere\u00e7o:<\/strong> rua S\u00edlvio Marchione, 3-20 \u2022 Vila Universit\u00e1ria \u2022 CEP 17.012-900 \u2022 Bauru &#8211; SP<\/p>\n<p>&nbsp;<\/p>\n<p>&nbsp;<\/p>\n<p>&nbsp;<\/p>","protected":false},"excerpt":{"rendered":"<p>Disculpa, pero esta entrada est\u00e1 disponible s\u00f3lo en Portugu\u00eas do Brasil.&nbsp; &nbsp; ATEN\u00c7\u00c3O! O HRAC\/Centrinho-USP informa: \u00a0 Fluxo de atendimentos<\/p>\n","protected":false},"author":1,"featured_media":0,"parent":26211,"menu_order":1,"comment_status":"closed","ping_status":"closed","template":"","meta":{"colormag_page_container_layout":"default_layout","colormag_page_sidebar_layout":"default_layout","footnotes":"","_links_to":"","_links_to_target":""},"class_list":["post-225","page","type-page","status-publish","hentry"],"_links":{"self":[{"href":"https:\/\/hrac.usp.br\/es\/wp-json\/wp\/v2\/pages\/225","targetHints":{"allow":["GET"]}}],"collection":[{"href":"https:\/\/hrac.usp.br\/es\/wp-json\/wp\/v2\/pages"}],"about":[{"href":"https:\/\/hrac.usp.br\/es\/wp-json\/wp\/v2\/types\/page"}],"author":[{"embeddable":true,"href":"https:\/\/hrac.usp.br\/es\/wp-json\/wp\/v2\/users\/1"}],"replies":[{"embeddable":true,"href":"https:\/\/hrac.usp.br\/es\/wp-json\/wp\/v2\/comments?post=225"}],"version-history":[{"count":1,"href":"https:\/\/hrac.usp.br\/es\/wp-json\/wp\/v2\/pages\/225\/revisions"}],"predecessor-version":[{"id":34940,"href":"https:\/\/hrac.usp.br\/es\/wp-json\/wp\/v2\/pages\/225\/revisions\/34940"}],"up":[{"embeddable":true,"href":"https:\/\/hrac.usp.br\/es\/wp-json\/wp\/v2\/pages\/26211"}],"wp:attachment":[{"href":"https:\/\/hrac.usp.br\/es\/wp-json\/wp\/v2\/media?parent=225"}],"curies":[{"name":"wp","href":"https:\/\/api.w.org\/{rel}","templated":true}]}}