
{"id":6981,"date":"2026-04-27T17:38:42","date_gmt":"2026-04-27T20:38:42","guid":{"rendered":"http:\/\/hrac.usp.br\/?page_id=6981"},"modified":"2026-04-27T17:39:06","modified_gmt":"2026-04-27T20:39:06","slug":"cpg-hrac","status":"publish","type":"page","link":"https:\/\/hrac.usp.br\/en\/pos-graduacao\/programa\/cpg-hrac\/","title":{"rendered":"Post Graduation Committee"},"content":{"rendered":"<p class=\"qtranxs-available-languages-message qtranxs-available-languages-message-en\">Sorry, this entry is only available in <a href=\"https:\/\/hrac.usp.br\/pb\/wp-json\/wp\/v2\/pages\/6981\" class=\"qtranxs-available-language-link qtranxs-available-language-link-pb\" title=\"Portugu\u00eas do Brasil\">Portugu\u00eas do Brasil<\/a>.<\/p><p><span style=\"font-size: 20px;\"><strong>Composi\u00e7\u00e3o<\/strong><br \/>\n<\/span><\/p>\n<p style=\"padding-left: 80px;\"><span style=\"font-size: 16px;\"><strong>Prof. Dr. Sergio Henrique Kiemle Trindade <span style=\"color: #999999;\"><span style=\"color: #808080;\">(Presidente)\u00a0<\/span><span style=\"color: #999999;\"><br \/>\n<\/span><\/span>Prof. Dr. Adriano Yacubian Fernandes <span style=\"color: #808080;\">(Vice-presidente)<\/span> <\/strong><\/span><span style=\"color: #999999;\"><br \/>\n<\/span><\/p>\n<p style=\"padding-left: 80px;\"><span style=\"color: #000000;\">Profa. Dra. Alessandra Mazzo<\/span> <span style=\"color: #808080;\">(titular)\u00a0<\/span> <br \/>\n<span style=\"color: #000000;\">Prof. Dr. Julio Cesar Garcia de Alencar<\/span> <span style=\"color: #999999;\"><span style=\"color: #808080;\">(suplente)<\/span> <br \/>\n<\/span><\/p>\n<p style=\"padding-left: 80px;\"><span style=\"color: #000000;\">Prof. Dr. Cristiano Tonello<\/span> <span style=\"color: #808080;\">(titular)\u00a0<\/span> <br \/>\n<span style=\"color: #000000;\">Profa. Dra. Agnes de Fatima Pereira Cruvinel<\/span> <span style=\"color: #999999;\"><span style=\"color: #808080;\">(suplente)\u00a0<\/span> <\/span><\/p>\n<p style=\"padding-left: 80px;\"><span style=\"color: #000000;\">Profa. Dra. Mariane Nunes de Nadai<\/span> <span style=\"color: #808080;\">(titular)\u00a0<\/span><br \/>\n<span style=\"color: #000000;\">Prof. Dr. Carlos Antonio Negrato<\/span> <span style=\"color: #999999;\"><span style=\"color: #808080;\">(suplente)<\/span> <br \/>\n<\/span><\/p>\n<p style=\"padding-left: 80px;\"><span style=\"color: #000000;\">Prof. Dr. Luiz Fernando Manzoni Louren\u00e7one<\/span> <span style=\"color: #808080;\">(titular)\u00a0<\/span><\/p>\n<p style=\"padding-left: 80px;\"><span style=\"color: #808080;\"><span style=\"color: #000000;\">Gabriel Bispo Botari<\/span> (representante discente titular) <\/span><br \/>\n<span style=\"color: #808080;\"><span style=\"color: #000000;\">Vinicius Contrucci Dantas Segarra<\/span> (representante discente suplente)<\/span><\/p>\n<p>&nbsp;<\/p>\n<hr \/>\n<p><span style=\"font-size: 20px; color: #333333;\"><strong>Calend\u00e1rio de Reuni\u00f5es Ordin\u00e1rias \u2022 CPG\/FMBRU-USP \u2022 2026<\/strong><\/span><em><span style=\"font-size: 20px;\"><strong><br \/>\n<\/strong><\/span><\/em><\/p>\n<blockquote>\n<p style=\"text-align: center;\"><em><span style=\"color: #000000;\"><strong><span style=\"color: #333333;\">Informamos que as solicita\u00e7\u00f5es de credenciamento\/recredenciamento de orientador, de coorientador e de disciplinas requerem emiss\u00e3o de parecer, portanto,<\/span> <span style=\"text-decoration: underline; color: #ff0000;\">devem ser encaminhadas com maior anteced\u00eancia<\/span><span style=\"color: #333333;\">.<\/span><\/strong><\/span><\/em><\/p>\n<\/blockquote>\n<table class=\" aligncenter\" style=\"width: 700px;\">\n<tbody>\n<tr style=\"background-color: #00aca8;\">\n<td style=\"vertical-align: middle; width: 120px; text-align: center; font-weight: bold;\">M\u00eas\/2025<\/td>\n<td style=\"vertical-align: middle; width: 100px; text-align: center; font-weight: bold;\">Hor\u00e1rio<\/td>\n<td style=\"vertical-align: middle; width: 240px; text-align: center; font-weight: bold;\">Reuni\u00e3o da CPG<br \/>\n(sexta-feira, 14h)<\/td>\n<td style=\"width: 240px; text-align: center; vertical-align: middle; background-color: #dedede;\"><strong><span style=\"color: #ff0000;\">\u00a0DATA LIMITE <\/span><br \/>\n<span style=\"color: #ff0000;\">para recebimento de documentos para a pauta pela SecPG<\/span> <span style=\"color: #ff0000;\"><br \/>\n<\/span><\/strong><\/td>\n<\/tr>\n<tr>\n<td style=\"vertical-align: middle; text-align: center; font-weight: bold;\">janeiro<\/td>\n<td style=\"vertical-align: middle; text-align: center;\">&#8212;<\/td>\n<td style=\"vertical-align: middle; text-align: center; font-weight: bold;\">n\u00e3o haver\u00e1 reuni\u00e3o<\/td>\n<td style=\"text-align: center; vertical-align: middle; background-color: #dedede;\"><strong><span style=\"color: #ff0000;\">\u00a0&#8212;<\/span><\/strong><\/td>\n<\/tr>\n<tr>\n<td style=\"vertical-align: middle; text-align: center; font-weight: bold;\">fevereiro<\/td>\n<td style=\"vertical-align: middle; text-align: center;\">9h<\/td>\n<td style=\"vertical-align: middle; text-align: center; font-weight: bold;\">04\/02\/2026<\/td>\n<td style=\"text-align: center; vertical-align: middle; background-color: #dedede;\"><strong><span style=\"color: #ff0000;\">28\/01\/2026<\/span><\/strong><\/td>\n<\/tr>\n<tr>\n<td style=\"vertical-align: middle; text-align: center; font-weight: bold;\">mar\u00e7o<\/td>\n<td style=\"vertical-align: middle; text-align: center;\">9h<\/td>\n<td style=\"vertical-align: middle; text-align: center; font-weight: bold;\">04\/03\/2026<\/td>\n<td style=\"text-align: center; vertical-align: middle; background-color: #dedede;\"><strong><span style=\"color: #ff0000;\">25\/02\/2026<\/span><\/strong><\/td>\n<\/tr>\n<tr>\n<td style=\"vertical-align: middle; text-align: center; font-weight: bold;\">abril<\/td>\n<td style=\"vertical-align: middle; text-align: center;\">9h<\/td>\n<td style=\"vertical-align: middle; text-align: center; font-weight: bold;\">01\/04\/2026<\/td>\n<td style=\"text-align: center; vertical-align: middle; background-color: #dedede;\"><strong><span style=\"color: #ff0000;\">25\/03\/2026<\/span><\/strong><\/td>\n<\/tr>\n<tr>\n<td style=\"vertical-align: middle; text-align: center; font-weight: bold;\">maio<\/td>\n<td style=\"vertical-align: middle; text-align: center;\">9h<\/td>\n<td style=\"vertical-align: middle; text-align: center; font-weight: bold;\">06\/05\/2026<\/td>\n<td style=\"text-align: center; vertical-align: middle; background-color: #dedede;\"><strong><span style=\"color: #ff0000;\">29\/04\/2026<\/span><\/strong><\/td>\n<\/tr>\n<tr>\n<td style=\"vertical-align: middle; text-align: center; font-weight: bold;\">junho<\/td>\n<td style=\"vertical-align: middle; text-align: center;\">9h<\/td>\n<td style=\"vertical-align: middle; text-align: center; font-weight: bold;\">03\/06\/2026<\/td>\n<td style=\"text-align: center; vertical-align: middle; background-color: #dedede;\"><strong><span style=\"color: #ff0000;\">27\/05\/2026<\/span><\/strong><\/td>\n<\/tr>\n<tr>\n<td style=\"vertical-align: middle; text-align: center; font-weight: bold;\">julho<\/td>\n<td style=\"vertical-align: middle; text-align: center;\">&#8212;<\/td>\n<td style=\"vertical-align: middle; text-align: center; font-weight: bold;\">n\u00e3o haver\u00e1 reuni\u00e3o<\/td>\n<td style=\"text-align: center; vertical-align: middle; background-color: #dedede;\"><strong><span style=\"color: #ff0000;\">&#8212;<br \/>\n<\/span><\/strong><\/td>\n<\/tr>\n<tr>\n<td style=\"vertical-align: middle; text-align: center; font-weight: bold;\">agosto<\/td>\n<td style=\"vertical-align: middle; text-align: center;\">9h<\/td>\n<td style=\"vertical-align: middle; text-align: center; font-weight: bold;\">05\/08\/2026<\/td>\n<td style=\"text-align: center; vertical-align: middle; background-color: #dedede;\"><strong><span style=\"color: #ff0000;\">29\/07\/2026<br \/>\n<\/span><\/strong><\/td>\n<\/tr>\n<tr>\n<td style=\"vertical-align: middle; text-align: center; font-weight: bold;\">setembro<\/td>\n<td style=\"vertical-align: middle; text-align: center;\">9h<\/td>\n<td style=\"vertical-align: middle; text-align: center; font-weight: bold;\">02\/09\/2026<\/td>\n<td style=\"text-align: center; vertical-align: middle; background-color: #dedede;\"><strong><span style=\"color: #ff0000;\">26\/08\/2026<\/span><\/strong><\/td>\n<\/tr>\n<tr>\n<td style=\"vertical-align: middle; text-align: center; font-weight: bold;\">outubro<\/td>\n<td style=\"vertical-align: middle; text-align: center;\">9h<\/td>\n<td style=\"vertical-align: middle; text-align: center; font-weight: bold;\">07\/10\/2026<\/td>\n<td style=\"text-align: center; vertical-align: middle; background-color: #dedede;\"><strong><span style=\"color: #ff0000;\">30\/09\/2026<\/span><\/strong><\/td>\n<\/tr>\n<tr>\n<td style=\"vertical-align: middle; text-align: center; font-weight: bold;\">novembro<\/td>\n<td style=\"vertical-align: middle; text-align: center;\">9h<\/td>\n<td style=\"vertical-align: middle; text-align: center; font-weight: bold;\">04\/11\/2026<\/td>\n<td style=\"text-align: center; vertical-align: middle; background-color: #dedede;\"><strong><span style=\"color: #ff0000;\">27\/10\/2026<\/span><\/strong><\/td>\n<\/tr>\n<tr>\n<td style=\"vertical-align: middle; font-weight: bold; text-align: center;\">dezembro<\/td>\n<td style=\"vertical-align: middle; text-align: center;\">9h<\/td>\n<td style=\"vertical-align: middle; text-align: center; font-weight: bold;\">02\/12\/2026<\/td>\n<td style=\"text-align: center; vertical-align: middle; background-color: #dedede;\"><strong><span style=\"color: #ff0000;\">25\/11\/2026<\/span><\/strong><\/td>\n<\/tr>\n<\/tbody>\n<\/table>\n<p style=\"text-align: center;\"><strong><span style=\"font-size: 14px;\">CIRCULAR No 01\/2025 \u2013 CPG\/FMBRU-USP \u2013 19\/12\/2025 <a href=\"https:\/\/hrac.usp.br\/wp-content\/uploads\/2026\/01\/Reuniao-CPG-2026-assinado.pdf\">(download)<\/a><\/span><\/strong><\/p>\n<p>&nbsp;<\/p>","protected":false},"excerpt":{"rendered":"<p>Sorry, this entry is only available in Portugu\u00eas do Brasil.Composi\u00e7\u00e3o Prof. Dr. Sergio Henrique Kiemle Trindade (Presidente)\u00a0 Prof. Dr. Adriano<\/p>\n","protected":false},"author":13,"featured_media":0,"parent":279,"menu_order":0,"comment_status":"closed","ping_status":"closed","template":"","meta":{"colormag_page_container_layout":"default_layout","colormag_page_sidebar_layout":"default_layout","footnotes":"","_links_to":"","_links_to_target":""},"class_list":["post-6981","page","type-page","status-publish","hentry"],"_links":{"self":[{"href":"https:\/\/hrac.usp.br\/en\/wp-json\/wp\/v2\/pages\/6981","targetHints":{"allow":["GET"]}}],"collection":[{"href":"https:\/\/hrac.usp.br\/en\/wp-json\/wp\/v2\/pages"}],"about":[{"href":"https:\/\/hrac.usp.br\/en\/wp-json\/wp\/v2\/types\/page"}],"author":[{"embeddable":true,"href":"https:\/\/hrac.usp.br\/en\/wp-json\/wp\/v2\/users\/13"}],"replies":[{"embeddable":true,"href":"https:\/\/hrac.usp.br\/en\/wp-json\/wp\/v2\/comments?post=6981"}],"version-history":[{"count":12,"href":"https:\/\/hrac.usp.br\/en\/wp-json\/wp\/v2\/pages\/6981\/revisions"}],"predecessor-version":[{"id":53065,"href":"https:\/\/hrac.usp.br\/en\/wp-json\/wp\/v2\/pages\/6981\/revisions\/53065"}],"up":[{"embeddable":true,"href":"https:\/\/hrac.usp.br\/en\/wp-json\/wp\/v2\/pages\/279"}],"wp:attachment":[{"href":"https:\/\/hrac.usp.br\/en\/wp-json\/wp\/v2\/media?parent=6981"}],"curies":[{"name":"wp","href":"https:\/\/api.w.org\/{rel}","templated":true}]}}