
{"id":6226,"date":"2026-01-20T17:35:20","date_gmt":"2026-01-20T20:35:20","guid":{"rendered":"http:\/\/hrac.usp.br\/?page_id=6226"},"modified":"2026-01-20T17:39:07","modified_gmt":"2026-01-20T20:39:07","slug":"telessaude","status":"publish","type":"page","link":"https:\/\/hrac.usp.br\/en\/telessaude\/","title":{"rendered":"Telehealth"},"content":{"rendered":"<p class=\"qtranxs-available-languages-message qtranxs-available-languages-message-en\">Sorry, this entry is only available in <a href=\"https:\/\/hrac.usp.br\/pb\/wp-json\/wp\/v2\/pages\/6226\" class=\"qtranxs-available-language-link qtranxs-available-language-link-pb\" title=\"Portugu\u00eas do Brasil\">Portugu\u00eas do Brasil<\/a>.<\/p><p>&nbsp;<\/p>\n<p><span style=\"color: #000000; font-size: 16px;\"><span style=\"font-size: 20px;\">O <strong>N\u00facleo de Telessa\u00fade do HRAC-USP<\/strong> tem por finalidade promover iniciativas direcionadas \u00e0 a\u00e7\u00f5es de consultoria profissional \u00e0 dist\u00e2ncia, utilizando-se de tecnologias de comunica\u00e7\u00e3o.\u00a0<\/span><br \/>\n<\/span><\/p>\n<p>&nbsp;<\/p>\n<p><!-- ##################################################################\n\n\n\n\n<hr \/>\n\n\n\n\n<blockquote>\n\n\n<p style=\"text-align: center;\"><span style=\"color: #000000; font-size: 20px;\"><strong>AVISO IMPORTANTE<\/strong><\/span><\/p>\n\n\n\n\n<p>&nbsp;<\/p>\n\n\n\n\n<p style=\"text-align: center;\"><span style=\"color: #000000; font-size: 16px;\"><strong>Informamos que o N\u00facleo de Telessa\u00fade do HRAC\/Centrinho-USP entrar\u00e1 em recesso a partir do dia <span style=\"text-decoration: underline;\">22\/12\/2025<\/span>, retornando suas atividades em 15\/01\/2026.\u00a0 <\/strong><\/span><\/p>\n\n\n\n\n<p style=\"text-align: center;\"><span style=\"color: #000000; font-size: 16px;\"><strong>As mensagens recebidas durante este per\u00edodo ser\u00e3o devidamente tratadas e respondidas, em ordem de recebimento, <span style=\"text-decoration: underline;\">a partir de 16\/01\/2026<\/span>.\u00a0 <\/strong>\u00a0<\/span><\/p>\n\n\n\n\n<p style=\"text-align: right;\">\u00a0<\/p>\n\n\n\n\n<p style=\"text-align: right;\"><span style=\"color: #000000;\">Atenciosamente,<\/span><\/p>\n\n\n\n\n<p style=\"text-align: right;\"><em><strong><span style=\"color: #000000;\">N\u00facleo de Telessa\u00fade do HRAC\/Centrinho-USP\u00a0<\/span> <\/strong><\/em><\/p>\n\n\n<\/blockquote>\n\n\n\n\n<p>&nbsp;<\/p>\n\n\n\n\n########################################################## --><\/p>\n<hr \/>\n<p><strong><span style=\"font-size: 16px;\">Se voc\u00ea \u00e9 <span style=\"color: #ff0000;\">profissional de sa\u00fade<\/span> que tamb\u00e9m atende um de nossos pacientes e tem interesse em contactar nossos profissionais, das diversas \u00e1reas contempladas pelo HRAC, entre em contato conosco pelo formul\u00e1rio abaixo:\u00a0<\/span><br \/>\n<\/strong><\/p>\n<p>&nbsp;<\/p>\n<blockquote>\n<p><span style=\"font-size: 14px; color: #ff0000;\"><em><strong>ATEN\u00c7\u00c3O:<\/strong> <\/em><\/span><\/p>\n<p style=\"padding-left: 40px;\"><span style=\"color: #000000;\"><strong><span style=\"font-size: 14px;\"><em>Este formul\u00e1rio de contato, abaixo, \u00e9 destinado exclusivamente a profissionais.<\/em><\/span><\/strong><\/span><\/p>\n<p style=\"padding-left: 40px;\"><span style=\"font-size: 14px; color: #000000;\"><em>\u00a0<span style=\"color: #ff0000;\"><strong>Informamos aos usu\u00e1rios e\/ou respons\u00e1veis que, para solicitar c\u00f3pias de quaisquer documenta\u00e7\u00f5es cl\u00ednicas ou exames de imagem (imagens fotogr\u00e1ficas, radiogr\u00e1ficas ou tomogr\u00e1ficas), por favor entrem em contato enviando uma mensagem para o e-mail do setor respons\u00e1vel do HC Bauru: <span style=\"color: #000000;\">sam@hcbauru.faepa.br<\/span><\/strong><\/span><\/em><\/span><\/p>\n<p style=\"padding-left: 40px;\"><span style=\"font-size: 14px; color: #000000;\"><em>Agradecemos a compreens\u00e3o<\/em><em>!<br \/>\n\u00a0<br \/>\n<\/em><\/span><\/p>\n<\/blockquote>\n<p>&nbsp;<\/p>\n\n<div class=\"wpcf7 no-js\" id=\"wpcf7-f6229-o1\" lang=\"pt-BR\" dir=\"ltr\" data-wpcf7-id=\"6229\">\n<div class=\"screen-reader-response\"><p role=\"status\" aria-live=\"polite\" aria-atomic=\"true\"><\/p> <ul><\/ul><\/div>\n<form action=\"\/en\/wp-json\/wp\/v2\/pages\/6226#wpcf7-f6229-o1\" method=\"post\" class=\"wpcf7-form init\" aria-label=\"Formul\u00e1rios de contato\" novalidate=\"novalidate\" data-status=\"init\">\n<fieldset class=\"hidden-fields-container\"><input type=\"hidden\" name=\"_wpcf7\" value=\"6229\" \/><input type=\"hidden\" name=\"_wpcf7_version\" value=\"6.1.5\" \/><input type=\"hidden\" name=\"_wpcf7_locale\" value=\"pt_BR\" \/><input type=\"hidden\" name=\"_wpcf7_unit_tag\" value=\"wpcf7-f6229-o1\" \/><input type=\"hidden\" name=\"_wpcf7_container_post\" value=\"0\" \/><input type=\"hidden\" name=\"_wpcf7_posted_data_hash\" value=\"\" \/>\n<\/fieldset>\n<p><strong>Seu nome completo:<\/strong><br \/>\n<span class=\"wpcf7-form-control-wrap\" data-name=\"nome_completo\"><input size=\"40\" maxlength=\"400\" class=\"wpcf7-form-control wpcf7-text wpcf7-validates-as-required\" aria-required=\"true\" aria-invalid=\"false\" value=\"\" type=\"text\" name=\"nome_completo\" \/><\/span><br \/>\n<strong>Seu endere\u00e7o de e-mail:<\/strong><br \/>\n<span class=\"wpcf7-form-control-wrap\" data-name=\"email_contato\"><input size=\"40\" maxlength=\"400\" class=\"wpcf7-form-control wpcf7-email wpcf7-validates-as-required wpcf7-text wpcf7-validates-as-email\" aria-required=\"true\" aria-invalid=\"false\" placeholder=\"exemplo: seu_email@email.com.br\" value=\"\" type=\"email\" name=\"email_contato\" \/><\/span><br \/>\n<strong>Seu telefone para contato:<\/strong><br \/>\n<span class=\"wpcf7-form-control-wrap\" data-name=\"tel_contato\"><input size=\"40\" maxlength=\"400\" class=\"wpcf7-form-control wpcf7-tel wpcf7-validates-as-required wpcf7-text wpcf7-validates-as-tel\" aria-required=\"true\" aria-invalid=\"false\" placeholder=\"exemplo: (14)3235-8000\" value=\"\" type=\"tel\" name=\"tel_contato\" \/><\/span>\n<\/p>\n<p><strong>Registro em \u00f3rg\u00e3o de classe profissional:<\/strong><br \/>\n<span class=\"wpcf7-form-control-wrap\" data-name=\"reg_classe\"><input size=\"40\" maxlength=\"400\" class=\"wpcf7-form-control wpcf7-text wpcf7-validates-as-required\" aria-required=\"true\" aria-invalid=\"false\" placeholder=\"exemplo: CRO-SP 12345-6\" value=\"\" type=\"text\" name=\"reg_classe\" \/><\/span><br \/>\n<strong>Cidade:<\/strong><br \/>\n<span class=\"wpcf7-form-control-wrap\" data-name=\"cidade_contato\"><input size=\"40\" maxlength=\"400\" class=\"wpcf7-form-control wpcf7-text wpcf7-validates-as-required\" aria-required=\"true\" aria-invalid=\"false\" placeholder=\"exemplo: Bauru\" value=\"\" type=\"text\" name=\"cidade_contato\" \/><\/span><br \/>\n<strong>Estado:<\/strong><br \/>\n<span class=\"wpcf7-form-control-wrap\" data-name=\"estado_contato\"><select class=\"wpcf7-form-control wpcf7-select wpcf7-validates-as-required\" aria-required=\"true\" aria-invalid=\"false\" name=\"estado_contato\"><option value=\"\">&#8212;Escolha uma op\u00e7\u00e3o&#8212;<\/option><option value=\"Acre\">Acre<\/option><option value=\"Alagoas\">Alagoas<\/option><option value=\"Amap\u00e1\">Amap\u00e1<\/option><option value=\"Amazonas\">Amazonas<\/option><option value=\"Bahia\">Bahia<\/option><option value=\"Cear\u00e1\">Cear\u00e1<\/option><option value=\"Distrito Federal\">Distrito Federal<\/option><option value=\"Distrito Federal\">Distrito Federal<\/option><option value=\"Esp\u00edrito Santo\">Esp\u00edrito Santo<\/option><option value=\"Goi\u00e1s\">Goi\u00e1s<\/option><option value=\"Maranh\u00e3o\">Maranh\u00e3o<\/option><option value=\"Mato Grosso\">Mato Grosso<\/option><option value=\"Mato Grosso do Sul\">Mato Grosso do Sul<\/option><option value=\"Minas Gerais\">Minas Gerais<\/option><option value=\"Paran\u00e1\">Paran\u00e1<\/option><option value=\"Para\u00edba\">Para\u00edba<\/option><option value=\"Par\u00e1\">Par\u00e1<\/option><option value=\"Pernambuco\">Pernambuco<\/option><option value=\"Piau\u00ed\">Piau\u00ed<\/option><option value=\"Rio de Janeiro\">Rio de Janeiro<\/option><option value=\"Rio Grande do Norte\">Rio Grande do Norte<\/option><option value=\"Rio Grande do Sul\">Rio Grande do Sul<\/option><option value=\"Rond\u00f4nia\">Rond\u00f4nia<\/option><option value=\"Roraima\">Roraima<\/option><option value=\"Santa Catarina\">Santa Catarina<\/option><option value=\"Sergipe\">Sergipe<\/option><option value=\"S\u00e3o Paulo\">S\u00e3o Paulo<\/option><option value=\"Tocantins\">Tocantins<\/option><\/select><\/span>\n<\/p>\n<p><strong>Selecione a \u00e1rea com a qual deseja contato:<\/strong><br \/>\n<span class=\"wpcf7-form-control-wrap\" data-name=\"area_contato\"><select class=\"wpcf7-form-control wpcf7-select wpcf7-validates-as-required\" aria-required=\"true\" aria-invalid=\"false\" name=\"area_contato\"><option value=\"\">&#8212;Escolha uma op\u00e7\u00e3o&#8212;<\/option><option value=\"Audiologia\">Audiologia<\/option><option value=\"Enfermagem\">Enfermagem<\/option><option value=\"Fonoaudiologia\">Fonoaudiologia<\/option><option value=\"Medicina\">Medicina<\/option><option value=\"Odontologia\">Odontologia<\/option><option value=\"Psicologia\">Psicologia<\/option><\/select><\/span>\n<\/p>\n<p><strong>Nome Completo do Paciente:<\/strong><br \/>\n<span class=\"wpcf7-form-control-wrap\" data-name=\"nome_paciente\"><input size=\"40\" maxlength=\"400\" class=\"wpcf7-form-control wpcf7-text\" aria-invalid=\"false\" value=\"\" type=\"text\" name=\"nome_paciente\" \/><\/span><br \/>\n<strong>N\u00famero do Prontu\u00e1rio do Paciente (RG-HRAC):<\/strong><br \/>\n<span class=\"wpcf7-form-control-wrap\" data-name=\"num_prontuario\"><input size=\"40\" maxlength=\"6\" minlength=\"1\" class=\"wpcf7-form-control wpcf7-text\" aria-invalid=\"false\" value=\"\" type=\"text\" name=\"num_prontuario\" \/><\/span>\n<\/p>\n<p><strong>Assunto:<\/strong><br \/>\n<span class=\"wpcf7-form-control-wrap\" data-name=\"assunto_contato\"><select class=\"wpcf7-form-control wpcf7-select wpcf7-validates-as-required\" aria-required=\"true\" aria-invalid=\"false\" name=\"assunto_contato\"><option value=\"\">&#8212;Escolha uma op\u00e7\u00e3o&#8212;<\/option><option value=\"Profissional atendendo paciente do HRAC\/Centrinho-USP\">Profissional atendendo paciente do HRAC\/Centrinho-USP<\/option><option value=\"Andamento de contato anterior\">Andamento de contato anterior<\/option><option value=\"Informa\u00e7\u00f5es gerais\">Informa\u00e7\u00f5es gerais<\/option><\/select><\/span>\n<\/p>\n<p><strong>Sua mensagem:<\/strong><br \/>\n<span class=\"wpcf7-form-control-wrap\" data-name=\"mensagem_contato\"><textarea cols=\"40\" rows=\"10\" maxlength=\"2000\" class=\"wpcf7-form-control wpcf7-textarea wpcf7-validates-as-required\" aria-required=\"true\" aria-invalid=\"false\" placeholder=\"digite sua mensagem aqui...\" name=\"mensagem_contato\"><\/textarea><\/span>\n<\/p>\n<p><strong>Por favor, confirme seu endere\u00e7o de e-mail:<\/strong> *<br \/>\n<span class=\"wpcf7-form-control-wrap\" data-name=\"confirma_email\"><input size=\"40\" maxlength=\"400\" class=\"wpcf7-form-control wpcf7-email wpcf7-validates-as-required wpcf7-text wpcf7-validates-as-email\" aria-required=\"true\" aria-invalid=\"false\" value=\"\" type=\"email\" name=\"confirma_email\" \/><\/span>\n<\/p>\n<p><input class=\"wpcf7-form-control wpcf7-submit has-spinner\" type=\"submit\" value=\"Enviar\" \/>\n<\/p><div class=\"wpcf7-response-output\" aria-hidden=\"true\"><\/div>\n<\/form>\n<\/div>\n\n<p>&nbsp;<\/p>\n<p><span style=\"font-size: 16px;\"><em><strong><span style=\"color: #ff0000;\">IMPORTANTE: Aguarde a mensagem de confirma\u00e7\u00e3o! Voc\u00ea tamb\u00e9m receber\u00e1 um e-mail com o recibo de sua mensagem enviada!<\/span><\/strong><\/em><\/span><br \/>\n<span style=\"color: #808080; font-size: 16px;\"><em><span style=\"color: #ff0000;\">O envio de sua mensagem poder\u00e1 demorar alguns momentos, n\u00e3o sendo necess\u00e1rio o envio de sua mensagem mais de uma vez seguida.<\/span><strong><br \/>\n<\/strong><\/em><\/span><\/p>\n<blockquote><p><span style=\"font-size: 14px;\"><em><span style=\"color: #010101;\">As informa\u00e7\u00f5es deste formul\u00e1rio ser\u00e3o enviadas diretamente para o N\u00facleo de Telessa\u00fade do HRAC-USP, via e-mail institucional. <br \/>\n<\/span><\/em><\/span><span style=\"font-size: 14px;\"><em><span style=\"color: #010101;\">Nenhuma informa\u00e7\u00e3o inserida neste formul\u00e1rio ser\u00e1 armazenada no site do HRAC-USP, sob quaisquer circunst\u00e2ncias, e somente ser\u00e1 tratada pelo N\u00facleo de Telessa\u00fade do HRAC-USP. <\/span><\/em><\/span><\/p><\/blockquote>\n<p>&nbsp;<\/p>\n<p><!-- ##################### RECESSO ######################\n\n\n\n\n\n\n\n\n\n<blockquote>\n\n\n<p style=\"text-align: center;\"><span style=\"color: #000000; font-size: 20px;\"><strong>AVISO IMPORTANTE<\/strong><\/span><\/p>\n\n\n\n\n<p>&nbsp;<\/p>\n\n\n\n\n<p style=\"text-align: center;\"><span style=\"color: #000000; font-size: 16px;\"><strong>Informamos que o N\u00facleo de Telessa\u00fade do HRAC\/Centrinho-USP entrar\u00e1 em recesso a partir do dia <span style=\"text-decoration: underline;\">30\/12\/2024<\/span>, retornando suas atividades em 17\/01\/2025.\u00a0 <\/strong><\/span><\/p>\n\n\n\n\n<p style=\"text-align: center;\"><span style=\"color: #000000; font-size: 16px;\"><strong>As mensagens recebidas durante este per\u00edodo ser\u00e3o devidamente tratadas e respondidas, em ordem de recebimento, <span style=\"text-decoration: underline;\">a partir de 20\/01\/2025<\/span>.\u00a0 <\/strong>\u00a0<\/span><\/p>\n\n\n\n\n<p style=\"text-align: right;\">\u00a0<\/p>\n\n\n\n\n<p style=\"text-align: right;\"><span style=\"color: #000000;\">Atenciosamente,<\/span><\/p>\n\n\n\n\n<p style=\"text-align: right;\"><em><strong><span style=\"color: #000000;\">N\u00facleo de Telessa\u00fade do HRAC\/Centrinho-USP\u00a0<\/span> <\/strong><\/em><\/p>\n\n\n<\/blockquote>\n\n\n\n\n<p>&nbsp;<\/p>\n\n\n\n\n\n\n\n\n\n##################### RECESSO ###################### -->","protected":false},"excerpt":{"rendered":"<p>Sorry, this entry is only available in Portugu\u00eas do Brasil.&nbsp; O N\u00facleo de Telessa\u00fade do HRAC-USP tem por finalidade promover<\/p>\n","protected":false},"author":13,"featured_media":0,"parent":0,"menu_order":6,"comment_status":"closed","ping_status":"closed","template":"","meta":{"colormag_page_container_layout":"default_layout","colormag_page_sidebar_layout":"default_layout","footnotes":"","_links_to":"","_links_to_target":""},"class_list":["post-6226","page","type-page","status-publish","hentry"],"_links":{"self":[{"href":"https:\/\/hrac.usp.br\/en\/wp-json\/wp\/v2\/pages\/6226","targetHints":{"allow":["GET"]}}],"collection":[{"href":"https:\/\/hrac.usp.br\/en\/wp-json\/wp\/v2\/pages"}],"about":[{"href":"https:\/\/hrac.usp.br\/en\/wp-json\/wp\/v2\/types\/page"}],"author":[{"embeddable":true,"href":"https:\/\/hrac.usp.br\/en\/wp-json\/wp\/v2\/users\/13"}],"replies":[{"embeddable":true,"href":"https:\/\/hrac.usp.br\/en\/wp-json\/wp\/v2\/comments?post=6226"}],"version-history":[{"count":15,"href":"https:\/\/hrac.usp.br\/en\/wp-json\/wp\/v2\/pages\/6226\/revisions"}],"predecessor-version":[{"id":52222,"href":"https:\/\/hrac.usp.br\/en\/wp-json\/wp\/v2\/pages\/6226\/revisions\/52222"}],"wp:attachment":[{"href":"https:\/\/hrac.usp.br\/en\/wp-json\/wp\/v2\/media?parent=6226"}],"curies":[{"name":"wp","href":"https:\/\/api.w.org\/{rel}","templated":true}]}}