
{"id":5494,"date":"2022-10-20T00:00:00","date_gmt":"2022-10-20T03:00:00","guid":{"rendered":"http:\/\/143.107.61.17\/hracsite\/?page_id=5494"},"modified":"2025-09-22T14:49:04","modified_gmt":"2025-09-22T17:49:04","slug":"normas","status":"publish","type":"page","link":"https:\/\/hrac.usp.br\/en\/institucional\/normas\/","title":{"rendered":"Normas"},"content":{"rendered":"<p class=\"qtranxs-available-languages-message qtranxs-available-languages-message-en\">Sorry, this entry is only available in <a href=\"https:\/\/hrac.usp.br\/pb\/wp-json\/wp\/v2\/pages\/5494\" class=\"qtranxs-available-language-link qtranxs-available-language-link-pb\" title=\"Portugu\u00eas do Brasil\">Portugu\u00eas do Brasil<\/a>.<\/p><p><\/p>\r\n<div class=\"wp-block-spacer\" style=\"height: 20px\" aria-hidden=\"true\">\u00a0<\/div>\r\n<p><\/p>\r\n<p><\/p>\r\n<p class=\"has-normal-font-size\"><strong>Regimento\u00a0do\u00a0HRAC-USP<\/strong><\/p>\r\n<p><\/p>\r\n<p><\/p>\r\n<div class=\"wp-block-spacer\" style=\"height: 20px\" aria-hidden=\"true\">\u00a0<\/div>\r\n<p><\/p>\r\n<p><\/p>\r\n<p style=\"font-size: 14px\"><span class=\"tadv-color\" style=\"color: #000000\">O HRAC\/USP teve seu\u00a0Regimento publicado pela Reitoria da Universidade de S\u00e3o Paulo, por meio da <strong><a href=\"http:\/\/www.leginf.usp.br\/?resolucao=resolucaono-4652-de-29-de-marco-de-1999\" target=\"_blank\" rel=\"noreferrer noopener\">Resolu\u00e7\u00e3o RUSP 4652\/1999<\/a><\/strong>.<\/span><\/p>\r\n<p><\/p>\r\n<p><\/p>\r\n<p style=\"font-size: 14px\"><span class=\"tadv-color\" style=\"color: #000000\">Essa Resolu\u00e7\u00e3o original foi alterada em ocasi\u00f5es posteriores por meio das Resolu\u00e7\u00f5es <a href=\"http:\/\/www.leginf.usp.br\/?resolucao=resolucao-no-5517-de-13-de-fevereiro-de-2009\" target=\"_blank\" rel=\"noreferrer noopener\">RUSP 5517\/2009<\/a><\/span>, <span class=\"tadv-color\" style=\"color: #000000\"><a href=\"http:\/\/www.leginf.usp.br\/?resolucao=resolucao-no-5800-de-22-de-setembro-de-2009\" target=\"_blank\" rel=\"noreferrer noopener\">RUSP 5800\/2009<\/a> e <a href=\"http:\/\/www.leginf.usp.br\/?resolucao=resolucao-no-7347-de-06-de-junho-de-2017\" target=\"_blank\" rel=\"noreferrer noopener\">RUSP 7347\/2017<\/a>, devido a necessidade de adequa\u00e7\u00f5es de reda\u00e7\u00e3o.<\/span><\/p>\r\n<p><\/p>\r\n<p><\/p>\r\n<div class=\"wp-block-spacer\" style=\"height: 20px\" aria-hidden=\"true\">\u00a0<\/div>\r\n<p><\/p>\r\n<p><\/p>\r\n<p class=\"has-black-color has-text-color\" style=\"font-size: 14px\"><strong>\u2022 <a href=\"http:\/\/www.leginf.usp.br\/?resolucao=consolidada-resolucao-no-5517-de-13-de-fevereiro-de-2009\" target=\"_blank\" rel=\"noreferrer noopener\">Acessar a vers\u00e3o consolidada da\u00a0resolu\u00e7\u00e3o em vigor<\/a><\/strong><\/p>\r\n<p><\/p>\r\n<p><\/p>\r\n<div class=\"wp-block-spacer\" style=\"height: 50px\" aria-hidden=\"true\">\u00a0<\/div>\r\n<p><\/p>\r\n<p><\/p>\r\n<div class=\"wp-block-spacer\" style=\"height: 20px\" aria-hidden=\"true\">\u00a0<\/div>\r\n<p><\/p>\r\n<p><\/p>\r\n<p class=\"has-normal-font-size\"><strong>Portarias\u00a0do\u00a0HRAC-USP<\/strong><\/p>\r\n<p><\/p>\r\n<p><\/p>\r\n<div class=\"wp-block-spacer\" style=\"height: 20px\" aria-hidden=\"true\">\u00a0<\/div>\r\n<p><\/p>\r\n<p><\/p>\r\n<p class=\"has-black-color has-text-color\" style=\"font-size: 14px\"><strong>\u2022 <a href=\"https:\/\/hrac.usp.br\/portarias-hrac\/\">Consulte o acervo Portarias baixadas pela Superintend\u00eancia do HRAC-USP<\/a> \u00a0<\/strong><\/p>\r\n<p><\/p>\r\n<p><\/p>\r\n<div class=\"wp-block-spacer\" style=\"height: 50px\" aria-hidden=\"true\">\u00a0<\/div>\r\n<p><\/p>","protected":false},"excerpt":{"rendered":"<p>Sorry, this entry is only available in Portugu\u00eas do Brasil. Regimento\u00a0do\u00a0HRAC-USP O HRAC\/USP teve seu\u00a0Regimento publicado pela Reitoria da Universidade<\/p>\n","protected":false},"author":7,"featured_media":0,"parent":143,"menu_order":7,"comment_status":"closed","ping_status":"closed","template":"","meta":{"colormag_page_container_layout":"default_layout","colormag_page_sidebar_layout":"default_layout","footnotes":"","_links_to":"","_links_to_target":""},"class_list":["post-5494","page","type-page","status-publish","hentry"],"_links":{"self":[{"href":"https:\/\/hrac.usp.br\/en\/wp-json\/wp\/v2\/pages\/5494","targetHints":{"allow":["GET"]}}],"collection":[{"href":"https:\/\/hrac.usp.br\/en\/wp-json\/wp\/v2\/pages"}],"about":[{"href":"https:\/\/hrac.usp.br\/en\/wp-json\/wp\/v2\/types\/page"}],"author":[{"embeddable":true,"href":"https:\/\/hrac.usp.br\/en\/wp-json\/wp\/v2\/users\/7"}],"replies":[{"embeddable":true,"href":"https:\/\/hrac.usp.br\/en\/wp-json\/wp\/v2\/comments?post=5494"}],"version-history":[{"count":4,"href":"https:\/\/hrac.usp.br\/en\/wp-json\/wp\/v2\/pages\/5494\/revisions"}],"predecessor-version":[{"id":50706,"href":"https:\/\/hrac.usp.br\/en\/wp-json\/wp\/v2\/pages\/5494\/revisions\/50706"}],"up":[{"embeddable":true,"href":"https:\/\/hrac.usp.br\/en\/wp-json\/wp\/v2\/pages\/143"}],"wp:attachment":[{"href":"https:\/\/hrac.usp.br\/en\/wp-json\/wp\/v2\/media?parent=5494"}],"curies":[{"name":"wp","href":"https:\/\/api.w.org\/{rel}","templated":true}]}}