
{"id":405,"date":"2026-04-08T12:00:52","date_gmt":"2026-04-08T15:00:52","guid":{"rendered":"http:\/\/143.107.61.17\/hracsite\/?page_id=405"},"modified":"2026-04-08T14:23:35","modified_gmt":"2026-04-08T17:23:35","slug":"aluno","status":"publish","type":"page","link":"https:\/\/hrac.usp.br\/en\/extensao\/aluno\/","title":{"rendered":"\u00c1rea do aluno"},"content":{"rendered":"<p class=\"qtranxs-available-languages-message qtranxs-available-languages-message-en\">Sorry, this entry is only available in <a href=\"https:\/\/hrac.usp.br\/pb\/wp-json\/wp\/v2\/pages\/405\" class=\"qtranxs-available-language-link qtranxs-available-language-link-pb\" title=\"Portugu\u00eas do Brasil\">Portugu\u00eas do Brasil<\/a>.<\/p><p><span style=\"color: #000000;\">Consulte abaixo <strong><span style=\"color: black;\">informa\u00e7\u00f5es<\/span><\/strong>,\u00a0<strong>formul\u00e1rios<\/strong> e <strong><span style=\"color: black;\">modelos de documentos<\/span><\/strong>\u00a0para <em>download<\/em>, referentes aos cursos de cultura e extens\u00e3o do HRAC-USP.<\/span><\/p>\n<hr \/>\n<p><span style=\"color: #000000;\"><strong><span style=\"color: black;\">NORMATIVAS E MANUAIS<\/span><\/strong><\/span><\/p>\n<p><strong>\u2022 <a href=\"https:\/\/hrac.usp.br\/extensao\/normativas\/\" target=\"_blank\" rel=\"noopener noreferrer\">Normativas vigentes dos cursos e atividades de extens\u00e3o<\/a><\/strong><\/p>\n<p><strong>\u2022 <a href=\"https:\/\/hrac.usp.br\/wp-content\/uploads\/2026\/03\/manual_aluno_ingressante_hrac_mar26.pdf\" target=\"_blank\" rel=\"noopener\">Manual do aluno &#8211; HRAC-USP (acad\u00eamico)<\/a><\/strong><\/p>\n<p><strong>\u2022 <a href=\"https:\/\/hrac.usp.br\/wp-content\/uploads\/2026\/03\/manual_aluno_hcbauru_2026.pdf\" target=\"_blank\" rel=\"noopener\">Manual do aluno &#8211; HC Bauru (assistencial)<\/a><\/strong><\/p>\n<p><strong>\u2022 <a href=\"https:\/\/hrac.usp.br\/wp-content\/uploads\/2025\/03\/Manual-do-residente-multiprofissional-2025.pdf\" target=\"_blank\" rel=\"noopener noreferrer\">Manual do residente multiprofissional<\/a><\/strong><\/p>\n<p><strong>\u2022 <a href=\"https:\/\/hrac.usp.br\/wp-content\/uploads\/2026\/03\/manual_vestimenta_profissional_hcbauru_2026.pdf\" target=\"_blank\" rel=\"noopener noreferrer\">Manual de normas e rotinas: vestimenta profissional e roupa privativa<\/a><\/strong><\/p>\n<hr \/>\n<p><span style=\"color: #000000;\"><strong><span style=\"color: black;\">TRABALHOS DE CONCLUS\u00c3O DE CURSO (TCC) E RESID\u00caNCIA (TCR)<\/span><\/strong><\/span><\/p>\n<p><span style=\"color: #ff0000;\"><a style=\"color: #ff0000;\" href=\"https:\/\/drive.google.com\/file\/d\/1K6HPQljQ9szPaE8uI0auRkc6bS7FdxrP\" target=\"_blank\" rel=\"noopener\">Clique aqui para acessar o calend\u00e1rio de entrega dos TCC\/TCR pelos alunos concluintes de 2027<\/a><\/span><\/p>\n<p><strong>Normativas<\/strong><\/p>\n<p style=\"padding-left: 40px;\"><strong>\u2022 <a href=\"https:\/\/hrac.usp.br\/wp-content\/uploads\/2016\/09\/normas_tcr_proceu_jul2015.pdf\" target=\"_blank\" rel=\"noopener noreferrer\">Portaria PRCEU n\u00ba 46\/2015\u00a0<\/a><br \/>\n<\/strong>Institui as normas para apresenta\u00e7\u00e3o do Trabalho de Conclus\u00e3o de Resid\u00eancia (TCR).\u00a0<\/p>\n<p style=\"padding-left: 40px;\"><strong>\u2022 <a href=\"https:\/\/hrac.usp.br\/pesquisa\/cep\/normativas\/\" target=\"_blank\" rel=\"noopener\">Portaria SUPE n\u00ba 03\/2025 + normativas do CEP\/HRAC<\/a><\/strong><br \/>\nDiretrizes para o desenvolvimento e divulga\u00e7\u00e3o de pesquisas no HRAC-USP, HC Bauru e FMBRU-USP.<\/p>\n<p style=\"padding-left: 40px;\"><strong>\u2022 <a href=\"https:\/\/hrac.usp.br\/wp-content\/uploads\/2024\/09\/of_cep_hrac_trabalhos_envolvendo_seres_humanos_tcle_ago23.pdf\" target=\"_blank\" rel=\"noopener noreferrer\">OF. CEP\/HRAC n\u00ba 10\/2023<\/a><br \/>\n<\/strong>Reitera que os documentos que fazem parte do protocolo de pesquisa, como o TCLE, <span style=\"text-decoration: underline;\">n\u00e3o dever\u00e3o<\/span> ser inseridos no projeto de pesquisa e no trabalho final, e nem utilizados como anexos ou ap\u00eandices.<\/p>\n<p><strong>Roteiros e guias para elabora\u00e7\u00e3o do trabalho<\/strong><\/p>\n<p style=\"padding-left: 40px;\"><strong>\u2022 <a href=\"https:\/\/sddinforma.fob.usp.br\/monografia\/\" target=\"_blank\" rel=\"noopener noreferrer\">Guias e recomenda\u00e7\u00f5es para elabora\u00e7\u00e3o do TCC\/TCR<\/a><br \/>\n<\/strong>Material elaborado pelo Servi\u00e7o de Biblioteca e Documenta\u00e7\u00e3o da FOB-USP.<\/p>\n<p style=\"padding-left: 40px;\"><strong>\u2022 <a href=\"https:\/\/hrac.usp.br\/wp-content\/uploads\/2025\/09\/gabarito_tcc_tcr_hrac_set25.docx\" target=\"_blank\" rel=\"noopener noreferrer\">Roteiro (gabarito) para elabora\u00e7\u00e3o do TCC\/TCR &#8211; vers\u00e3o docx<\/a><br \/>\n<\/strong><span style=\"color: #ff0000;\">(atualizado em setembro de 2025)<\/span><\/p>\n<p style=\"padding-left: 40px;\"><strong>\u2022 <a href=\"https:\/\/hrac.usp.br\/wp-content\/uploads\/2025\/09\/gabarito_tcc_tcr_hrac_set25.doc\" target=\"_blank\" rel=\"noopener noreferrer\">Roteiro (gabarito) para elabora\u00e7\u00e3o do TCC\/TCR &#8211; vers\u00e3o doc<\/a><br \/>\n<\/strong><span style=\"color: #ff0000;\">(atualizado em setembro de 2025)<\/span><strong><br \/>\n<\/strong><\/p>\n<p><strong>Formul\u00e1rios para submiss\u00e3o de trabalhos<\/strong><\/p>\n<p style=\"padding-left: 40px;\"><strong>\u2022 <a href=\"https:\/\/forms.gle\/yXDsf5BmnvkrwGk18\" target=\"_blank\" rel=\"noopener\">Formul\u00e1rio &#8211; Composi\u00e7\u00e3o da Banca Examinadora do TCC\/TCR<\/a><br \/>\n<\/strong>Indica\u00e7\u00e3o dos membros da Banca Examinadora para an\u00e1lise da CCEx\/HRAC-USP.<\/p>\n<p style=\"padding-left: 40px;\"><strong>\u2022 <a href=\"https:\/\/forms.gle\/4oj6KCEd9D4sNk5K9\" target=\"_blank\" rel=\"noopener\">Formul\u00e1rio &#8211; Submiss\u00e3o da primeira vers\u00e3o do TCC\/TCR<\/a><br \/>\n<\/strong>Submiss\u00e3o da vers\u00e3o digital do TCC\/TCR para an\u00e1lise da Banca Examinadora.<\/p>\n<p style=\"padding-left: 40px;\"><strong>\u2022 <a href=\"https:\/\/forms.gle\/cz1w8ycqwhHrHGx17\" target=\"_blank\" rel=\"noopener\">Formul\u00e1rio &#8211; Submiss\u00e3o da vers\u00e3o final do TCC\/TCR<\/a><br \/>\n<\/strong>Submiss\u00e3o da vers\u00e3o digital final (corrigida) do TCC\/TCR. A vers\u00e3o f\u00edsica (impressa) ser\u00e1 recebida somente ap\u00f3s o envio da vers\u00e3o digital.<\/p>\n<hr \/>\n<p><span style=\"color: #000000;\"><strong><span style=\"color: black;\">REQUERIMENTOS <\/span><\/strong><span style=\"color: black;\">(resid\u00eancia multiprofissional)<\/span><\/span><\/p>\n<p><strong>\u2022 <a href=\"https:\/\/hrac.usp.br\/wp-content\/uploads\/2024\/09\/requerimento_reposicao_horas_rmp_2024.pdf\" target=\"_blank\" rel=\"noopener\">Requerimento para reposi\u00e7\u00e3o de horas<\/a> <\/strong><\/p>\n<p><strong>\u2022\u00a0<a href=\"https:\/\/hrac.usp.br\/wp-content\/uploads\/2024\/06\/requerimento_afastamento_rmp_2024.pdf\" target=\"_blank\" rel=\"noopener\">Requerimento para afastamento das atividades<\/a>\u00a0<\/strong><br \/>\n<em><span style=\"color: #ff0000;\">Obs.: caso o afastamento decorra de participa\u00e7\u00e3o em evento cient\u00edfico, o residente dever\u00e1\u00a0 providenciar o <strong>relat\u00f3rio de participa\u00e7\u00e3o<\/strong>, dispon\u00edvel abaixo.<\/span><\/em><\/p>\n<p style=\"padding-left: 40px;\"><strong>Relat\u00f3rio de participa\u00e7\u00e3o em evento <\/strong>(resid\u00eancia multiprofissional)<strong><br \/>\n<\/strong><a href=\"https:\/\/hrac.usp.br\/wp-content\/uploads\/2024\/09\/relatorio_participacao_evento_vimpressa_2024.pdf\" target=\"_blank\" rel=\"noopener\">vers\u00e3o impressa (pdf)<\/a> | <a href=\"https:\/\/hrac.usp.br\/wp-content\/uploads\/2024\/09\/relatorio_participacao_evento_vdigital_2024.docx\">vers\u00e3o digital (docx)<\/a><\/p>\n<hr \/>\n<p>&nbsp;<\/p>\n<p><span style=\"font-size: 16px;\"><strong><span style=\"font-size: 20px;\">Se\u00e7\u00e3o de Apoio Acad\u00eamico \u2022 HRAC-USP<\/span> <\/strong><\/span> <br \/>\n<strong>atendimento:<\/strong> <span style=\"color: #000000;\">segunda a sexta-feira, das 8h \u00e0s 12h e das 13h30 \u00e0s 17h <span style=\"font-size: 14px;\"><em>(exceto pontes e feriados)<\/em><\/span><\/span><strong><br \/>\ncontato: <\/strong><span style=\"color: #000000;\">saac@usp.br \u2022 <\/span><span style=\"color: #000000;\">(14) 3235-8420<\/span><strong><br \/>\n<\/strong><strong>endere\u00e7o:<\/strong><span style=\"color: #000000;\"> rua S\u00edlvio Marchione, 3-20 \u2022 Vila Universit\u00e1ria \u2022 CEP 17012-900 \u2022 Bauru-SP<\/span><\/p>","protected":false},"excerpt":{"rendered":"<p>Sorry, this entry is only available in Portugu\u00eas do Brasil.Consulte abaixo informa\u00e7\u00f5es,\u00a0formul\u00e1rios e modelos de documentos\u00a0para download, referentes aos cursos<\/p>\n","protected":false},"author":9,"featured_media":0,"parent":328,"menu_order":2,"comment_status":"closed","ping_status":"closed","template":"","meta":{"colormag_page_container_layout":"default_layout","colormag_page_sidebar_layout":"default_layout","footnotes":"","_links_to":"","_links_to_target":""},"class_list":["post-405","page","type-page","status-publish","hentry"],"_links":{"self":[{"href":"https:\/\/hrac.usp.br\/en\/wp-json\/wp\/v2\/pages\/405","targetHints":{"allow":["GET"]}}],"collection":[{"href":"https:\/\/hrac.usp.br\/en\/wp-json\/wp\/v2\/pages"}],"about":[{"href":"https:\/\/hrac.usp.br\/en\/wp-json\/wp\/v2\/types\/page"}],"author":[{"embeddable":true,"href":"https:\/\/hrac.usp.br\/en\/wp-json\/wp\/v2\/users\/9"}],"replies":[{"embeddable":true,"href":"https:\/\/hrac.usp.br\/en\/wp-json\/wp\/v2\/comments?post=405"}],"version-history":[{"count":50,"href":"https:\/\/hrac.usp.br\/en\/wp-json\/wp\/v2\/pages\/405\/revisions"}],"predecessor-version":[{"id":52752,"href":"https:\/\/hrac.usp.br\/en\/wp-json\/wp\/v2\/pages\/405\/revisions\/52752"}],"up":[{"embeddable":true,"href":"https:\/\/hrac.usp.br\/en\/wp-json\/wp\/v2\/pages\/328"}],"wp:attachment":[{"href":"https:\/\/hrac.usp.br\/en\/wp-json\/wp\/v2\/media?parent=405"}],"curies":[{"name":"wp","href":"https:\/\/api.w.org\/{rel}","templated":true}]}}