
{"id":328,"date":"2023-11-07T10:00:49","date_gmt":"2023-11-07T13:00:49","guid":{"rendered":"http:\/\/143.107.61.17\/hracsite\/?page_id=328"},"modified":"2025-03-12T16:14:01","modified_gmt":"2025-03-12T19:14:01","slug":"extensao","status":"publish","type":"page","link":"https:\/\/hrac.usp.br\/en\/extensao\/","title":{"rendered":"Cultura e Extens\u00e3o"},"content":{"rendered":"<p class=\"qtranxs-available-languages-message qtranxs-available-languages-message-en\">Sorry, this entry is only available in <a href=\"https:\/\/hrac.usp.br\/pb\/wp-json\/wp\/v2\/pages\/328\" class=\"qtranxs-available-language-link qtranxs-available-language-link-pb\" title=\"Portugu\u00eas do Brasil\">Portugu\u00eas do Brasil<\/a>.<\/p><p>&nbsp;<\/p>\n<p style=\"text-align: left;\"><span style=\"color: #000000;\">Consolidado como centro de refer\u00eancia e reconhecido, nacional e internacionalmente, como um centro de lideran\u00e7a e excel\u00eancia no tratamento e pesquisa das anomalias craniofaciais, s\u00edndromes associadas e defici\u00eancia auditiva, o <strong>Hospital de Reabilita\u00e7\u00e3o de Anomalias Craniofaciais da Universidade de S\u00e3o Paulo (HRAC-USP)<\/strong> encontrou, no ensino e na pesquisa, instrumentos essenciais para a fundamenta\u00e7\u00e3o e o aperfei\u00e7oamento da presta\u00e7\u00e3o de servi\u00e7os.<\/span><\/p>\n<p style=\"text-align: left;\"><span style=\"color: #000000;\">Desde a d\u00e9cada de 1990, a institui\u00e7\u00e3o oferece cursos de <strong>p\u00f3s-gradua\u00e7\u00e3o<\/strong> e de <strong>extens\u00e3o universit\u00e1ria<\/strong> reconhecidos pela Universidade de S\u00e3o Paulo e \u00f3rg\u00e3os oficiais, com o objetivo de capacitar profissionais da sa\u00fade para atuarem, principalmente, nas \u00e1reas de fissuras labiopalatinas, anomalias craniofaciais e sa\u00fade auditiva. As modalidades de ensino variam de acordo com seus objetivos, p\u00fablico-alvo e carga hor\u00e1ria, podendo ser <a href=\"https:\/\/prceu.usp.br\/cursos\/\" target=\"_blank\" rel=\"noopener\">classificados pela USP<\/a> como cursos de <strong>educa\u00e7\u00e3o continuada e p\u00f3s-gradua\u00e7\u00e3o<\/strong>, <strong>forma\u00e7\u00e3o profissional\u00a0<\/strong>ou <strong>difus\u00e3o<\/strong>.<\/span><\/p>\n<p style=\"text-align: left;\"><span style=\"color: #000000;\">Os cursos de extens\u00e3o universit\u00e1ria e de p\u00f3s-gradua\u00e7\u00e3o <em>lato sensu<\/em> s\u00e3o <strong style=\"color: #000000;\">focados na \u00e1rea da sa\u00fade<\/strong> e buscam <strong style=\"color: #000000;\">formar recursos humanos especializados nas \u00e1reas de expertise do HRAC-USP<\/strong>. A maioria dos cursos \u00e9 <strong>gratuita <\/strong>e todos s\u00e3o homologados pela <a href=\"https:\/\/prceu.usp.br\/\" target=\"_blank\" rel=\"noopener\"><strong>Pr\u00f3-Reitoria de Cultura e Extens\u00e3o Universit\u00e1ria (PRCEU)<\/strong><\/a>. O ingresso geralmente ocorre por <a href=\"https:\/\/hrac.usp.br\/processos-seletivos\/extensao\/\" target=\"_blank\" rel=\"noopener\"><strong>processo seletivo<\/strong><\/a>, gerenciado pelo pr\u00f3prio HRAC ou por funda\u00e7\u00f5es espec\u00edficas, com edital p\u00fablico amplamente divulgado.<\/span><\/p>\n<p style=\"text-align: left;\"><span style=\"color: #000000;\">Al\u00e9m das aulas te\u00f3ricas, o diferencial dos cursos oferecidos pelo HRAC-USP est\u00e1 na possibilidade de <strong>contato dos alunos com a pr\u00e1tica<\/strong>. Com exce\u00e7\u00e3o das modalidades \u00e0 dist\u00e2ncia, todos os cursos t\u00eam uma <strong>extensa carga hor\u00e1ria cl\u00ednica<\/strong>, o que permite <\/span><span style=\"color: #000000;\">aos alunos aprofundar seus conhecimentos e desenvolver habilidades. Com dura\u00e7\u00e3o <\/span><span style=\"color: #000000;\">m\u00e9dia de <strong>um a tr\u00eas anos<\/strong>, a periodicidade dos cursos presenciais \u00e9 <strong>semanal<\/strong> (isto \u00e9, as atividades ocorrem todas as semanas do m\u00eas) e a carga hor\u00e1ria pode variar entre <strong>16 a 60 horas semanais<\/strong>.<\/span><\/p>\n<hr \/>\n<p style=\"text-align: left;\"><b style=\"color: #009cbd;\">BREVE HIST\u00d3RICO DOS CURSOS DE EXTENS\u00c3O DO HRAC-USP<\/b><\/p>\n<p style=\"text-align: left;\"><span style=\"color: #000000;\">Em 1995, o HRAC-USP iniciou a oferta de cursos de <strong>Especializa\u00e7\u00e3o<\/strong>, em sua maioria direcionados \u00e0s especialidades odontol\u00f3gicas, mas tamb\u00e9m com vistas \u00e0 forma\u00e7\u00e3o e \u00e0 capacita\u00e7\u00e3o de fonoaudi\u00f3logos, psic\u00f3logos, assistentes sociais e nutricionistas em diferentes especialidades. Atualmente, o HRAC-USP conta com especializa\u00e7\u00f5es em sete \u00e1reas odontol\u00f3gicas: <strong>Dent\u00edstica<\/strong>,\u00a0<strong>Endodontia<\/strong>, <strong>Odontopediatria<\/strong>, <strong>Ortodontia<\/strong>, <strong>Periodontia<\/strong>, <strong>Pr\u00f3tese Dent\u00e1ria<\/strong> e\u00a0<strong>Radiologia Odontol\u00f3gica e Imaginologia<\/strong>.<\/span><\/p>\n<p style=\"text-align: left;\"><span style=\"color: #000000;\">Ainda na \u00e1rea odontol\u00f3gica, o tradicional curso de Atualiza\u00e7\u00e3o em Ortodontia Preventiva e Interceptiva, oferecido h\u00e1 mais de 15 anos pelo HRAC-USP, passou por uma recente reestrutura\u00e7\u00e3o e, a partir de 2024, ser\u00e1 chamado de <strong>Atualiza\u00e7\u00e3o em Ortodontia Interceptora e Ortopedia Facial<\/strong>.<br \/>\n<\/span><\/p>\n<p style=\"text-align: left;\"><span style=\"color: #000000;\">No ano de 2000, o programa de <strong>Resid\u00eancia M\u00e9dica em Otorrinolaringologia <\/strong>teve sua primeira edi\u00e7\u00e3o, estruturada em tr\u00eas n\u00edveis (R1, R2 e R3) e com um diferencial na \u00e1rea:<strong> aprendizado em implante coclear<\/strong>. Ainda na \u00e1rea m\u00e9dica, em 2018 o HRAC-USP passou a oferecer a <strong>Resid\u00eancia M\u00e9dica em Cirurgia Cr\u00e2nio-Maxilo-Facial <\/strong>(R4), direcionada a m\u00e9dicos com resid\u00eancia conclu\u00edda em Otorrinolaringologia, Cirurgia Pl\u00e1stica ou Cirurgia de Cabe\u00e7a e Pesco\u00e7o. Desde 2021, a <strong>Resid\u00eancia M\u00e9dica em Anestesiologia<\/strong> passou a integrar o quadro de programas do HRAC-USP e, assim como a especialidade de Otorrinolaringologia, \u00e9 estruturado com dura\u00e7\u00e3o de tr\u00eas anos (R1, R2 e R3).<br \/>\n<\/span><\/p>\n<p style=\"text-align: left;\"><span style=\"color: #000000;\">Com a cria\u00e7\u00e3o dos programas de resid\u00eancia multiprofissional e em \u00e1rea profissional da sa\u00fade pelos Minist\u00e9rios da Sa\u00fade e da Educa\u00e7\u00e3o, ampliou-se as alternativas de forma\u00e7\u00e3o de recursos humanos especializados. Assim, a<\/span><span style=\"color: #000000;\">derindo \u00e0 modalidade, em 2010 o HRAC-USP abriu sua primeira turma de <strong>Resid\u00eancia Multiprofissional em S\u00edndromes e Anomalias Craniofaciais <\/strong>e, em 2013, a primeira turma da <strong>Resid\u00eancia Multiprofissional em Sa\u00fade Auditiva<\/strong>. Ambos os programas continuam ativos, com mais de trinta vagas anuais para diversas \u00e1reas da sa\u00fade.<\/span><\/p>\n<p><span style=\"color: #000000;\">Em rela\u00e7\u00e3o \u00e0s <strong>Pr\u00e1ticas Profissionalizantes<\/strong>, desde 2011 o HRAC-USP possui o curso de\u00a0<strong>Implante Coclear e Pr\u00f3teses Auditivas Implant\u00e1veis<\/strong>, oferecido a m\u00e9dicos otorrinolaringologistas. A partir de 2017, ampliou o oferecimento dessa modalidade de ensino para outras \u00e1reas da sa\u00fade com os cursos de <strong>Cirurgia e Traumatologia Buco-Maxilo-Facial<\/strong> (Odontologia), <strong>Dent\u00edstica<\/strong> (Odontologia),\u00a0<strong>Implante Coclear<\/strong> (Fonoaudiologia) e\u00a0<strong>Pr\u00f3teses Auditivas Implant\u00e1veis<\/strong> (Fonoaudiologia). A \u00e1rea m\u00e9dica recebeu uma nova Pr\u00e1tica Profissionalizante em 2021, destinada a m\u00e9dicos com especializa\u00e7\u00e3o conclu\u00edda em Cirurgia Pl\u00e1stica ou Cirurgia Craniofacial: <strong>Fissuras Labiopalatinas e Anomalias Craniofaciais<\/strong>.<\/span><\/p>\n<hr \/>\n<p><b style=\"color: #009cbd;\">MODALIDADES DE CURSOS OFERECIDOS PELO HRAC-USP<\/b><\/p>\n<p><strong><a href=\"https:\/\/hrac.usp.br\/extensao\/cursos-especializacao\/\" target=\"_blank\" rel=\"noopener\">Especializa\u00e7\u00e3o<\/a>: <\/strong><span style=\"color: #000000;\">clique <a href=\"https:\/\/hrac.usp.br\/extensao\/cursos-especializacao\/\" target=\"_blank\" rel=\"noopener\">aqui<\/a> para saber mais sobre os cursos de especializa\u00e7\u00e3o do HRAC-USP. A dura\u00e7\u00e3o m\u00e9dia destes cursos \u00e9 dois anos.<\/span><\/p>\n<p><strong><a href=\"https:\/\/hrac.usp.br\/extensao\/programas-residencia-medica\/\" target=\"_blank\" rel=\"noopener\">Resid\u00eancia M\u00e9dica<\/a>: <\/strong><span style=\"color: #000000;\">clique <a href=\"https:\/\/hrac.usp.br\/extensao\/programas-residencia-medica\/\" target=\"_blank\" rel=\"noopener\">aqui<\/a> para saber mais sobre os Programas de Resid\u00eancia M\u00e9dica do HRAC-USP. A dura\u00e7\u00e3o destes cursos \u00e9 de um (R4) a tr\u00eas (R1) anos, com carga hor\u00e1ria semanal de 60 horas e regime de dedica\u00e7\u00e3o exclusiva.<\/span><\/p>\n<p><strong><a href=\"https:\/\/hrac.usp.br\/extensao\/programas-residencia-multiprofissional\/\" target=\"_blank\" rel=\"noopener\">Resid\u00eancia Multiprofissional<\/a>: <\/strong><span style=\"color: #000000;\">clique <a href=\"https:\/\/hrac.usp.br\/extensao\/programas-residencia-multiprofissional\/\" target=\"_blank\" rel=\"noopener\">aqui<\/a> para saber mais sobre os Programas de Resid\u00eancia Multiprofissional em Sa\u00fade do HRAC-USP. Com dura\u00e7\u00e3o m\u00ednima de dois anos, as resid\u00eancias multiprofissionais possuem carga hor\u00e1ria semanal de 60 horas e regime de dedica\u00e7\u00e3o exclusiva.<\/span><\/p>\n<p><strong><a href=\"https:\/\/hrac.usp.br\/extensao\/cursos-extensao-universitaria\/\" target=\"_blank\" rel=\"noopener\">Outros cursos de extens\u00e3o universit\u00e1ria<\/a>: <\/strong><span style=\"color: #000000;\">clique <a href=\"https:\/\/hrac.usp.br\/extensao\/cursos-extensao-universitaria\/\" target=\"_blank\" rel=\"noopener\">aqui<\/a> para saber mais sobre os cursos de aperfei\u00e7oamento, atualiza\u00e7\u00e3o e pr\u00e1tica profissionalizante do HRAC-USP. A dura\u00e7\u00e3o m\u00e9dia destes cursos \u00e9 um ano.<\/span><\/p>\n<hr \/>\n<p style=\"text-align: left;\"><strong><span style=\"color: #000000;\">Veja tamb\u00e9m:<\/span><\/strong><\/p>\n<p><span style=\"color: #000000;\">Processos seletivos<\/span><br \/>\n<a href=\"https:\/\/hrac.usp.br\/processos-seletivos\/abertos-andamento-extensao\/\" target=\"_blank\" rel=\"noopener\">abertos ou em andamento<\/a> | <a href=\"https:\/\/hrac.usp.br\/editais\/processos-seletivos\/encerrados-extensao\/\" target=\"_blank\" rel=\"noopener\">encerrados<\/a><\/p>\n<p><span style=\"color: #000000;\">Cursos e eventos cient\u00edficos<\/span><br \/>\n<a href=\"https:\/\/hrac.usp.br\/eventos\/\" target=\"_blank\" rel=\"noopener\">pr\u00f3ximos ou em andamento<\/a> | <a href=\"https:\/\/hrac.usp.br\/eventos\/realizados\/\" target=\"_blank\" rel=\"noopener\">finalizados<\/a><\/p>\n<hr \/>\n<p>&nbsp;<\/p>\n<p><span style=\"font-size: 16px;\"><strong><span style=\"font-size: 20px;\">Se\u00e7\u00e3o de Apoio Acad\u00eamico \u2022 HRAC-USP<\/span> <\/strong><\/span> <br \/>\n<strong>atendimento:<\/strong> <span style=\"color: #000000;\">segunda a sexta-feira, das 8h \u00e0s 12h e das 13h30 \u00e0s 17h <span style=\"font-size: 14px;\"><em>(exceto pontes e feriados)<\/em><\/span><\/span><strong><br \/>\ncontato: <\/strong><span style=\"color: #000000;\">saac@usp.br \u2022 <\/span><span style=\"color: #000000;\">(14) 3235-8420<\/span><strong><br \/>\n<\/strong><strong>endere\u00e7o:<\/strong><span style=\"color: #000000;\"> rua S\u00edlvio Marchione, 3-20 \u2022 Vila Universit\u00e1ria \u2022 CEP 17012-900 \u2022 Bauru-SP<\/span><\/p>","protected":false},"excerpt":{"rendered":"<p>Sorry, this entry is only available in Portugu\u00eas do Brasil.&nbsp; Consolidado como centro de refer\u00eancia e reconhecido, nacional e internacionalmente,<\/p>\n","protected":false},"author":9,"featured_media":0,"parent":0,"menu_order":4,"comment_status":"closed","ping_status":"closed","template":"","meta":{"colormag_page_container_layout":"default_layout","colormag_page_sidebar_layout":"default_layout","footnotes":"","_links_to":"","_links_to_target":""},"class_list":["post-328","page","type-page","status-publish","hentry"],"_links":{"self":[{"href":"https:\/\/hrac.usp.br\/en\/wp-json\/wp\/v2\/pages\/328","targetHints":{"allow":["GET"]}}],"collection":[{"href":"https:\/\/hrac.usp.br\/en\/wp-json\/wp\/v2\/pages"}],"about":[{"href":"https:\/\/hrac.usp.br\/en\/wp-json\/wp\/v2\/types\/page"}],"author":[{"embeddable":true,"href":"https:\/\/hrac.usp.br\/en\/wp-json\/wp\/v2\/users\/9"}],"replies":[{"embeddable":true,"href":"https:\/\/hrac.usp.br\/en\/wp-json\/wp\/v2\/comments?post=328"}],"version-history":[{"count":20,"href":"https:\/\/hrac.usp.br\/en\/wp-json\/wp\/v2\/pages\/328\/revisions"}],"predecessor-version":[{"id":46739,"href":"https:\/\/hrac.usp.br\/en\/wp-json\/wp\/v2\/pages\/328\/revisions\/46739"}],"wp:attachment":[{"href":"https:\/\/hrac.usp.br\/en\/wp-json\/wp\/v2\/media?parent=328"}],"curies":[{"name":"wp","href":"https:\/\/api.w.org\/{rel}","templated":true}]}}