
{"id":297,"date":"2026-03-02T15:42:04","date_gmt":"2026-03-02T18:42:04","guid":{"rendered":"http:\/\/143.107.61.17\/hracsite\/?page_id=297"},"modified":"2026-04-27T17:18:01","modified_gmt":"2026-04-27T20:18:01","slug":"disciplinas","status":"publish","type":"page","link":"https:\/\/hrac.usp.br\/en\/pos-graduacao\/programa\/disciplinas\/","title":{"rendered":"Syllabus"},"content":{"rendered":"<p class=\"qtranxs-available-languages-message qtranxs-available-languages-message-en\">Sorry, this entry is only available in <a href=\"https:\/\/hrac.usp.br\/pb\/wp-json\/wp\/v2\/pages\/297\" class=\"qtranxs-available-language-link qtranxs-available-language-link-pb\" title=\"Portugu\u00eas do Brasil\">Portugu\u00eas do Brasil<\/a>.<\/p><p>&nbsp;<\/p>\n<p style=\"text-align: center;\"><span style=\"font-size: 20px;\"><strong><span style=\"color: #000000;\"><span style=\"font-size: 20px;\">Ementas<\/span> do Programa de P\u00f3s-Gradua\u00e7\u00e3o em Ci\u00eancias da Reabilita\u00e7\u00e3o da\u00a0<br \/>\nFMBRU-USP<\/span><br \/>\n<\/strong><\/span><\/p>\n<p style=\"text-align: center;\"><img loading=\"lazy\" decoding=\"async\" class=\"aligncenter wp-image-45806 size-thumbnail\" src=\"https:\/\/hrac.usp.br\/wp-content\/uploads\/2025\/01\/logo_fmbruusp-150x150.png\" alt=\"\" width=\"150\" height=\"150\" srcset=\"https:\/\/hrac.usp.br\/wp-content\/uploads\/2025\/01\/logo_fmbruusp-150x150.png 150w, https:\/\/hrac.usp.br\/wp-content\/uploads\/2025\/01\/logo_fmbruusp-300x300.png 300w, https:\/\/hrac.usp.br\/wp-content\/uploads\/2025\/01\/logo_fmbruusp-1024x1024.png 1024w, https:\/\/hrac.usp.br\/wp-content\/uploads\/2025\/01\/logo_fmbruusp-768x768.png 768w, https:\/\/hrac.usp.br\/wp-content\/uploads\/2025\/01\/logo_fmbruusp-1536x1536.png 1536w, https:\/\/hrac.usp.br\/wp-content\/uploads\/2025\/01\/logo_fmbruusp.png 2048w\" sizes=\"auto, (max-width: 150px) 100vw, 150px\" \/><\/p>\n<p style=\"text-align: center;\"><strong>\u00a0<\/strong><\/p>\n<p><span style=\"color: #000000;\"><strong><span style=\"font-size: 16px;\">\u00c1rea de concentra\u00e7\u00e3o: <a style=\"color: #000000;\" href=\"https:\/\/uspdigital.usp.br\/janus\/DisLista?codare=113132&amp;codcpg=113&amp;origem=C\" target=\"_blank\" rel=\"noopener\">Fissuras Orofaciais e Anomalias Relacionadas (113132)<\/a>\u00a0<\/span> <\/strong><\/span><\/p>\n<p><strong>\u2022 <a title=\"visualizar esta ementa\" href=\"https:\/\/uspdigital.usp.br\/janus\/componente\/catalogoDisciplinasInicial.jsf?action=3&amp;sgldis=HRB4084\" target=\"_blank\" rel=\"noopener noreferrer\">Bioengenharia Tecidual (HRB4084)<\/a> <\/strong><\/p>\n<p><strong>\u2022 <a title=\"visualizar esta ementa\" href=\"https:\/\/uspdigital.usp.br\/janus\/componente\/catalogoDisciplinasInicial.jsf?action=3&amp;sgldis=HRB4031\" target=\"_blank\" rel=\"noopener noreferrer\">Bioestat\u00edstica (HRB4031)<\/a> <\/strong><\/p>\n<p><strong>\u2022 <a title=\"visualizar esta ementa\" href=\"https:\/\/uspdigital.usp.br\/janus\/componente\/catalogoDisciplinasInicial.jsf?action=3&amp;sgldis=HRB4030\" target=\"_blank\" rel=\"noopener noreferrer\">Bio\u00e9tica (HRB4030)<\/a> <\/strong><\/p>\n<p><strong>\u2022 <a title=\"visualizar esta ementa\" href=\"https:\/\/uspdigital.usp.br\/janus\/componente\/catalogoDisciplinasInicial.jsf?action=3&amp;sgldis=HRB4089\" target=\"_blank\" rel=\"noopener noreferrer\">Cl\u00ednica Interdisciplinar Aplicada \u00e0s Fissuras Orofaciais I (HRB4089)<\/a> <\/strong><\/p>\n<p><strong>\u2022 <a title=\"visualizar esta ementa\" href=\"https:\/\/uspdigital.usp.br\/janus\/componente\/catalogoDisciplinasInicial.jsf?action=3&amp;sgldis=HRB4090\" target=\"_blank\" rel=\"noopener noreferrer\">Cl\u00ednica Interdisciplinar Aplicada \u00e0s Fissuras Orofaciais II (HRB4090)<\/a> <\/strong><\/p>\n<p><strong>\u2022 <a title=\"visualizar esta ementa\" href=\"https:\/\/uspdigital.usp.br\/janus\/componente\/catalogoDisciplinasInicial.jsf?action=3&amp;sgldis=HRB4059\" target=\"_blank\" rel=\"noopener noreferrer\">Crescimento e Desenvolvimento Craniofacial (HRB4059)<\/a> <\/strong><\/p>\n<p><strong>\u2022 <a title=\"visualizar esta ementa\" href=\"https:\/\/uspdigital.usp.br\/janus\/componente\/catalogoDisciplinasInicial.jsf?action=3&amp;sgldis=HRB4060\" target=\"_blank\" rel=\"noopener noreferrer\">Desenvolvimento na Inf\u00e2ncia (HRB4060)<\/a> <\/strong><\/p>\n<p><strong>\u2022 <a title=\"visualizar esta ementa\" href=\"https:\/\/uspdigital.usp.br\/janus\/componente\/catalogoDisciplinasInicial.jsf?action=3&amp;sgldis=HRB4104\" target=\"_blank\" rel=\"noopener noreferrer\">Diagn\u00f3stico e Acompanhamento das Altera\u00e7\u00f5es Auditivas nas S\u00edndromes e Anomalias (HRB4104)<\/a><\/strong><\/p>\n<p><strong>\u2022 <a title=\"visualizar esta ementa\" href=\"https:\/\/uspdigital.usp.br\/janus\/componente\/catalogoDisciplinasInicial.jsf?action=3&amp;sgldis=HRB4097\" target=\"_blank\" rel=\"noopener noreferrer\">Did\u00e1tica no Ensino Superior (HRB4097)<\/a> <\/strong><\/p>\n<p><strong>\u2022\u00a0<a title=\"visualizar esta ementa\" href=\"https:\/\/uspdigital.usp.br\/janus\/componente\/catalogoDisciplinasInicial.jsf?action=3&amp;sgldis=HRB4098\" target=\"_blank\" rel=\"noopener noreferrer\">Dist\u00farbios da Comunica\u00e7\u00e3o nas Anomalias Craniofaciais (HRB4098)<\/a> <\/strong><\/p>\n<p><strong>\u2022 <a title=\"visualizar esta ementa\" href=\"https:\/\/uspdigital.usp.br\/janus\/componente\/catalogoDisciplinasInicial.jsf?action=3&amp;sgldis=HRB4094\" target=\"_blank\" rel=\"noopener noreferrer\">Embriologia, Etiologia, Epidemiologia e Preven\u00e7\u00e3o das Fissuras Orofaciais (HRB4094)<\/a> <\/strong><\/p>\n<p><strong>\u2022 <a title=\"visualizar esta ementa\" href=\"https:\/\/uspdigital.usp.br\/janus\/componente\/catalogoDisciplinasInicial.jsf?action=3&amp;sgldis=HRB4043\" target=\"_blank\" rel=\"noopener noreferrer\">Fisiologia do Sistema Estomatogn\u00e1tico (HRB4043)<\/a> <\/strong><\/p>\n<p><!-- #####################################\n\n\n\n\n<p><strong>\u2022 Fundamentos de Gen\u00e9tica e Biologia Molecular nas Malforma\u00e7\u00f5es Craniofaciais e Outros Dist\u00farbios (HRB4093) <\/strong><\/p>\n\n\n\n\n########################################### --><\/p>\n<p><strong>\u2022 <a title=\"visualizar esta ementa\" href=\"https:\/\/uspdigital.usp.br\/janus\/componente\/catalogoDisciplinasInicial.jsf?action=3&amp;sgldis=HRB4036\" target=\"_blank\" rel=\"noopener noreferrer\">Imaginologia Aplicada \u00e0s Anomalias Craniofaciais (HRB4036)<\/a> <\/strong><\/p>\n<p><strong>\u2022 <a title=\"visualizar esta ementa\" href=\"https:\/\/uspdigital.usp.br\/janus\/componente\/catalogoDisciplinasInicial.jsf?action=3&amp;sgldis=HRB4032\" target=\"_blank\" rel=\"noopener noreferrer\">Metodologia da Pesquisa Cient\u00edfica (HRB4032)<\/a> <\/strong><\/p>\n<p><strong>\u2022 <a title=\"visualizar esta ementa\" href=\"https:\/\/uspdigital.usp.br\/janus\/componente\/catalogoDisciplinasInicial.jsf?action=3&amp;sgldis=HRB4081\" target=\"_blank\" rel=\"noopener noreferrer\">Multidisciplinary Rehabilitation of Orofacial Clefts (HRB4081)<\/a><br \/>\n<span style=\"font-size: 12px;\">\u00a0\u00a0 <em>Disciplina ministrada em l\u00edngua inglesa<\/em>\u00a0 <\/span><br \/>\n<\/strong><\/p>\n<p><strong>\u2022 <a title=\"visualizar esta ementa\" href=\"https:\/\/uspdigital.usp.br\/janus\/componente\/catalogoDisciplinasInicial.jsf?action=3&amp;sgldis=HRB4075\" target=\"_blank\" rel=\"noopener noreferrer\">Odontologia na Reabilita\u00e7\u00e3o das Fissuras Orofaciais (HRB4075)<\/a> <\/strong><\/p>\n<p><strong>\u2022 <a title=\"visualizar esta ementa\" href=\"https:\/\/uspdigital.usp.br\/janus\/componente\/catalogoDisciplinasInicial.jsf?action=3&amp;sgldis=HRB4099\" target=\"_blank\" rel=\"noopener noreferrer\">Orofacial Clefting: Impact on Speech, Breathing and Sleep (HRB4099)<\/a><br \/>\n<span style=\"font-size: 12px;\"><em>\u00a0\u00a0 Disciplina ministrada em l\u00edngua inglesa\u00a0<\/em> <\/span><br \/>\n<\/strong><\/p>\n<p><strong>\u2022 <a title=\"visualizar esta ementa\" href=\"https:\/\/uspdigital.usp.br\/janus\/componente\/catalogoDisciplinasInicial.jsf?action=3&amp;sgldis=HRB4029\" target=\"_blank\" rel=\"noopener noreferrer\">Prepara\u00e7\u00e3o Pedag\u00f3gica (HRB4029)<\/a> <\/strong><\/p>\n<p><strong>\u2022 <a title=\"visualizar esta ementa\" href=\"https:\/\/uspdigital.usp.br\/janus\/componente\/catalogoDisciplinasInicial.jsf?action=3&amp;sgldis=HRB4107\" target=\"_blank\" rel=\"noopener noreferrer\">Prote\u00f4mica e Bioinform\u00e1tica Aplicada \u00e0s Anomalias Craniofaciais (HRB4107)<\/a><\/strong><\/p>\n<p><strong>\u2022 <a title=\"visualizar esta ementa\" href=\"https:\/\/uspdigital.usp.br\/janus\/componente\/catalogoDisciplinasInicial.jsf?action=3&amp;sgldis=HRB4071\" target=\"_blank\" rel=\"noopener noreferrer\">Reabilita\u00e7\u00e3o Multidisciplinar das Fissuras Orofaciais (HRB4071)<\/a> <\/strong><\/p>\n<p><strong>\u2022 <a href=\"https:\/\/uspdigital.usp.br\/janus\/componente\/disciplinasOferecidasInicial.jsf?action=3&amp;sgldis=HRB4108\" target=\"_blank\" rel=\"noopener\">Reabilita\u00e7\u00e3o Ortod\u00f4ntica das Fissuras Labiopalatinas (HRB4108)<\/a><\/strong><\/p>\n<p><strong>\u2022 <a title=\"visualizar esta ementa\" href=\"https:\/\/uspdigital.usp.br\/janus\/componente\/catalogoDisciplinasInicial.jsf?action=3&amp;sgldis=HRB4101\" target=\"_blank\" rel=\"noopener\">Sindromologia e Cirurgia Craniofacial: do Diagn\u00f3stico ao Tratamento (HRB4101)<\/a><\/strong>\u00a0<\/p>\n<p><strong>\u2022 <a title=\"visualizar esta ementa\" href=\"https:\/\/uspdigital.usp.br\/janus\/componente\/catalogoDisciplinasInicial.jsf?action=3&amp;sgldis=HRB4077\" target=\"_blank\" rel=\"noopener noreferrer\">Telessa\u00fade como Ferramenta de Ensino, Pesquisa e Assist\u00eancia (HRB4077)<\/a> <\/strong><\/p>\n<p><strong>\u2022 <a title=\"visualizar esta ementa\" href=\"https:\/\/uspdigital.usp.br\/janus\/componente\/catalogoDisciplinasInicial.jsf?action=3&amp;sgldis=HRB4091\" target=\"_blank\" rel=\"noopener noreferrer\">Tratamento Intensivo e Interdisciplinar na Reabilita\u00e7\u00e3o Funcional das Anomalias Craniofaciais (HRB4091)<\/a> <\/strong><\/p>\n<p><strong>\u2022 <a title=\"visualizar esta ementa\" href=\"https:\/\/uspdigital.usp.br\/janus\/componente\/catalogoDisciplinasInicial.jsf?action=3&amp;sgldis=HRB4045\" target=\"_blank\" rel=\"noopener noreferrer\">Vias A\u00e9reas Superiores nas Fissuras Orofaciais (HRB4045)<\/a><\/strong><\/p>\n<p>&nbsp;<\/p>\n<p><span style=\"font-size: 16px; color: #000000;\"><strong>\u00c1rea de concentra\u00e7\u00e3o: <a style=\"color: #000000;\" href=\"https:\/\/uspdigital.usp.br\/janus\/DisLista?codare=113131&amp;codcpg=113&amp;origem=C\" target=\"_blank\" rel=\"noopener\">Cuidado Interdisciplinar nos Diferentes Ciclos da Vida (113131)<\/a>\u00a0<\/strong><\/span><\/p>\n<p><strong>\u2022 <a title=\"visualizar esta ementa\" href=\"https:\/\/uspdigital.usp.br\/janus\/componente\/catalogoDisciplinasInicial.jsf?action=3&amp;sgldis=CIV4017\" rel=\"noopener noreferrer\">An\u00e1lise, S\u00edntese e Gest\u00e3o de Conhecimento em Sa\u00fade (CIV4017)<\/a><\/strong><\/p>\n<p><strong>\u2022 <a href=\"https:\/\/uspdigital.usp.br\/janus\/componente\/catalogoDisciplinasInicial.jsf?action=3&amp;sgldis=CIV4020\" target=\"_blank\" rel=\"noopener\">Comunica\u00e7\u00e3o em Sa\u00fade (CIV4020)<\/a><\/strong><\/p>\n<p><strong>\u2022\u00a0<a title=\"visualizar esta ementa\" href=\"https:\/\/uspdigital.usp.br\/janus\/componente\/catalogoDisciplinasInicial.jsf?action=3&amp;sgldis=CIV4001\" target=\"_blank\" rel=\"noopener\">Elabora\u00e7\u00e3o e Ado\u00e7\u00e3o de Protocolos Cl\u00ednicos e Avalia\u00e7\u00e3o da Qualidade Assistencial (CIV4001)<\/a><\/strong><\/p>\n<p><strong>\u2022 <a title=\"visualizar esta ementa\" href=\"https:\/\/uspdigital.usp.br\/janus\/componente\/catalogoDisciplinasInicial.jsf?action=3&amp;sgldis=CIV4008\" target=\"_blank\" rel=\"noopener\">Fundamentos e Diretrizes do Sistema \u00danico de Sa\u00fade &#8211; SUS (CIV4008)<\/a><\/strong>\u00a0<\/p>\n<p><strong>\u2022 <a title=\"visualizar esta ementa\" href=\"https:\/\/uspdigital.usp.br\/janus\/componente\/catalogoDisciplinasInicial.jsf?action=3&amp;sgldis=CIV4019\" target=\"_blank\" rel=\"noopener\">Guia Pr\u00e1tico de Publica\u00e7\u00e3o para Novos Pesquisadores (CIV4019)<\/a><\/strong>\u00a0<\/p>\n<p><strong>\u2022 <a title=\"visualizar esta ementa\" href=\"https:\/\/uspdigital.usp.br\/janus\/componente\/catalogoDisciplinasInicial.jsf?action=3&amp;sgldis=CIV4013\" target=\"_blank\" rel=\"noopener\">Interdisciplinaridade na Assist\u00eancia Obst\u00e9trica (CIV4013)<\/a><\/strong>\u00a0<\/p>\n<p><strong>\u2022 <a title=\"visualizar esta ementa\" href=\"https:\/\/uspdigital.usp.br\/janus\/componente\/catalogoDisciplinasInicial.jsf?action=3&amp;sgldis=CIV4018\" target=\"_blank\" rel=\"noopener\">Life Cycles: Age Impact on Quality of Life (QoL) (CIV4018)<\/a><\/strong>\u00a0<\/p>\n<p><strong>\u2022 <a title=\"visualizar esta ementa\" href=\"https:\/\/uspdigital.usp.br\/janus\/componente\/catalogoDisciplinasInicial.jsf?action=3&amp;sgldis=CIV4006\" target=\"_blank\" rel=\"noopener\">M\u00e9todo Cient\u00edfico: Aplica\u00e7\u00e3o a Pesquisas em Sa\u00fade (CIV4006)<\/a><\/strong>\u00a0<\/p>\n<p><strong>\u2022 <a title=\"visualizar esta ementa\" href=\"https:\/\/uspdigital.usp.br\/janus\/componente\/catalogoDisciplinasInicial.jsf?action=3&amp;sgldis=CIV4004\" target=\"_blank\" rel=\"noopener noreferrer\">Metodologias Ativas de Ensino Aprendizagem na Educa\u00e7\u00e3o Superior (CIV4004)<\/a>\u00a0<\/strong><\/p>\n<p><strong>\u2022 <a title=\"visualizar esta ementa\" href=\"https:\/\/uspdigital.usp.br\/janus\/componente\/catalogoDisciplinasInicial.jsf?action=3&amp;sgldis=CIV4010\" target=\"_blank\" rel=\"noopener\">M\u00e9todos Avaliativos em Educa\u00e7\u00e3o em Sa\u00fade (CIV4010)<\/a><\/strong>\u00a0<\/p>\n<p><strong>\u2022 <a title=\"visualizar esta ementa\" href=\"https:\/\/uspdigital.usp.br\/janus\/componente\/catalogoDisciplinasInicial.jsf?action=3&amp;sgldis=CIV4015\" target=\"_blank\" rel=\"noopener\">Modelos de Gest\u00e3o da Qualidade em Sa\u00fade (CIV4015)<\/a><\/strong>\u00a0<\/p>\n<p><strong>\u2022 <a title=\"visualizar esta ementa\" href=\"https:\/\/uspdigital.usp.br\/janus\/componente\/catalogoDisciplinasInicial.jsf?action=3&amp;sgldis=CIV4012\" target=\"_blank\" rel=\"noopener\">Novas Tecnologias em Diagn\u00f3stico por Imagem (CIV4012)<\/a><\/strong>\u00a0<\/p>\n<p><strong>\u2022 <a title=\"visualizar esta ementa\" href=\"https:\/\/uspdigital.usp.br\/janus\/componente\/catalogoDisciplinasInicial.jsf?action=3&amp;sgldis=CIV4026\" target=\"_blank\" rel=\"noopener noreferrer\">Organiza\u00e7\u00e3o e Participa\u00e7\u00e3o em Eventos Cient\u00edficos e Acad\u00eamicos (CIV4026)<\/a> <\/strong><\/p>\n<p><strong>\u2022 <a title=\"visualizar esta ementa\" href=\"https:\/\/uspdigital.usp.br\/janus\/componente\/catalogoDisciplinasInicial.jsf?action=3&amp;sgldis=CIV4021\" target=\"_blank\" rel=\"noopener\">Pr\u00e1tica Cl\u00ednica Integrada: Discuss\u00e3o de Casos em Ambiente Multiprofissional (CIV4021)<\/a><\/strong>\u00a0<\/p>\n<p><strong>\u2022 <a title=\"visualizar esta ementa\" href=\"https:\/\/uspdigital.usp.br\/janus\/componente\/catalogoDisciplinasInicial.jsf?action=3&amp;sgldis=CIV4016\" target=\"_blank\" rel=\"noopener\">Princ\u00edpios Gen\u00e9ticos, Moleculares e Cl\u00ednicos de Doen\u00e7as Endocrinol\u00f3gicas em Pediatria (CIV4016)<\/a><\/strong>\u00a0<\/p>\n<p><strong>\u2022 <a title=\"visualizar esta ementa\" href=\"https:\/\/uspdigital.usp.br\/janus\/componente\/catalogoDisciplinasInicial.jsf?action=3&amp;sgldis=CIV4005\" target=\"_blank\" rel=\"noopener\">Sa\u00fade da Mulher: do <em>Menacme<\/em> \u00e0 Menopausa (CIV4005)<\/a><\/strong>\u00a0<\/p>\n<p><strong>\u2022 <a title=\"visualizar esta ementa\" href=\"https:\/\/uspdigital.usp.br\/janus\/componente\/catalogoDisciplinasInicial.jsf?action=3&amp;sgldis=CIV4002\" target=\"_blank\" rel=\"noopener\">Simula\u00e7\u00e3o Cl\u00ednica Multiprofissional em sa\u00fade (CIV4002)<\/a> <br \/>\n<\/strong><\/p>\n<p><strong>\u2022 <a title=\"visualizar esta ementa\" href=\"https:\/\/uspdigital.usp.br\/janus\/componente\/catalogoDisciplinasInicial.jsf?action=3&amp;sgldis=CIV4003\" target=\"_blank\" rel=\"noopener\">Simula\u00e7\u00e3o Cl\u00ednica: Conceitos e Aplica\u00e7\u00e3o na Forma\u00e7\u00e3o e Capacita\u00e7\u00e3o de Profissionais (CIV4003)<\/a>\u00a0<\/strong><\/p>\n<p><strong>\u2022 <a title=\"visualizar esta ementa\" href=\"https:\/\/uspdigital.usp.br\/janus\/componente\/catalogoDisciplinasInicial.jsf?action=3&amp;sgldis=CIV4007\" target=\"_blank\" rel=\"noopener\">T\u00f3picos Avan\u00e7ados em Dist\u00farbios Respirat\u00f3rios do Sono &#8211; DRS (CIV4007)<\/a>\u00a0 <\/strong><\/p>\n<p><strong>\u2022 <a title=\"visualizar esta ementa\" href=\"https:\/\/uspdigital.usp.br\/janus\/componente\/catalogoDisciplinasInicial.jsf?action=3&amp;sgldis=CIV4009\" target=\"_blank\" rel=\"noopener\">T\u00f3picos Avan\u00e7ados em Epidemiologia (CIV4009)<\/a>\u00a0<\/strong><\/p>\n<p><strong>\u2022 <a title=\"visualizar esta ementa\" href=\"https:\/\/uspdigital.usp.br\/janus\/componente\/catalogoDisciplinasInicial.jsf?action=3&amp;sgldis=CIV4014\" target=\"_blank\" rel=\"noopener\">T\u00f3picos Avan\u00e7ados em Sa\u00fade do Adolescente (CIV4014)<\/a>\u00a0<\/strong><\/p>\n<p><strong>\u2022 <a title=\"visualizar esta ementa\" href=\"https:\/\/uspdigital.usp.br\/janus\/componente\/catalogoDisciplinasInicial.jsf?action=3&amp;sgldis=CIV4011\" target=\"_blank\" rel=\"noopener\">T\u00f3picos em Biologia Humana (CIV4011)<\/a>\u00a0<\/strong><\/p>\n<p>&nbsp;<\/p>\n<hr \/>\n<p><span style=\"font-size: 20px;\"><strong><span style=\"color: #333333;\">Agenda \u2022 Programa de P\u00f3s-Gradua\u00e7\u00e3o FMBRU-USP \u2022 2026<\/span><\/strong><\/span><\/p>\n<p><span style=\"color: #333333;\"><span style=\"font-size: 16px;\"><span style=\"color: #ff0000;\"><em><span style=\"font-size: 14px;\">Aten\u00e7\u00e3o: todas as datas est\u00e3o sujeitas a altera\u00e7\u00f5es.<\/span><\/em><\/span><\/span><\/span><\/p>\n<p><iframe loading=\"lazy\" style=\"border-width: 0;\" src=\"https:\/\/calendar.google.com\/calendar\/embed?height=600&amp;wkst=1&amp;bgcolor=%23ffffff&amp;ctz=America%2FSao_Paulo&amp;title=Cronograma%20de%20Aulas%20%E2%80%A2%20PPG-FMBRU&amp;showTabs=1&amp;mode=AGENDA&amp;src=dXNwLmJyX2p1Zzh0NWtpczNhMmFibjU2NGpxaGU4Z2s4QGdyb3VwLmNhbGVuZGFyLmdvb2dsZS5jb20&amp;color=%23C0CA33\" width=\"800\" height=\"600\" frameborder=\"0\" scrolling=\"no\"><\/iframe><\/p>\n<p>&nbsp;<\/p>","protected":false},"excerpt":{"rendered":"<p>Sorry, this entry is only available in Portugu\u00eas do Brasil.&nbsp; Ementas do Programa de P\u00f3s-Gradua\u00e7\u00e3o em Ci\u00eancias da Reabilita\u00e7\u00e3o da\u00a0<\/p>\n","protected":false},"author":13,"featured_media":0,"parent":279,"menu_order":2,"comment_status":"closed","ping_status":"closed","template":"","meta":{"colormag_page_container_layout":"default_layout","colormag_page_sidebar_layout":"default_layout","footnotes":"","_links_to":"","_links_to_target":""},"class_list":["post-297","page","type-page","status-publish","hentry"],"_links":{"self":[{"href":"https:\/\/hrac.usp.br\/en\/wp-json\/wp\/v2\/pages\/297","targetHints":{"allow":["GET"]}}],"collection":[{"href":"https:\/\/hrac.usp.br\/en\/wp-json\/wp\/v2\/pages"}],"about":[{"href":"https:\/\/hrac.usp.br\/en\/wp-json\/wp\/v2\/types\/page"}],"author":[{"embeddable":true,"href":"https:\/\/hrac.usp.br\/en\/wp-json\/wp\/v2\/users\/13"}],"replies":[{"embeddable":true,"href":"https:\/\/hrac.usp.br\/en\/wp-json\/wp\/v2\/comments?post=297"}],"version-history":[{"count":37,"href":"https:\/\/hrac.usp.br\/en\/wp-json\/wp\/v2\/pages\/297\/revisions"}],"predecessor-version":[{"id":53051,"href":"https:\/\/hrac.usp.br\/en\/wp-json\/wp\/v2\/pages\/297\/revisions\/53051"}],"up":[{"embeddable":true,"href":"https:\/\/hrac.usp.br\/en\/wp-json\/wp\/v2\/pages\/279"}],"wp:attachment":[{"href":"https:\/\/hrac.usp.br\/en\/wp-json\/wp\/v2\/media?parent=297"}],"curies":[{"name":"wp","href":"https:\/\/api.w.org\/{rel}","templated":true}]}}