
{"id":259,"date":"2021-03-09T16:00:56","date_gmt":"2021-03-09T19:00:56","guid":{"rendered":"http:\/\/143.107.61.17\/hracsite\/?page_id=259"},"modified":"2022-10-17T22:30:45","modified_gmt":"2022-10-18T01:30:45","slug":"auxilios","status":"publish","type":"page","link":"https:\/\/hrac.usp.br\/en\/saude\/auxilios\/","title":{"rendered":"Aux\u00edlios"},"content":{"rendered":"<p><img loading=\"lazy\" decoding=\"async\" class=\"alignnone size-full wp-image-3762 aligncenter\" src=\"https:\/\/hrac.usp.br\/wp-content\/uploads\/2016\/05\/auxilio_abre.gif\" alt=\"auxilio_abre\" width=\"800\" height=\"300\" \/><\/p>\n<p>Reunimos aqui informa\u00e7\u00f5es sobre <strong>programas do HRAC<\/strong>, <strong>benef\u00edcios previstos por lei<\/strong> e <strong>alternativas de\u00a0aux\u00edlio<\/strong> para que voc\u00ea possa dar continuidade ao seu tratamento, sem faltar aos agendamentos.\u00a0<\/p>\n<p style=\"padding-left: 30px;\"><span class=\"collapseomatic \" id=\"caronamiga\"  tabindex=\"0\" alt=\"clique para exibir.\" title=\"clique para exibir.\"    ><strong>CARONA AMIGA<\/strong> <sub>(ver mais)<\/sub><\/span><span id='swap-caronamiga'  class='colomat-swap' style='display:none;'><sub>(clique para fechar)<\/sub><\/span><div id=\"target-caronamiga\" class=\"collapseomatic_content \">\n<p style=\"padding-left: 60px;\">Desenvolvido pelo Servi\u00e7o Social do HRAC, o programa \u00e9 <strong>fruto de parceria com prefeituras municipais<\/strong> das cidades onde residem pacientes do Hospital. De um lado, o <strong>HRAC agenda o maior n\u00famero poss\u00edvel de pacientes<\/strong> de um munic\u00edpio, ou microregi\u00e3o, para atendimento <strong>numa mesma data<\/strong>; e <strong>o munic\u00edpio providencia a libera\u00e7\u00e3o de uma condu\u00e7\u00e3o municipal<\/strong> que transporte esses pacientes\u00a0para atendimento no HRAC. Essa m\u00fatua coopera\u00e7\u00e3o resulta na uni\u00e3o das pessoas e racionaliza\u00e7\u00e3o de uso de transporte, facilitando o processo de reabilita\u00e7\u00e3o e organiza\u00e7\u00e3o popular.\u00a0A\u00a0Carona Amiga t\u00eam\u00a0mais de 500 munic\u00edpios cadastrados.<\/p>\n<p style=\"padding-left: 30px;\"><span id=\"caronamiga\" class=\"collapseomatic colomat-close scroll-to-trigger\"><strong>CARONA AMIGA<\/strong>\u00a0<sub>(clique para fechar)<\/sub><\/span> <\/div>\n<p style=\"padding-left: 30px;\"><span class=\"collapseomatic \" id=\"prefs\"  tabindex=\"0\" alt=\"clique para exibir.\" title=\"clique para exibir.\"    ><strong>PARCERIA COM PREFEITURAS MUNICIPAIS <\/strong><sub>(ver mais)<\/sub><\/span><span id='swap-prefs'  class='colomat-swap' style='display:none;'><sub>(clique para fechar)<\/sub><\/span><div id=\"target-prefs\" class=\"collapseomatic_content \">\n<p style=\"padding-left: 60px;\">Este programa, do Servi\u00e7o Social do Hospital, compreende a <strong>parceria com mais de 3 mil prefeituras de munic\u00edpios que t\u00eam pacientes cadastrados no HRAC.<\/strong> O objetivo dessa parceria \u00e9 manter interc\u00e2mbio com as prefeituras municipais, viabilizando assim o encaminhamento de casos e\u00a0apoio locomo\u00e7\u00e3o. O programa <strong>garante encaminhamento e amparo assistencial durante o tratamento,<\/strong> al\u00e9m de suprir as necessidades referentes a transporte, alimenta\u00e7\u00e3o, entre outros recursos de apoio.<\/p>\n<p style=\"padding-left: 30px;\"><span id=\"prefs\" class=\"collapseomatic colomat-close scroll-to-trigger\"><strong>PARCERIA COM PREFEITURAS MUNICIPAIS<\/strong> <sub>(clique para fechar)<\/sub><\/span> <\/div>\n<p style=\"padding-left: 30px;\"><span class=\"collapseomatic \" id=\"coordenadores\"  tabindex=\"0\" alt=\"clique para exibir.\" title=\"clique para exibir.\"    ><strong>COORDENADORES <\/strong><sub>(ver mais)<\/sub><\/span><span id='swap-coordenadores'  class='colomat-swap' style='display:none;'><sub>(clique para fechar)<\/sub><\/span><div id=\"target-coordenadores\" class=\"collapseomatic_content \">\n<p style=\"padding-left: 60px;\">Nesse programa, o objetivo do Servi\u00e7o Social do HRAC \u00e9 <strong>capacitar\u00a0pais ou pacientes adultos para atuarem como agentes multiplicadores<\/strong> do Hospital\u00a0em sua cidade\/regi\u00e3o de origem. Esses &#8220;coordenadores&#8221; s\u00e3o formados\u00a0pela equipe do Hospital para desenvolver em suas regi\u00f5es atividades de apoio, divulga\u00e7\u00e3o, mobiliza\u00e7\u00e3o e organiza\u00e7\u00e3o, facilitando e viabilizando o tratamento de outros pacientes,\u00a0como volunt\u00e1rios. Por exemplo, os coordenadores <strong>visitam maternidades e hospitais, informando os funcion\u00e1rios desses locais sobre o que \u00e9 a fissura,<\/strong> onde procurar tratamento e como entrar em contato com o HRAC. Atuam, ainda, como <strong>ponto de articula\u00e7\u00e3o entre os pacientes de cada local e o Servi\u00e7o Social do HRAC.<\/strong> Atualmente, h\u00e1 mais de 400\u00a0&#8220;coordenadores&#8221; em todo o pa\u00eds.<\/p>\n<p style=\"padding-left: 30px;\"><span id=\"coordenadores\" class=\"collapseomatic colomat-close scroll-to-trigger\"><strong>COORDENADORES<\/strong>\u00a0<sub>(clique para fechar)<\/sub><\/span> <\/div>\n<p style=\"padding-left: 30px;\"><span class=\"collapseomatic \" id=\"associacoes\"  tabindex=\"0\" alt=\"clique para exibir.\" title=\"clique para exibir.\"    ><strong>ASSOCIA\u00c7\u00d5ES DE APOIO <\/strong><sub>(ver mais)<\/sub><\/span><span id='swap-associacoes'  class='colomat-swap' style='display:none;'><sub>(clique para fechar)<\/sub><\/span><div id=\"target-associacoes\" class=\"collapseomatic_content \">\n<p style=\"padding-left: 60px;\"><span style=\"line-height: 1.5; background-color: transparent;\">As associa\u00e7\u00f5es de apoio surgiram, naturalmente, como r<strong>esultado do processo de capacita\u00e7\u00e3o e fortalecimento de pais e pacientes com fissuras, que passaram a se unir de forma organizada.<\/strong> O surgimento\u00a0dessas associa\u00e7\u00f5es resultaram em\u00a0uma verdadeira rede de solidariedade em todo o pa\u00eds que orientam os pacientes, auxiliam no di\u00e1logo com recursos p\u00fablicos para viabilizar o tratamento, e muitas associa\u00e7\u00f5es ainda oferecem servi\u00e7os, como atendimentos. Cabe ao <strong>Servi\u00e7o Social do HRAC colaborar no processo de\u00a0<\/strong><\/span><strong>capacita\u00e7\u00e3o<\/strong> de recursos humanos das associa\u00e7\u00f5es e n\u00facleos, tanto de forma presencial ou \u00e0 dist\u00e2ncia, pelo uso de recursos de teleassist\u00eancia.\u00a0<\/p>\n<p style=\"padding-left: 30px;\"><span id=\"associacoes\" class=\"collapseomatic colomat-close scroll-to-trigger\"><strong>ASSOCIA\u00c7\u00d5ES DE APOIO\u00a0<\/strong><sub>(clique para fechar)<\/sub><\/span> <\/div>\n<p style=\"padding-left: 30px;\"><span class=\"collapseomatic \" id=\"rede\"  tabindex=\"0\" alt=\"clique para exibir.\" title=\"clique para exibir.\"    ><strong>REDE PROFIS <\/strong><sub>(ver mais)<\/sub><\/span><span id='swap-rede'  class='colomat-swap' style='display:none;'><sub>(clique para fechar)<\/sub><\/span><div id=\"target-rede\" class=\"collapseomatic_content \">\n<p style=\"padding-left: 60px;\">A <strong>REDE PROFIS (Rede Nacional de\u2008Associa\u00e7\u00f5es de Pais e Pessoas com Fissura Labiopalatina)<\/strong> \u00e9 uma organiza\u00e7\u00e3o da sociedade civil. Foi criada em\u00a02004 na cidade de Bauru-SP, a partir de um projeto de pesquisa de autoria da equipe t\u00e9cnica de Servi\u00e7o Social do HRAC, com o apoio da Funda\u00e7\u00e3o de Amparo a Pesquisa do Estado de S\u00e3o Paulo (FAPESP). A\u00a0REDE foi criada com o <strong>intuito de reunir associa\u00e7\u00f5es de pais e pacientes com fissura<\/strong>, propiciando o interc\u00e2mbio entre as associa\u00e7\u00f5es, a divulga\u00e7\u00e3o de\u00a0\u00a0informa\u00e7\u00f5es referentes a pessoas com defici\u00eancias e o fortalecimento de a\u00e7\u00f5es em\u00a0defesa dos interesses e direitos da pessoa com defici\u00eancia. <strong>Saiba mais sobre a Rede Profis<\/strong> acessando <a href=\"http:\/\/www.redeprofis.com.br\" target=\"_blank\" rel=\"noopener noreferrer\"><strong>seu site <sub>(clique aqui)<\/sub><\/strong><\/a> ou envie um e-mail para: <a href=\"mailto:contato@redeprofis.com.br\">contato@redeprofis.com.br<\/a><br \/>\n<strong> Fones:<\/strong> <span style=\"color: #000000;\">(14) 3235-8135<\/span> ou <span style=\"color: #000000;\">(14) 3234-5699<\/span><\/p>\n<p style=\"padding-left: 30px;\"><span id=\"rede\" class=\"collapseomatic colomat-close scroll-to-trigger\"><strong>REDE PROFIS\u00a0<\/strong><sub>(clique para fechar)<\/sub><\/span> <\/div>\n<p style=\"padding-left: 30px;\"><span class=\"collapseomatic \" id=\"profis\"  tabindex=\"0\" alt=\"clique para exibir.\" title=\"clique para exibir.\"    ><strong>PROFIS BAURU <\/strong><sub>(ver mais)<\/sub><\/span><span id='swap-profis'  class='colomat-swap' style='display:none;'><sub>(clique para fechar)<\/sub><\/span><div id=\"target-profis\" class=\"collapseomatic_content \">\n<p style=\"padding-left: 60px;\">A\u00a0<strong>PROFIS &#8211; Sociedade de Promo\u00e7\u00e3o Social do Fissurado L\u00e1bio-Palatal, em Bauru-SP<\/strong>, \u00e9 uma entidade filantr\u00f3pica de direitos privados, fundada em 1\u00ba de setembro de 1975 por iniciativa de um grupo de profissionais do Centrinho, com a <strong>finalidade de oferecer suporte e aux\u00edlio social\u00a0a pacientes em tratamento no Hospital.<\/strong> \u00a0Entre os servi\u00e7os oferecidos, destacam-se assist\u00eancia social, nutricional, sala de descanso, ber\u00e7\u00e1rio, guarda volumes.\u00a0Por encaminhamento do Servi\u00e7o Social do HRAC, a PROFIS concede benef\u00edcios que facilitam a estadia do paciente e acompanhante em atendimento no HRAC. Para aqueles que s\u00e3o comprovadamente carentes, a PROFIS oferece, sem custos, alimenta\u00e7\u00e3o, hospedagem e at\u00e9 medicamentos. Informa\u00e7\u00f5es sobre transporte (\u00f4nibus, avi\u00e3o), hot\u00e9is e pens\u00f5es tamb\u00e9m s\u00e3o fornecidas pela equipe da PROFIS. Os motoristas de ambul\u00e2ncias e carros oficiais que trazem pacientes a Bauru tem a disposi\u00e7\u00e3o um alojamento.\u00a0<strong>Para saber mais sobre a PROFIS Bauru<\/strong>, entre em contato com a <a href=\"mailto:social@profis.com.br\"><strong>PROFIS<\/strong><\/a> ou acesse o <a href=\"http:\/\/www.profis.com.br\/site\/conteudo\/filantropia\" target=\"_blank\" rel=\"noopener noreferrer\"><strong>site da entidade <sub>(clique aqui)<\/sub><\/strong><\/a>.<br \/>\n<strong> Fone:<\/strong> <span style=\"color: #000000;\">(14) 3234-5699<\/span><\/p>\n<p style=\"padding-left: 30px;\"><span id=\"profis\" class=\"collapseomatic colomat-close scroll-to-trigger\"><strong>PROFIS BAURU\u00a0<\/strong><sub>(clique para fechar)<\/sub><\/span> <\/div>\n<p style=\"padding-left: 30px;\"><span class=\"collapseomatic \" id=\"tfd\"  tabindex=\"0\" alt=\"clique para exibir.\" title=\"clique para exibir.\"    ><strong>TFD - Tratamento Fora de Domic\u00edlio <\/strong><sub>(ver mais)<\/sub><\/span><span id='swap-tfd'  class='colomat-swap' style='display:none;'><sub>(clique para fechar)<\/sub><\/span><div id=\"target-tfd\" class=\"collapseomatic_content \">\n<p style=\"padding-left: 60px;\">O <strong>TFD (Tratamento Fora de Domic\u00edlio)<\/strong> \u00e9 um benef\u00edcio institu\u00eddo pela Portaria n\u00ba 55 da SAS &#8211; Secretaria de Assist\u00eancia \u00e0 Sa\u00fade (Minist\u00e9rio da Sa\u00fade), publicada\u00a0em 24\/2\/1999. Garante\u00a0ao usu\u00e1rio do SUS (Sistema \u00danico de Sa\u00fade) o direito de requisitar, junto a prefeituras ou secretarias estaduais de sa\u00fade, aux\u00edlio financeiro para tratamento de doen\u00e7as n\u00e3o trat\u00e1veis no munic\u00edpio de origem por falta de condi\u00e7\u00f5es\u00a0t\u00e9cnicas.<\/p>\n<p style=\"padding-left: 60px;\">Consiste em uma <strong>AJUDA DE CUSTO<\/strong>\u00a0ao paciente, e em alguns casos, tamb\u00e9m ao\u00a0acompanhante, encaminhados por ordem m\u00e9dica \u00e0 unidades de sa\u00fade de outro munic\u00edpio ou Estado, quando esgotados todos os meios de tratamento na localidade de resid\u00eancia do mesmo, desde\u00a0que haja possibilidade de cura total ou parcial, limitado no per\u00edodo estritamente necess\u00e1rio a este\u00a0tratamento e aos recursos or\u00e7ament\u00e1rios existentes.<\/p>\n<p style=\"padding-left: 60px;\"><strong>Esse aux\u00edlio inclui transporte<\/strong> (a\u00e9reo, terrestre ou fluvial), <strong>estadia e ajuda de custo para alimenta\u00e7\u00e3o<\/strong> nos tratamentos que precisam ser feitos <strong>em cidades distantes do local de origem do paciente,<\/strong> desde que haja possibilidade de cura total ou parcial. Para saber mais sobre o TFD em sua cidade, procure mais informa\u00e7\u00f5es junto ao Conselho Municipal de Sa\u00fade de seu munic\u00edpio. \u00a0<\/p>\n<p><span id=\"tfd\" class=\"collapseomatic colomat-close scroll-to-trigger\"><strong><strong>TFD &#8211; Tratamento Fora de Domic\u00edlio<\/strong> <\/strong><sub>(clique para fechar)<\/sub><\/span> <\/div>\n<span class=\"collapseomatic \" id=\"contatoprojcom\"  tabindex=\"0\" alt=\"clique para exibir\/ocultar.\" title=\"clique para exibir\/ocultar.\"    ><strong>INFORMA\u00c7\u00d5ES<\/strong> <sub>(ver mais)<\/sub><\/span><span id='swap-contatoprojcom'  class='colomat-swap' style='display:none;'><sub>(clique para fechar)<\/sub><\/span><div id=\"target-contatoprojcom\" class=\"collapseomatic_content \">\n<p style=\"padding-left: 30px;\">Para <strong>INFORMA\u00c7\u00d5ES<\/strong> sobre os programas, benef\u00edcios ou outros recursos, entre em contato enviando uma mensagem para <strong>Projetos Comunit\u00e1rios &#8211; Servi\u00e7o Social HRAC:<\/strong> <br \/>\n<sub>(<strong>*<\/strong> N\u00e3o se esque\u00e7a de<strong> preencher TODOS OS CAMPOS! <\/strong>Caso contr\u00e1rio, a mensagem n\u00e3o ser\u00e1 enviada!)<\/sub><\/p>\n\n<div class=\"wpcf7 no-js\" id=\"wpcf7-f3774-o1\" lang=\"pt-BR\" dir=\"ltr\" data-wpcf7-id=\"3774\">\n<div class=\"screen-reader-response\"><p role=\"status\" aria-live=\"polite\" aria-atomic=\"true\"><\/p> <ul><\/ul><\/div>\n<form action=\"\/en\/wp-json\/wp\/v2\/pages\/259#wpcf7-f3774-o1\" method=\"post\" class=\"wpcf7-form init\" aria-label=\"Formul\u00e1rios de contato\" novalidate=\"novalidate\" data-status=\"init\">\n<fieldset class=\"hidden-fields-container\"><input type=\"hidden\" name=\"_wpcf7\" value=\"3774\" \/><input type=\"hidden\" name=\"_wpcf7_version\" value=\"6.1.5\" \/><input type=\"hidden\" name=\"_wpcf7_locale\" value=\"pt_BR\" \/><input type=\"hidden\" name=\"_wpcf7_unit_tag\" value=\"wpcf7-f3774-o1\" \/><input type=\"hidden\" name=\"_wpcf7_container_post\" value=\"0\" \/><input type=\"hidden\" name=\"_wpcf7_posted_data_hash\" value=\"\" \/>\n<\/fieldset>\n<p><strong>Seu nome completo:<\/strong> *<br \/>\n<span class=\"wpcf7-form-control-wrap\" data-name=\"nome_completo\"><input size=\"40\" maxlength=\"400\" class=\"wpcf7-form-control wpcf7-text wpcf7-validates-as-required\" aria-required=\"true\" aria-invalid=\"false\" value=\"\" type=\"text\" name=\"nome_completo\" \/><\/span><br \/>\n<strong>Seu endere\u00e7o de e-mail:<\/strong> *<br \/>\n<span class=\"wpcf7-form-control-wrap\" data-name=\"email_contato\"><input size=\"40\" maxlength=\"400\" class=\"wpcf7-form-control wpcf7-email wpcf7-validates-as-required wpcf7-text wpcf7-validates-as-email\" aria-required=\"true\" aria-invalid=\"false\" value=\"\" type=\"email\" name=\"email_contato\" \/><\/span><br \/>\n<strong>Seu telefone para contato:<\/strong> *<br \/>\n<span class=\"wpcf7-form-control-wrap\" data-name=\"tel_contato\"><input size=\"40\" maxlength=\"400\" class=\"wpcf7-form-control wpcf7-tel wpcf7-validates-as-required wpcf7-text wpcf7-validates-as-tel\" aria-required=\"true\" aria-invalid=\"false\" placeholder=\"exemplo: (14)3235-8000\" value=\"\" type=\"tel\" name=\"tel_contato\" \/><\/span>\n<\/p>\n<p><strong>Assunto:<\/strong> *<br \/>\n<span class=\"wpcf7-form-control-wrap\" data-name=\"assunto_contato\"><input size=\"40\" maxlength=\"400\" class=\"wpcf7-form-control wpcf7-text wpcf7-validates-as-required\" aria-required=\"true\" aria-invalid=\"false\" value=\"\" type=\"text\" name=\"assunto_contato\" \/><\/span>\n<\/p>\n<p><strong>Nome Completo do Paciente:<\/strong> *<br \/>\n<span class=\"wpcf7-form-control-wrap\" data-name=\"nome_paciente\"><input size=\"40\" maxlength=\"400\" class=\"wpcf7-form-control wpcf7-text wpcf7-validates-as-required\" aria-required=\"true\" aria-invalid=\"false\" value=\"\" type=\"text\" name=\"nome_paciente\" \/><\/span><br \/>\n<strong>N\u00famero do Prontu\u00e1rio do Paciente:<\/strong> *<br \/>\n<span class=\"wpcf7-form-control-wrap\" data-name=\"num_prontuario\"><input size=\"40\" maxlength=\"400\" class=\"wpcf7-form-control wpcf7-text wpcf7-validates-as-required\" aria-required=\"true\" aria-invalid=\"false\" value=\"\" type=\"text\" name=\"num_prontuario\" \/><\/span><br \/>\n<strong>Sua mensagem:<\/strong> *<br \/>\n<span class=\"wpcf7-form-control-wrap\" data-name=\"mensagem_contato\"><textarea cols=\"40\" rows=\"10\" maxlength=\"2000\" class=\"wpcf7-form-control wpcf7-textarea wpcf7-validates-as-required\" aria-required=\"true\" aria-invalid=\"false\" name=\"mensagem_contato\"><\/textarea><\/span>\n<\/p>\n<p>[recaptcha]<br \/>\n<input class=\"wpcf7-form-control wpcf7-submit has-spinner\" type=\"submit\" value=\"Enviar\" \/>\n<\/p><div class=\"wpcf7-response-output\" aria-hidden=\"true\"><\/div>\n<\/form>\n<\/div>\n\n<p><span id=\"contatoprojcom\" class=\"collapseomatic colomat-close scroll-to-trigger\"><strong>INFORMA\u00c7\u00d5ES<\/strong>\u00a0<sub>(clique para fechar)<\/sub><\/span> <\/div>\n<p>&nbsp;<\/p>\n","protected":false},"excerpt":{"rendered":"<p>Reunimos aqui informa\u00e7\u00f5es sobre programas do HRAC, benef\u00edcios previstos por lei e alternativas de\u00a0aux\u00edlio para que voc\u00ea possa dar continuidade<\/p>\n","protected":false},"author":1,"featured_media":0,"parent":192,"menu_order":10,"comment_status":"closed","ping_status":"closed","template":"","meta":{"colormag_page_container_layout":"default_layout","colormag_page_sidebar_layout":"default_layout","footnotes":"","_links_to":"","_links_to_target":""},"class_list":["post-259","page","type-page","status-publish","hentry"],"_links":{"self":[{"href":"https:\/\/hrac.usp.br\/en\/wp-json\/wp\/v2\/pages\/259","targetHints":{"allow":["GET"]}}],"collection":[{"href":"https:\/\/hrac.usp.br\/en\/wp-json\/wp\/v2\/pages"}],"about":[{"href":"https:\/\/hrac.usp.br\/en\/wp-json\/wp\/v2\/types\/page"}],"author":[{"embeddable":true,"href":"https:\/\/hrac.usp.br\/en\/wp-json\/wp\/v2\/users\/1"}],"replies":[{"embeddable":true,"href":"https:\/\/hrac.usp.br\/en\/wp-json\/wp\/v2\/comments?post=259"}],"version-history":[{"count":1,"href":"https:\/\/hrac.usp.br\/en\/wp-json\/wp\/v2\/pages\/259\/revisions"}],"predecessor-version":[{"id":35006,"href":"https:\/\/hrac.usp.br\/en\/wp-json\/wp\/v2\/pages\/259\/revisions\/35006"}],"up":[{"embeddable":true,"href":"https:\/\/hrac.usp.br\/en\/wp-json\/wp\/v2\/pages\/192"}],"wp:attachment":[{"href":"https:\/\/hrac.usp.br\/en\/wp-json\/wp\/v2\/media?parent=259"}],"curies":[{"name":"wp","href":"https:\/\/api.w.org\/{rel}","templated":true}]}}