
{"id":192,"date":"2022-05-20T10:47:34","date_gmt":"2022-05-20T13:47:34","guid":{"rendered":"http:\/\/143.107.61.17\/hracsite\/?page_id=192"},"modified":"2022-10-17T22:03:49","modified_gmt":"2022-10-18T01:03:49","slug":"saude","status":"publish","type":"page","link":"https:\/\/hrac.usp.br\/en\/saude\/","title":{"rendered":"Treatment"},"content":{"rendered":"<p class=\"qtranxs-available-languages-message qtranxs-available-languages-message-en\">Sorry, this entry is only available in <a href=\"https:\/\/hrac.usp.br\/pb\/wp-json\/wp\/v2\/pages\/192\" class=\"qtranxs-available-language-link qtranxs-available-language-link-pb\" title=\"Portugu\u00eas do Brasil\">Portugu\u00eas do Brasil<\/a>.<\/p><p>&nbsp;<\/p>\n<p><span style=\"font-size: 16px;\"><span style=\"color: #000000;\"><strong>O HRAC-USP \u00e9 um hospital especializado<\/strong> na reabilita\u00e7\u00e3o de pessoas com fissuras labiopalatinas, anomalias cong\u00eanitas do cr\u00e2nio e da face, s\u00edndromes associadas a essas malforma\u00e7\u00f5es e dist\u00farbios da audi\u00e7\u00e3o.<\/span>\u00a0\u00a0 <\/span><\/p>\n<p><strong><span style=\"font-size: 16px;\">Sua capacidade total \u00e9 dedicada aos usu\u00e1rios do SUS.\u00a0<\/span> <br \/>\n<\/strong><\/p>\n<p><span style=\"color: #000000;\">Por se tratar de uma institui\u00e7\u00e3o especializada no tratamento de patologias espec\u00edficas, o HRAC se mant\u00e9m em constante busca pelo melhor e mais completo atendimento aos seus pacientes. A qualidade do servi\u00e7o prestado \u00e9 mantida e aperfei\u00e7oada por meio de protocolos de atendimento em cada \u00e1rea, bem como pela atua\u00e7\u00e3o em conson\u00e2ncia com diversas comiss\u00f5es, grupos de estudo e a garantia de uma pol\u00edtica de pesquisa viva e atuante. <strong>O car\u00e1ter multidisciplinar e a filosofia de tratamento integrado s\u00e3o os diferenciais da institui\u00e7\u00e3o<\/strong>, que tamb\u00e9m desenvolve programas sociais de acolhimento e humaniza\u00e7\u00e3o hospitalar, durante a perman\u00eancia do paciente.<\/span>\u00a0<\/p>\n<p><span style=\"color: #000000;\">O Hospital ainda atende uma parte da demanda local da rede b\u00e1sica de sa\u00fade por meio de agenda do Departamento Regional de Sa\u00fade VI (DRS-VI), dentro de seu programa de resid\u00eancia em otorrinolaringologia e de acordo com a capacidade instalada do Hospital.<\/span>\u00a0<\/p>\n<hr \/>\n<p><span style=\"font-size: 16px;\"><strong>\u2022 <a href=\"https:\/\/hrac.usp.br\/wp-content\/uploads\/2018\/02\/etapas_e_condutas_terapeuticas_hrac_fev_2018.pdf\" target=\"_blank\" rel=\"noopener noreferrer\">Consulte nosso manual de<span style=\"color: #000000;\"> &#8220;Etapas e Condutas Terap\u00eauticas&#8221;<\/span> (ed. fevereiro\/2018). <sub>(ver mais)<\/sub><\/a>\u00a0<\/strong><\/span><\/p>\n<p>&nbsp;<\/p>\n<hr \/>\n<p><span style=\"font-size: 20px;\"><em><strong><span style=\"color: #ff0000;\">ATEN\u00c7\u00c3O!<\/span> O HRAC\/Centrinho-USP informa:<\/strong> <\/em><\/span><\/p>\n<blockquote>\n<p><em><strong><span style=\"color: #ff0000; font-size: 20px;\">FLUXO DE ATENDIMENTOS E MEDIDAS PREVENTIVAS: <\/span> <\/strong><\/em><\/p>\n<p style=\"padding-left: 40px;\"><span style=\"font-size: 16px;\"><strong><span style=\"color: #333333;\">Os usu\u00e1rios em circula\u00e7\u00e3o pelo Hospital devem respeitar as medidas preventivas amplamente divulgadas, como o uso obrigat\u00f3rio de m\u00e1scaras, a higieniza\u00e7\u00e3o frequente das m\u00e3os e o distanciamento interpessoal de pelo menos 1,5 metro.<\/span> <br \/>\n<\/strong><\/span><\/p>\n<p style=\"padding-left: 40px;\"><span style=\"font-size: 16px;\"><strong><span style=\"font-size: 20px;\"><em><span style=\"color: #ff0000;\">ATEN\u00c7\u00c3O: <\/span><\/em><\/span><br \/>\n<\/strong><\/span><\/p>\n<p style=\"padding-left: 80px;\"><strong><span style=\"font-size: 16px;\"><span style=\"color: #ff0000;\">N\u00c3O comparecer ao HRAC se estiver com sintomas gripais ou da covid-19, ou caso tiver exposi\u00e7\u00e3o ou contato com pessoas suspeitas ou j\u00e1 confirmadas!<\/span><span style=\"color: #333333;\"> Nessas situa\u00e7\u00f5es, procurar atendimento m\u00e9dico, seguir as recomenda\u00e7\u00f5es e justificar a falta para reagendamento posterior.<\/span><\/span> <br \/>\n<\/strong><\/p>\n<p style=\"padding-left: 40px;\"><span style=\"font-size: 16px;\"><strong><span style=\"color: #333333;\">Para mais informa\u00e7\u00f5es sobre como se proteger da covid-19, uso correto de m\u00e1scaras, sintomas, entre outras, acesse:<\/span> <a href=\"http:\/\/saopaulo.sp.gov.br\/coronavirus\/\" target=\"_blank\" rel=\"noopener noreferrer\">http:\/\/saopaulo.sp.gov.br\/coronavirus\/<\/a> <\/strong> <\/span><\/p>\n<\/blockquote>\n<p>&nbsp;<\/p>\n<p>&nbsp;<\/p>","protected":false},"excerpt":{"rendered":"<p>Sorry, this entry is only available in Portugu\u00eas do Brasil.&nbsp; O HRAC-USP \u00e9 um hospital especializado na reabilita\u00e7\u00e3o de pessoas<\/p>\n","protected":false},"author":1,"featured_media":0,"parent":0,"menu_order":2,"comment_status":"closed","ping_status":"closed","template":"","meta":{"colormag_page_container_layout":"default_layout","colormag_page_sidebar_layout":"default_layout","footnotes":"","_links_to":"","_links_to_target":""},"class_list":["post-192","page","type-page","status-publish","hentry"],"_links":{"self":[{"href":"https:\/\/hrac.usp.br\/en\/wp-json\/wp\/v2\/pages\/192","targetHints":{"allow":["GET"]}}],"collection":[{"href":"https:\/\/hrac.usp.br\/en\/wp-json\/wp\/v2\/pages"}],"about":[{"href":"https:\/\/hrac.usp.br\/en\/wp-json\/wp\/v2\/types\/page"}],"author":[{"embeddable":true,"href":"https:\/\/hrac.usp.br\/en\/wp-json\/wp\/v2\/users\/1"}],"replies":[{"embeddable":true,"href":"https:\/\/hrac.usp.br\/en\/wp-json\/wp\/v2\/comments?post=192"}],"version-history":[{"count":1,"href":"https:\/\/hrac.usp.br\/en\/wp-json\/wp\/v2\/pages\/192\/revisions"}],"predecessor-version":[{"id":34963,"href":"https:\/\/hrac.usp.br\/en\/wp-json\/wp\/v2\/pages\/192\/revisions\/34963"}],"wp:attachment":[{"href":"https:\/\/hrac.usp.br\/en\/wp-json\/wp\/v2\/media?parent=192"}],"curies":[{"name":"wp","href":"https:\/\/api.w.org\/{rel}","templated":true}]}}