
{"id":182,"date":"2016-12-02T00:00:42","date_gmt":"2016-12-02T02:00:42","guid":{"rendered":"http:\/\/143.107.61.17\/hracsite\/?page_id=182"},"modified":"2022-10-17T22:31:53","modified_gmt":"2022-10-18T01:31:53","slug":"a-usp","status":"publish","type":"page","link":"https:\/\/hrac.usp.br\/en\/institucional\/a-usp\/","title":{"rendered":"A USP"},"content":{"rendered":"<p>A<strong> Universidade de S\u00e3o Paulo (USP),<\/strong> criada\u00a0em 1934,\u00a0\u00e9 uma universidade p\u00fablica, mantida pelo Estado de S\u00e3o Paulo e ligada \u00e0 Secretaria de Estado de Desenvolvimento Econ\u00f4mico, Ci\u00eancia e Tecnologia. Considerada uma das mais importantes universidades do pa\u00eds, integra v\u00e1rios rankings nacionais e internacionais de qualidade, e hoje\u00a0est\u00e1 entre as 50 melhores do mundo em seis \u00e1reas.\u00a0<\/p>\n<p>Para desenvolver suas atividades, a USP conta com diversos campi, distribu\u00eddos pelas cidades de S\u00e3o Paulo, Bauru, Lorena, Piracicaba, Pirassununga, Ribeir\u00e3o Preto, Santos, S\u00e3o Carlos, al\u00e9m de Unidades de Ensino, Museus e Centros de pesquisa situados fora desses espa\u00e7os e em diferentes munic\u00edpios. <strong>Visite o\u00a0<a href=\"http:\/\/www.usp.br\/\" target=\"_blank\" rel=\"noopener\">Portal da USP<\/a>.<\/strong><\/p>\n<span class=\"collapseomatic \" id=\"id69ff151f73206\"  tabindex=\"0\" alt=\"clique para exibir\/ocultar.\" title=\"clique para exibir\/ocultar.\"    ><b>NORMAS DA USP<\/b> <sub>(ver mais)<\/sub><\/span><span id='swap-id69ff151f73206'  class='colomat-swap' style='display:none;'><strong>NORMAS DA USP<\/strong> <sub>(clique para fechar)<\/sub><\/span><div id=\"target-id69ff151f73206\" class=\"collapseomatic_content \">\n<p>A USP \u00e9 regida por normas espec\u00edficas que disciplinam sua atua\u00e7\u00e3o nos campos do ensino, da pesquisa e da extens\u00e3o de servi\u00e7os \u00e0 comunidade.<\/p>\n<p style=\"padding-left: 60px;\">\u2022\u00a0<strong><a href=\"http:\/\/www.leginf.usp.br\/?cat=16\" target=\"_blank\" rel=\"noopener\">Estatuto da USP<\/a><\/strong><\/p>\n<p style=\"padding-left: 60px;\"><strong>\u2022 <a href=\"http:\/\/www.leginf.usp.br\/?cat=17\" target=\"_blank\" rel=\"noopener\">Regimento Geral da USP<\/a><\/strong><\/p>\n<p style=\"padding-left: 60px;\"><strong>\u2022 <a href=\"http:\/\/www.leginf.usp.br\/?resolucao=resolucao-no-4871-de-22-de-outubro-de-2001\" target=\"_blank\" rel=\"noopener\">C\u00f3digo de \u00c9tica da USP<\/a><\/strong><\/p>\n<\/div>\n<p>&nbsp;<\/p>\n<p><strong><a href=\"http:\/\/www.transparencia.usp.br\/\" target=\"_blank\" rel=\"noopener\">PORTAL DA TRANSPAR\u00caNCIA USP<\/a><\/strong><\/p>\n<p style=\"padding-left: 30px;\">\u00a0<a href=\"http:\/\/www.transparencia.usp.br\/\" target=\"_blank\" rel=\"noopener\"><img loading=\"lazy\" decoding=\"async\" class=\"aligncenter wp-image-2840 size-full\" title=\"clique para acessar o Portal da Transpar\u00eancia USP\" src=\"https:\/\/hrac.usp.br\/wp-content\/uploads\/2016\/04\/transparencia.png\" alt=\"transparencia\" width=\"500\" height=\"228\" srcset=\"https:\/\/hrac.usp.br\/wp-content\/uploads\/2016\/04\/transparencia.png 500w, https:\/\/hrac.usp.br\/wp-content\/uploads\/2016\/04\/transparencia-300x137.png 300w\" sizes=\"auto, (max-width: 500px) 100vw, 500px\" \/><\/a><\/p>\n<p>&nbsp;<\/p>\n","protected":false},"excerpt":{"rendered":"<p>A Universidade de S\u00e3o Paulo (USP), criada\u00a0em 1934,\u00a0\u00e9 uma universidade p\u00fablica, mantida pelo Estado de S\u00e3o Paulo e ligada \u00e0<\/p>\n","protected":false},"author":2,"featured_media":0,"parent":143,"menu_order":12,"comment_status":"closed","ping_status":"closed","template":"","meta":{"colormag_page_container_layout":"default_layout","colormag_page_sidebar_layout":"default_layout","footnotes":"","_links_to":"","_links_to_target":""},"class_list":["post-182","page","type-page","status-publish","hentry"],"_links":{"self":[{"href":"https:\/\/hrac.usp.br\/en\/wp-json\/wp\/v2\/pages\/182","targetHints":{"allow":["GET"]}}],"collection":[{"href":"https:\/\/hrac.usp.br\/en\/wp-json\/wp\/v2\/pages"}],"about":[{"href":"https:\/\/hrac.usp.br\/en\/wp-json\/wp\/v2\/types\/page"}],"author":[{"embeddable":true,"href":"https:\/\/hrac.usp.br\/en\/wp-json\/wp\/v2\/users\/2"}],"replies":[{"embeddable":true,"href":"https:\/\/hrac.usp.br\/en\/wp-json\/wp\/v2\/comments?post=182"}],"version-history":[{"count":1,"href":"https:\/\/hrac.usp.br\/en\/wp-json\/wp\/v2\/pages\/182\/revisions"}],"predecessor-version":[{"id":35011,"href":"https:\/\/hrac.usp.br\/en\/wp-json\/wp\/v2\/pages\/182\/revisions\/35011"}],"up":[{"embeddable":true,"href":"https:\/\/hrac.usp.br\/en\/wp-json\/wp\/v2\/pages\/143"}],"wp:attachment":[{"href":"https:\/\/hrac.usp.br\/en\/wp-json\/wp\/v2\/media?parent=182"}],"curies":[{"name":"wp","href":"https:\/\/api.w.org\/{rel}","templated":true}]}}