
{"id":180,"date":"2025-08-12T15:47:09","date_gmt":"2025-08-12T18:47:09","guid":{"rendered":"http:\/\/143.107.61.17\/hracsite\/?page_id=180"},"modified":"2025-08-12T15:47:57","modified_gmt":"2025-08-12T18:47:57","slug":"numeros","status":"publish","type":"page","link":"https:\/\/hrac.usp.br\/en\/institucional\/numeros\/","title":{"rendered":"Numbers"},"content":{"rendered":"<p class=\"qtranxs-available-languages-message qtranxs-available-languages-message-en\">Sorry, this entry is only available in <a href=\"https:\/\/hrac.usp.br\/pb\/wp-json\/wp\/v2\/pages\/180\" class=\"qtranxs-available-language-link qtranxs-available-language-link-pb\" title=\"Portugu\u00eas do Brasil\">Portugu\u00eas do Brasil<\/a>.<\/p><p><span style=\"color: #000000\">Anualmente, a Universidade de S\u00e3o Paulo compila todos os dados de cada unidade que comp\u00f5e o grande complexo que \u00e9 a USP. Todos os\u00a0dados s\u00e3o reunidos em uma \u00fanica publica\u00e7\u00e3o, o <a style=\"color: #000000\" href=\"http:\/\/uspdigital.usp.br\/anuario\/AnuarioControle\" target=\"_blank\" rel=\"noopener noreferrer\"><strong>Anu\u00e1rio Estat\u00edstico da USP<\/strong><\/a>, e est\u00e3o dispon\u00edveis para consulta dos interessados.<\/span><\/p>\n<p><span style=\"color: #000000\">As informa\u00e7\u00f5es est\u00e3o distribu\u00eddas em diversos itens. Em todos os itens h\u00e1 informa\u00e7\u00f5es do HRAC, assim como de todas as Unidades. No item <strong>&#8220;9 &#8211; Atendimento \u00e0 Comunidade &#8211; Presta\u00e7\u00e3o de Servi\u00e7os&#8221;<\/strong>,\u00a0encontra-se tabela com dados de <strong>atividades do HRAC (Tabela 9.13).<\/strong><\/span><\/p>\n<p><span style=\"color: #000000\"><strong>Acesse\u00a0o<\/strong> \u00a0<strong><a style=\"color: #000000\" href=\"http:\/\/uspdigital.usp.br\/anuario\/AnuarioControle\" target=\"_blank\" rel=\"noopener noreferrer\"><span style=\"color: #008080\">ANU\u00c1RIO ESTAT\u00cdSTICO DA USP<\/span><\/a>.<\/strong><\/span><\/p>\n<p>&nbsp;<\/p>\n<p><span style=\"font-size: 16px\"><strong><span style=\"color: #000000\">Outras publica\u00e7\u00f5es:<\/span><\/strong><\/span><\/p>\n<ul>\n<li><a href=\"https:\/\/hrac.usp.br\/wp-content\/uploads\/2025\/08\/relatorio_hrac_2024.pdf\" target=\"_blank\" rel=\"noopener\">Relat\u00f3rio Anual de Atividades 2024<\/a><\/li>\n<li><a href=\"https:\/\/hrac.usp.br\/wp-content\/uploads\/2024\/03\/relatorio_anual_hrac_2023.pdf\" target=\"_blank\" rel=\"noopener\">Relat\u00f3rio Anual de Atividades 2023<\/a><\/li>\n<li><a href=\"https:\/\/hrac.usp.br\/wp-content\/uploads\/2023\/04\/relatorio_hrac_2022.pdf\" target=\"_blank\" rel=\"noopener noreferrer\">Relat\u00f3rio Anual de Atividades 2022<\/a>\u00a0<\/li>\n<li><a href=\"https:\/\/hrac.usp.br\/wp-content\/uploads\/2022\/04\/relatorio_hrac_2021.pdf\" target=\"_blank\" rel=\"noopener noreferrer\">Relat\u00f3rio Anual de Atividades 2021<\/a>\u00a0<\/li>\n<li><a href=\"https:\/\/hrac.usp.br\/wp-content\/uploads\/2021\/04\/relatorio-hrac-2020.pdf\" target=\"_blank\" rel=\"noopener noreferrer\">Relat\u00f3rio Anual de Atividades 2020<\/a>\u00a0<\/li>\n<li><a href=\"https:\/\/hrac.usp.br\/wp-content\/uploads\/2020\/04\/relatorio_hrac_2019.pdf\" target=\"_blank\" rel=\"noopener noreferrer\">Relat\u00f3rio Anual de Atividades 2019<\/a>\u00a0<\/li>\n<li><a href=\"https:\/\/hrac.usp.br\/wp-content\/uploads\/2019\/06\/relatorio_hrac_2018.pdf\" target=\"_blank\" rel=\"noopener noreferrer\">Relat\u00f3rio Anual de Atividades 2018<\/a>\u00a0<\/li>\n<li><a href=\"https:\/\/hrac.usp.br\/wp-content\/uploads\/2018\/04\/relatorio_hrac_2017.pdf\" target=\"_blank\" rel=\"noopener noreferrer\">Relat\u00f3rio Anual de Atividades 2017<\/a>\u00a0<\/li>\n<li><a href=\"https:\/\/hrac.usp.br\/wp-content\/uploads\/2017\/04\/relatorio_hrac_2016.pdf\" target=\"_blank\" rel=\"noopener noreferrer\">Relat\u00f3rio Anual de Atividades 2016<\/a>\u00a0<\/li>\n<li><a href=\"https:\/\/hrac.usp.br\/wp-content\/uploads\/2023\/05\/relatorio_hrac_2015.pdf\" target=\"_blank\" rel=\"noopener noreferrer\">Relat\u00f3rio Anual de Atividades 2015<\/a>\u00a0<\/li>\n<li><a href=\"https:\/\/hrac.usp.br\/wp-content\/uploads\/2023\/05\/relatorio_hrac_2014.pdf\" target=\"_blank\" rel=\"noopener noreferrer\">Relat\u00f3rio Anual de Atividades 2014<\/a>\u00a0<\/li>\n<li><a href=\"https:\/\/hrac.usp.br\/wp-content\/uploads\/2023\/05\/relatorio_hrac_2013.pdf\" target=\"_blank\" rel=\"noopener noreferrer\">Relat\u00f3rio Anual de Atividades 2013<\/a>\u00a0<\/li>\n<li><a href=\"https:\/\/hrac.usp.br\/wp-content\/uploads\/2023\/05\/relatorio_hrac_2012.pdf\" target=\"_blank\" rel=\"noopener noreferrer\">Relat\u00f3rio Anual de Atividades 2012<\/a>\u00a0<\/li>\n<li><a href=\"https:\/\/hrac.usp.br\/wp-content\/uploads\/2023\/05\/relatorio_hrac_2011.pdf\" target=\"_blank\" rel=\"noopener noreferrer\">Relat\u00f3rio Anual de Atividades 2011<\/a>\u00a0<\/li>\n<li><a href=\"https:\/\/hrac.usp.br\/wp-content\/uploads\/2023\/05\/relatorio_hrac_2010.pdf\" target=\"_blank\" rel=\"noopener noreferrer\">Relat\u00f3rio Anual de Atividades 2010<\/a>\u00a0<\/li>\n<\/ul>\n<p>&nbsp;<\/p>","protected":false},"excerpt":{"rendered":"<p>Sorry, this entry is only available in Portugu\u00eas do Brasil.Anualmente, a Universidade de S\u00e3o Paulo compila todos os dados de<\/p>\n","protected":false},"author":2,"featured_media":0,"parent":143,"menu_order":8,"comment_status":"closed","ping_status":"closed","template":"","meta":{"colormag_page_container_layout":"default_layout","colormag_page_sidebar_layout":"default_layout","footnotes":"","_links_to":"","_links_to_target":""},"class_list":["post-180","page","type-page","status-publish","hentry"],"_links":{"self":[{"href":"https:\/\/hrac.usp.br\/en\/wp-json\/wp\/v2\/pages\/180","targetHints":{"allow":["GET"]}}],"collection":[{"href":"https:\/\/hrac.usp.br\/en\/wp-json\/wp\/v2\/pages"}],"about":[{"href":"https:\/\/hrac.usp.br\/en\/wp-json\/wp\/v2\/types\/page"}],"author":[{"embeddable":true,"href":"https:\/\/hrac.usp.br\/en\/wp-json\/wp\/v2\/users\/2"}],"replies":[{"embeddable":true,"href":"https:\/\/hrac.usp.br\/en\/wp-json\/wp\/v2\/comments?post=180"}],"version-history":[{"count":10,"href":"https:\/\/hrac.usp.br\/en\/wp-json\/wp\/v2\/pages\/180\/revisions"}],"predecessor-version":[{"id":49769,"href":"https:\/\/hrac.usp.br\/en\/wp-json\/wp\/v2\/pages\/180\/revisions\/49769"}],"up":[{"embeddable":true,"href":"https:\/\/hrac.usp.br\/en\/wp-json\/wp\/v2\/pages\/143"}],"wp:attachment":[{"href":"https:\/\/hrac.usp.br\/en\/wp-json\/wp\/v2\/media?parent=180"}],"curies":[{"name":"wp","href":"https:\/\/api.w.org\/{rel}","templated":true}]}}