
{"id":176,"date":"2023-01-05T17:35:11","date_gmt":"2023-01-05T20:35:11","guid":{"rendered":"http:\/\/143.107.61.17\/hracsite\/?page_id=176"},"modified":"2023-01-05T17:35:41","modified_gmt":"2023-01-05T20:35:41","slug":"instalacoes","status":"publish","type":"page","link":"https:\/\/hrac.usp.br\/en\/institucional\/instalacoes\/","title":{"rendered":"Instala\u00e7\u00f5es"},"content":{"rendered":"<p class=\"qtranxs-available-languages-message qtranxs-available-languages-message-en\">Sorry, this entry is only available in <a href=\"https:\/\/hrac.usp.br\/pb\/wp-json\/wp\/v2\/pages\/176\" class=\"qtranxs-available-language-link qtranxs-available-language-link-pb\" title=\"Portugu\u00eas do Brasil\">Portugu\u00eas do Brasil<\/a>.<\/p><p>&nbsp;<\/p>\n<p>O <strong>HRAC<\/strong>\u00a0est\u00e1 localizado no <a href=\"http:\/\/www.bauru.usp.br\/\" target=\"_blank\" rel=\"noopener noreferrer\">campus de Bauru da Universidade de S\u00e3o Paulo<\/a>, Vila Universit\u00e1ria, onde tamb\u00e9m funciona a <a href=\"http:\/\/www.fob.usp.br\/\" target=\"_blank\" rel=\"noopener noreferrer\">Faculdade de Odontologia de Bauru (FOB)<\/a> e a <a href=\"http:\/\/www.ccb.usp.br\/\" target=\"_blank\" rel=\"noopener noreferrer\">Prefeitura do Campus Administrativo de Bauru (PUSP-B)<\/a>.<\/p>\n<p>O Hospital \u00e9 dividido em diversas \u00e1reas e unidades que somam, ao todo, 31.533 m<sup>2<\/sup> de \u00e1rea constru\u00edda.<strong><br \/>\nConhe\u00e7a mais o complexo:<\/strong><\/p>\n<figure id=\"attachment_2811\" aria-describedby=\"caption-attachment-2811\" style=\"width: 661px\" class=\"wp-caption alignnone\"><a href=\"https:\/\/hrac.usp.br\/wp-content\/uploads\/2016\/04\/mapa_aereo_hrac.jpg\"><img loading=\"lazy\" decoding=\"async\" class=\"wp-image-2811\" src=\"https:\/\/hrac.usp.br\/wp-content\/uploads\/2016\/04\/mapa_aereo_hrac.jpg\" alt=\"Clique para expandir a visualiza\u00e7\u00e3o do mapa atual do HRAC\/USP.\" width=\"661\" height=\"328\" \/><\/a><figcaption id=\"caption-attachment-2811\" class=\"wp-caption-text\"><span style=\"color: #000000;\">O mapa atual do HRAC-USP (clique para expandir a visualiza\u00e7\u00e3o).<\/span><\/figcaption><\/figure>\n<p><span style=\"font-size: 12px;\">A = Ambulat\u00f3rios, recep\u00e7\u00e3o (piso inferior); ambulat\u00f3rios e salas de aula (piso superior)<\/span><br \/>\n<span style=\"font-size: 12px;\">B = Centro cir\u00fargico, pr\u00e9-operat\u00f3rio e p\u00f3s-operat\u00f3rio<\/span><br \/>\n<span style=\"font-size: 12px;\">C = Interna\u00e7\u00e3o<\/span><br \/>\n<span style=\"font-size: 12px;\">D = Portaria de funcion\u00e1rios<\/span><br \/>\n<span style=\"font-size: 12px;\">E = Finan\u00e7as, Compras<\/span><br \/>\n<span style=\"font-size: 12px;\">F = Laborat\u00f3rio NECS (N\u00facleo de Educa\u00e7\u00e3o e Capacita\u00e7\u00e3o em Sa\u00fade)<\/span><br \/>\n<span style=\"font-size: 12px;\">G = Nutri\u00e7\u00e3o, Se\u00e7\u00e3o de Pessoal<\/span><br \/>\n<span style=\"font-size: 12px;\">H = Superintend\u00eancia<\/span><br \/>\n<span style=\"font-size: 12px;\">I = Lavanderia<\/span><br \/>\n<span style=\"font-size: 12px;\">J = Divis\u00e3o de Odontologia<\/span><br \/>\n<span style=\"font-size: 12px;\">K = Educa\u00e7\u00e3o e Recrea\u00e7\u00e3o<\/span><br \/>\n<span style=\"font-size: 12px;\">L = Manuten\u00e7\u00e3o<\/span><br \/>\n<span style=\"font-size: 12px;\">M = Unidade 2 (Divis\u00e3o de Sa\u00fade Aditiva, Implante coclear &#8211; CPA, Pr\u00f3tese de palato, Laborat\u00f3rios de Gen\u00e9tica, Ouvidoria)<\/span><br \/>\n<span style=\"font-size: 12px;\"><strong>N = Entrada para\u00a0PACIENTES<\/strong><\/span><\/p>\n<p>&nbsp;<\/p>\n<p><strong>Endere\u00e7o completo:<\/strong><\/p>\n<p><span style=\"color: #000000;\">Rua S\u00edlvio Marchione, 3-20 \u2022 Vila Nova Cidade Universit\u00e1ria \u2022 Cep: 17.012-900 \u2022 Bauru-SP<\/span><\/p>\n<p><strong>Como chegar:<\/strong><\/p>\n<p><iframe loading=\"lazy\" style=\"border: 0;\" src=\"http:\/\/www.google.com\/maps\/embed?pb=!1m14!1m8!1m3!1d3690.53040193323!2d-49.059914!3d-22.333593!3m2!1i1024!2i768!4f13.1!3m3!1m2!1s0x94bf67737117ead3%3A0x71cecd64c6e99f59!2sHospital+de+Reabilita%C3%A7%C3%A3o+de+Anomalias+Craniofaciais+da+Universidade+de+S%C3%A3o+Paulo!5e0!3m2!1spt-BR!2sbr!4v1460465273402\" width=\"600\" height=\"450\" frameborder=\"0\" allowfullscreen=\"allowfullscreen\"><\/iframe><\/p>\n<p>&nbsp;<\/p>","protected":false},"excerpt":{"rendered":"<p>Sorry, this entry is only available in Portugu\u00eas do Brasil.&nbsp; O HRAC\u00a0est\u00e1 localizado no campus de Bauru da Universidade de<\/p>\n","protected":false},"author":13,"featured_media":0,"parent":143,"menu_order":4,"comment_status":"closed","ping_status":"closed","template":"","meta":{"colormag_page_container_layout":"default_layout","colormag_page_sidebar_layout":"default_layout","footnotes":"","_links_to":"","_links_to_target":""},"class_list":["post-176","page","type-page","status-publish","hentry"],"_links":{"self":[{"href":"https:\/\/hrac.usp.br\/en\/wp-json\/wp\/v2\/pages\/176","targetHints":{"allow":["GET"]}}],"collection":[{"href":"https:\/\/hrac.usp.br\/en\/wp-json\/wp\/v2\/pages"}],"about":[{"href":"https:\/\/hrac.usp.br\/en\/wp-json\/wp\/v2\/types\/page"}],"author":[{"embeddable":true,"href":"https:\/\/hrac.usp.br\/en\/wp-json\/wp\/v2\/users\/13"}],"replies":[{"embeddable":true,"href":"https:\/\/hrac.usp.br\/en\/wp-json\/wp\/v2\/comments?post=176"}],"version-history":[{"count":3,"href":"https:\/\/hrac.usp.br\/en\/wp-json\/wp\/v2\/pages\/176\/revisions"}],"predecessor-version":[{"id":36140,"href":"https:\/\/hrac.usp.br\/en\/wp-json\/wp\/v2\/pages\/176\/revisions\/36140"}],"up":[{"embeddable":true,"href":"https:\/\/hrac.usp.br\/en\/wp-json\/wp\/v2\/pages\/143"}],"wp:attachment":[{"href":"https:\/\/hrac.usp.br\/en\/wp-json\/wp\/v2\/media?parent=176"}],"curies":[{"name":"wp","href":"https:\/\/api.w.org\/{rel}","templated":true}]}}